{"id":605,"date":"2021-09-16T22:36:15","date_gmt":"2021-09-16T20:36:15","guid":{"rendered":"http:\/\/test.artus.com.pl\/?page_id=605"},"modified":"2025-08-14T10:05:32","modified_gmt":"2025-08-14T08:05:32","slug":"narzedzia-pneumatyczne","status":"publish","type":"page","link":"https:\/\/artus.com.pl\/en\/produkty\/narzedzia-pneumatyczne\/","title":{"rendered":"Pneumatic tools"},"content":{"rendered":"<div class=\"alignwide wp-block-ugb-feature ugb-feature ugb-77b32ce ugb-feature--v2 ugb-feature--design-basic ugb-feature--invert ugb-main-block\"><style>.ugb-77b32ce .ugb-button .ugb-button--inner{color:var(--theme-palette-color-1,#f4c916) !important}.ugb-77b32ce .ugb-button{border-color:var(--theme-palette-color-1,#f4c916) !important}.ugb-77b32ce .ugb-button:hover{background-color:var(--theme-palette-color-1,#f4c916) !important;opacity:1}.ugb-77b32ce .ugb-button:hover .ugb-button--inner{color:var(--theme-palette-color-4,#ffffff) !important}.ugb-77b32ce .ugb-button:before{content:\"\";background-image:linear-gradient(90deg,var(--theme-palette-color-1,#f4c916),var(--theme-palette-color-1,#f4c916))}.ugb-77b32ce .ugb-inner-block{text-align:left}<\/style><div class=\"ugb-inner-block\"><div class=\"ugb-block-content\"><div class=\"ugb-feature__item\"><div class=\"ugb-feature__content\"><h2 class=\"ugb-feature__title\">Buffers<\/h2><p class=\"ugb-feature__description\">A pneumatic grinder is an essential tool in any tire service. Its high rotational speed of 20,000 rpm can be used with mechanical cutters for damage processing (cutting torn carcasses). Due to the practical drill chuck handle, the grinder can work with various accessories, such as wire brushes for cleaning rusted rims or drill bits with a maximum shank diameter of 10 mm.<\/p><div class=\"ugb-button-container\"><a class=\"ugb-button ugb-button--size-normal ugb-button--ghost-to-normal-effect ugb-button--design-ghost\" href=\"https:\/\/dlaserwisu.pl\/eng_m_Tools-Accessories_Power-Tools-Accessories_Buffers-201.html\" target=\"_blank\" rel=\"noopener noreferrer\" title=\"\"><span class=\"ugb-button--inner\">Order online<\/span><\/a><\/div><\/div><div class=\"ugb-feature__image-side\"><img loading=\"lazy\" decoding=\"async\" width=\"300\" height=\"127\" class=\"ugb-feature__image ugb-img wp-image-1712 ugb-image--shape-stretch\" src=\"https:\/\/artus.com.pl\/wp-content\/uploads\/2021\/09\/Szlifierki-300x127.webp\" alt=\"\" title=\"\" srcset=\"https:\/\/artus.com.pl\/wp-content\/uploads\/2021\/09\/Szlifierki-300x127.webp 300w, https:\/\/artus.com.pl\/wp-content\/uploads\/2021\/09\/Szlifierki-1024x434.webp 1024w, https:\/\/artus.com.pl\/wp-content\/uploads\/2021\/09\/Szlifierki-768x326.webp 768w, https:\/\/artus.com.pl\/wp-content\/uploads\/2021\/09\/Szlifierki.webp 1200w\" sizes=\"auto, (max-width: 300px) 100vw, 300px\" \/><\/div><\/div><\/div><\/div><\/div>\n\n\n\n<div class=\"alignwide wp-block-ugb-feature ugb-feature ugb-4e57f62 ugb-feature--v2 ugb-feature--design-basic ugb-main-block\"><style>.ugb-4e57f62 .ugb-button .ugb-button--inner{color:var(--theme-palette-color-1,#f4c916) !important}.ugb-4e57f62 .ugb-button{border-color:var(--theme-palette-color-1,#f4c916) !important}.ugb-4e57f62 .ugb-button:hover{background-color:var(--theme-palette-color-1,#f4c916) !important;opacity:1}.ugb-4e57f62 .ugb-button:hover .ugb-button--inner{color:var(--theme-palette-color-4,#ffffff) !important}.ugb-4e57f62 .ugb-button:before{content:\"\";background-image:linear-gradient(90deg,var(--theme-palette-color-1,#f4c916),var(--theme-palette-color-1,#f4c916))}.ugb-4e57f62 .ugb-inner-block{text-align:left}<\/style><div class=\"ugb-inner-block\"><div class=\"ugb-block-content\"><div class=\"ugb-feature__item\"><div class=\"ugb-feature__content\"><h2 class=\"ugb-feature__title\">Abrasive Rings<\/h2><p class=\"ugb-feature__description\">Abrasive rings (grinding rings) are designed to work in hard-to-reach places. The smaller the diameter of the grinding ring, the greater the possibility of reaching inaccessible areas. To properly mount the abrasive ring in the tool, use the short abrasive spindle 14-324S. There is also the option of mounting two connected-edge abrasive rings on one long abrasive spindle 14-324 to create a double abrasive ring (with such a tool, you can process a larger amount of material more quickly).<\/p><div class=\"ugb-button-container\"><a class=\"ugb-button ugb-button--size-normal ugb-button--ghost-to-normal-effect ugb-button--design-ghost\" href=\"https:\/\/dlaserwisu.pl\/eng_m_Tools-Accessories_Power-Tools-Accessories-164.html\" target=\"_blank\" rel=\"noopener noreferrer\" title=\"\"><span class=\"ugb-button--inner\">Order online<\/span><\/a><\/div><\/div><div class=\"ugb-feature__image-side\"><img loading=\"lazy\" decoding=\"async\" width=\"300\" height=\"161\" class=\"ugb-feature__image ugb-img wp-image-1717 ugb-image--shape-stretch\" src=\"https:\/\/artus.com.pl\/wp-content\/uploads\/2021\/09\/Sciernice-300x161.webp\" alt=\"\" title=\"\" srcset=\"https:\/\/artus.com.pl\/wp-content\/uploads\/2021\/09\/Sciernice-300x161.webp 300w, https:\/\/artus.com.pl\/wp-content\/uploads\/2021\/09\/Sciernice-1024x550.webp 1024w, https:\/\/artus.com.pl\/wp-content\/uploads\/2021\/09\/Sciernice-768x412.webp 768w, https:\/\/artus.com.pl\/wp-content\/uploads\/2021\/09\/Sciernice.webp 1200w\" sizes=\"auto, (max-width: 300px) 100vw, 300px\" \/><\/div><\/div><\/div><\/div><\/div>\n\n\n\n<div class=\"alignwide wp-block-ugb-feature ugb-feature ugb-321af6d ugb-feature--v2 ugb-feature--design-basic ugb-feature--invert ugb-main-block\"><style>.ugb-321af6d .ugb-button .ugb-button--inner{color:var(--theme-palette-color-1,#f4c916) !important}.ugb-321af6d .ugb-button{border-color:var(--theme-palette-color-1,#f4c916) !important}.ugb-321af6d .ugb-button:hover{background-color:var(--theme-palette-color-1,#f4c916) !important;opacity:1}.ugb-321af6d .ugb-button:hover .ugb-button--inner{color:var(--theme-palette-color-4,#ffffff) !important}.ugb-321af6d .ugb-button:before{content:\"\";background-image:linear-gradient(90deg,var(--theme-palette-color-1,#f4c916),var(--theme-palette-color-1,#f4c916))}.ugb-321af6d .ugb-inner-block{text-align:left}@media screen and (min-width:768px){.ugb-321af6d .ugb-img{width:30px;height:auto !important}}<\/style><div class=\"ugb-inner-block\"><div class=\"ugb-block-content\"><div class=\"ugb-feature__item\"><div class=\"ugb-feature__content\"><h2 class=\"ugb-feature__title\">Carbide Cutters<\/h2><p class=\"ugb-feature__description\">The low-speed mechanical cutter (up to 1200 rpm) is used for processing damage in rubber. Performing this operation is essential for the correct tire repair because only a properly processed hole will not cause further damage in the repaired area or cracking of the repair insert. The cutter can work with low-speed grinders available in our auctions with a drill chuck or quick-release handle (after purchasing the appropriate quick-release adapter for cutters).<\/p><div class=\"ugb-button-container\"><a class=\"ugb-button ugb-button--size-normal ugb-button--ghost-to-normal-effect ugb-button--design-ghost\" href=\"https:\/\/dlaserwisu.pl\/eng_m_Tools-Accessories_Power-Tools-Accessories_Carbide-Cutters-203.html\" target=\"_blank\" rel=\"noopener noreferrer\" title=\"\"><span class=\"ugb-button--inner\">Order online<\/span><\/a><\/div><\/div><div class=\"ugb-feature__image-side\"><img decoding=\"async\" class=\"ugb-feature__image ugb-img wp-image-1721 ugb-image--shape-stretch\" src=\"https:\/\/artus.com.pl\/wp-content\/uploads\/2021\/09\/Frezy-1-30x300.webp\" alt=\"\" title=\"\" height=\"300\" srcset=\"https:\/\/artus.com.pl\/wp-content\/uploads\/2021\/09\/Frezy-1-30x300.webp 30w, https:\/\/artus.com.pl\/wp-content\/uploads\/2021\/09\/Frezy-1-102x1024.webp 102w\" sizes=\"(max-width: 30px) 100vw, 30px\" \/><\/div><\/div><\/div><\/div><\/div>\n\n\n\n<div class=\"alignwide wp-block-ugb-feature ugb-feature ugb-f16df0e ugb-feature--v2 ugb-feature--design-basic ugb-main-block\"><style>.ugb-f16df0e .ugb-button .ugb-button--inner{color:var(--theme-palette-color-1,#f4c916) !important}.ugb-f16df0e .ugb-button{border-color:var(--theme-palette-color-1,#f4c916) !important}.ugb-f16df0e .ugb-button:hover{background-color:var(--theme-palette-color-1,#f4c916) !important;opacity:1}.ugb-f16df0e .ugb-button:hover .ugb-button--inner{color:var(--theme-palette-color-4,#ffffff) !important}.ugb-f16df0e .ugb-button:before{content:\"\";background-image:linear-gradient(90deg,var(--theme-palette-color-1,#f4c916),var(--theme-palette-color-1,#f4c916))}.ugb-f16df0e .ugb-inner-block{text-align:left}<\/style><div class=\"ugb-inner-block\"><div class=\"ugb-block-content\"><div class=\"ugb-feature__item\"><div class=\"ugb-feature__content\"><h2 class=\"ugb-feature__title\">Spindles<\/h2><p class=\"ugb-feature__description\">Designed for grinders with a drill chuck handle. They are characterized by high quality. They are blackened, which gives them increased resistance to rusting.<br>You can easily and quickly connect the abrasive ring mounted on the spindle to the grinder. This greatly speeds up the work with the device.<\/p><div class=\"ugb-button-container\"><a class=\"ugb-button ugb-button--size-normal ugb-button--ghost-to-normal-effect ugb-button--design-ghost\" href=\"https:\/\/dlaserwisu.pl\/eng_m_Tools-Accessories_Power-Tools-Accessories_Stones-206.html\" target=\"_blank\" rel=\"noopener noreferrer\" title=\"\"><span class=\"ugb-button--inner\">Order online<\/span><\/a><\/div><\/div><div class=\"ugb-feature__image-side\"><img loading=\"lazy\" decoding=\"async\" width=\"300\" height=\"300\" class=\"ugb-feature__image ugb-img wp-image-1724 ugb-image--shape-stretch\" src=\"https:\/\/artus.com.pl\/wp-content\/uploads\/2021\/09\/Trzpienie-300x300.webp\" alt=\"\" title=\"\" srcset=\"https:\/\/artus.com.pl\/wp-content\/uploads\/2021\/09\/Trzpienie-300x300.webp 300w, https:\/\/artus.com.pl\/wp-content\/uploads\/2021\/09\/Trzpienie-1024x1024.webp 1024w, https:\/\/artus.com.pl\/wp-content\/uploads\/2021\/09\/Trzpienie-150x150.webp 150w, https:\/\/artus.com.pl\/wp-content\/uploads\/2021\/09\/Trzpienie-768x768.webp 768w, https:\/\/artus.com.pl\/wp-content\/uploads\/2021\/09\/Trzpienie.webp 1200w\" sizes=\"auto, (max-width: 300px) 100vw, 300px\" \/><\/div><\/div><\/div><\/div><\/div>\n\n\n\n<div class=\"alignwide wp-block-ugb-feature ugb-feature ugb-9995b35 ugb-feature--v2 ugb-feature--design-basic ugb-feature--invert ugb-main-block\"><style>.ugb-9995b35 .ugb-button .ugb-button--inner{color:var(--theme-palette-color-1,#f4c916) !important}.ugb-9995b35 .ugb-button{border-color:var(--theme-palette-color-1,#f4c916) !important}.ugb-9995b35 .ugb-button:hover{background-color:var(--theme-palette-color-1,#f4c916) !important;opacity:1}.ugb-9995b35 .ugb-button:hover .ugb-button--inner{color:var(--theme-palette-color-4,#ffffff) !important}.ugb-9995b35 .ugb-button:before{content:\"\";background-image:linear-gradient(90deg,var(--theme-palette-color-1,#f4c916),var(--theme-palette-color-1,#f4c916))}.ugb-9995b35 .ugb-inner-block{text-align:left}@media screen and (min-width:768px){.ugb-9995b35 .ugb-img{width:77px;height:auto !important}}<\/style><div class=\"ugb-inner-block\"><div class=\"ugb-block-content\"><div class=\"ugb-feature__item\"><div class=\"ugb-feature__content\"><h2 class=\"ugb-feature__title\">Adapters<\/h2><p class=\"ugb-feature__description\">The adapter is designed for a grinder with a quick-release handle 14-319 LSQ, available on our website. You can easily and quickly connect the handle with the mounted cutter to the grinder with a quick-release handle. The cutter in the adapter is clamped using an Allen key.<\/p><div class=\"ugb-button-container\"><a class=\"ugb-button ugb-button--size-normal ugb-button--ghost-to-normal-effect ugb-button--design-ghost\" href=\"https:\/\/dlaserwisu.pl\/eng_m_Tools-Accessories_Power-Tools-Accessories_Stones-206.html\" target=\"_blank\" rel=\"noopener noreferrer\" title=\"\"><span class=\"ugb-button--inner\">Order online<\/span><\/a><\/div><\/div><div class=\"ugb-feature__image-side\"><img decoding=\"async\" class=\"ugb-feature__image ugb-img wp-image-1727 ugb-image--shape-stretch\" src=\"https:\/\/artus.com.pl\/wp-content\/uploads\/2021\/09\/Adaptery-77x300.webp\" alt=\"\" title=\"\" height=\"300\" srcset=\"https:\/\/artus.com.pl\/wp-content\/uploads\/2021\/09\/Adaptery-77x300.webp 77w, https:\/\/artus.com.pl\/wp-content\/uploads\/2021\/09\/Adaptery-262x1024.webp 262w, https:\/\/artus.com.pl\/wp-content\/uploads\/2021\/09\/Adaptery.webp 307w\" sizes=\"(max-width: 77px) 100vw, 77px\" \/><\/div><\/div><\/div><\/div><\/div>\n\n\n\n<div class=\"alignwide wp-block-ugb-feature ugb-feature ugb-e6cd023 ugb-feature--v2 ugb-feature--design-basic ugb-main-block\"><style>.ugb-e6cd023 .ugb-button .ugb-button--inner{color:var(--theme-palette-color-1,#f4c916) !important}.ugb-e6cd023 .ugb-button{border-color:var(--theme-palette-color-1,#f4c916) !important}.ugb-e6cd023 .ugb-button:hover{background-color:var(--theme-palette-color-1,#f4c916) !important;opacity:1}.ugb-e6cd023 .ugb-button:hover .ugb-button--inner{color:var(--theme-palette-color-4,#ffffff) !important}.ugb-e6cd023 .ugb-button:before{content:\"\";background-image:linear-gradient(90deg,var(--theme-palette-color-1,#f4c916),var(--theme-palette-color-1,#f4c916))}.ugb-e6cd023 .ugb-inner-block{text-align:left}@media screen and (min-width:768px){.ugb-e6cd023 .ugb-img{width:259px;height:auto !important}}<\/style><div class=\"ugb-inner-block\"><div class=\"ugb-block-content\"><div class=\"ugb-feature__item\"><div class=\"ugb-feature__content\"><h2 class=\"ugb-feature__title\">Thread Cleaning Brushes<\/h2><p class=\"ugb-feature__description\">Brushes with dense metal bristles allow for quick and very thorough cleaning of pin threads. Thanks to the simple mounting method on a grinder, even the most dirty pins can look like new in a matter of moments. A wide range of brushes allows you to adjust the brush width to many types of threads.<\/p><div class=\"ugb-button-container\"><a class=\"ugb-button ugb-button--size-normal ugb-button--ghost-to-normal-effect ugb-button--design-ghost\" href=\"https:\/\/dlaserwisu.pl\/eng_m_Tools-Accessories_Power-Tools-Accessories_Adapters-199.html\" target=\"_blank\" rel=\"noopener noreferrer\" title=\"\"><span class=\"ugb-button--inner\">Order online<\/span><\/a><\/div><\/div><div class=\"ugb-feature__image-side\"><img decoding=\"async\" class=\"ugb-feature__image ugb-img wp-image-1730 ugb-image--shape-stretch\" src=\"https:\/\/artus.com.pl\/wp-content\/uploads\/2021\/09\/Szczotki-do-czyszczenia-gwintow-szpilek-259x300.webp\" alt=\"\" title=\"\" height=\"300\" srcset=\"https:\/\/artus.com.pl\/wp-content\/uploads\/2021\/09\/Szczotki-do-czyszczenia-gwintow-szpilek-259x300.webp 259w, https:\/\/artus.com.pl\/wp-content\/uploads\/2021\/09\/Szczotki-do-czyszczenia-gwintow-szpilek-883x1024.webp 883w, https:\/\/artus.com.pl\/wp-content\/uploads\/2021\/09\/Szczotki-do-czyszczenia-gwintow-szpilek-768x890.webp 768w, https:\/\/artus.com.pl\/wp-content\/uploads\/2021\/09\/Szczotki-do-czyszczenia-gwintow-szpilek.webp 1035w\" sizes=\"(max-width: 259px) 100vw, 259px\" \/><\/div><\/div><\/div><\/div><\/div>","protected":false},"excerpt":{"rendered":"<p>Szlifierki Szlifierka pneumatyczna jest narz\u0119dziem niezb\u0119dnym w ka\u017cdej wulkanizacji. Wysok\u0105 pr\u0119dko\u015b\u0107 obrotow\u0105 20000 obr\/min mo\u017cna wykorzysta\u0107 przy pracy z frezami mechanicznymi do obr\u00f3bki uszkodzenia (wycinania zerwanej osnowy). Ze wzgl\u0119du na praktyczny uchwyt wiertarski szlifierka mo\u017ce wsp\u00f3\u0142pracowa\u0107 z wieloma akcesoriami np. \u015bciernicami szczotkowymi do oczyszczania zardzewia\u0142ych obr\u0119czy czy wiert\u0142ami o maksymalnej \u015brednicy trzpienia 10mm. Zam\u00f3w w [&hellip;]<\/p>\n","protected":false},"author":2,"featured_media":0,"parent":877,"menu_order":0,"comment_status":"closed","ping_status":"closed","template":"","meta":{"_seopress_robots_primary_cat":"","_seopress_titles_title":"Narz\u0119dzia pneumatyczne \u2013 oferta Artus sp. z o.o.","_seopress_titles_desc":"Profesjonalne narz\u0119dzia pneumatyczne dla serwis\u00f3w oponiarskich i warsztat\u00f3w. Wysoka jako\u015b\u0107, trwa\u0142o\u015b\u0107 i niezawodno\u015b\u0107 w codziennej pracy. Sprawd\u017a ofert\u0119 Artus.","_seopress_robots_index":"","_uag_custom_page_level_css":"","_vp_format_video_url":"","_vp_image_focal_point":[],"footnotes":""},"class_list":["post-605","page","type-page","status-publish","hentry"],"blocksy_meta":{"page_title_panel":"","has_hero_section":"enabled","78e7ae5758a89ca2c2f23d5898d7bcfb":"","hero_section":"type-2","hero_elements":[{"id":"custom_title","enabled":true,"heading_tag":"h1","title":"Home"},{"id":"custom_description","enabled":true,"description_visibility":{"desktop":true,"tablet":true,"mobile":false}},{"id":"custom_meta","enabled":false,"meta_elements":[{"id":"author","enabled":true,"label":"By","has_author_avatar":"yes","avatar_size":25},{"id":"post_date","enabled":true,"label":"On","date_format_source":"default","date_format":"M j, Y"},{"id":"updated_date","enabled":false,"label":"On","date_format_source":"default","date_format":"M j, Y"},{"id":"categories","enabled":false,"label":"In","style":"simple"},{"id":"comments","enabled":true}],"page_meta_elements":{"joined":true,"articles_count":true,"comments":true}},{"id":"breadcrumbs","enabled":false}],"0b932199adee5d4e226684abad611a14":"","hero_alignment1":"CT_CSS_SKIP_RULE","hero_margin":40,"hero_alignment2":"center","hero_vertical_alignment":"center","952d9041dff37c125c15eabfb77f60e1":"","hero_structure":"narrow","ff05feb4bf7999e18ebc3763a2c49e34":"","page_title_bg_type":"featured_image","custom_hero_background":{"attachment_id":null},"parallax":{"desktop":false,"tablet":false,"mobile":false},"18a4e577f0aae6f2cfe4ced26381f0d3":"","hero_height":"250px","pageTitleFont":{"family":"Teko","variation":"n7","size":{"desktop":"50px","tablet":"30px","mobile":"25px","__changed":[]},"line-height":"CT_CSS_SKIP_RULE","letter-spacing":"CT_CSS_SKIP_RULE","text-transform":"uppercase","text-decoration":"CT_CSS_SKIP_RULE"},"pageTitleFontColor":{"default":{"color":"var(--theme-palette-color-4)"}},"pageMetaFont":{"family":"Default","variation":"n6","size":"12px","line-height":"1.3","letter-spacing":"CT_CSS_SKIP_RULE","text-transform":"uppercase","text-decoration":"CT_CSS_SKIP_RULE"},"pageMetaFontColor":{"default":{"color":"CT_CSS_SKIP_RULEDEFAULT"},"hover":{"color":"CT_CSS_SKIP_RULEDEFAULT"}},"page_meta_button_type_font_colors":{"default":{"color":"CT_CSS_SKIP_RULEDEFAULT"},"hover":{"color":"CT_CSS_SKIP_RULEDEFAULT"}},"page_meta_button_type_background_colors":{"default":{"color":"CT_CSS_SKIP_RULEDEFAULT"},"hover":{"color":"CT_CSS_SKIP_RULEDEFAULT"}},"pageExcerptFont":{"family":"Default","variation":"Default","size":"CT_CSS_SKIP_RULE","line-height":"CT_CSS_SKIP_RULE","letter-spacing":"CT_CSS_SKIP_RULE","text-transform":"CT_CSS_SKIP_RULE","text-decoration":"CT_CSS_SKIP_RULE"},"pageExcerptColor":{"default":{"color":"CT_CSS_SKIP_RULEDEFAULT"}},"breadcrumbsFont":{"family":"Default","variation":"Default","size":"CT_CSS_SKIP_RULE","line-height":"CT_CSS_SKIP_RULE","letter-spacing":"CT_CSS_SKIP_RULE","text-transform":"CT_CSS_SKIP_RULE","text-decoration":"CT_CSS_SKIP_RULE"},"breadcrumbsFontColor":{"default":{"color":"CT_CSS_SKIP_RULEDEFAULT"},"initial":{"color":"CT_CSS_SKIP_RULEDEFAULT"},"hover":{"color":"CT_CSS_SKIP_RULEDEFAULT"}},"pageTitleOverlay":{"default":{"color":"CT_CSS_SKIP_RULE"}},"pageTitleBackground":{"background_type":"color","background_pattern":"type-7","background_image":{"attachment_id":null,"x":0,"y":0},"gradient":"linear-gradient(135deg,rgba(6,147,227,1) 0%,rgb(155,81,224) 100%)","background_repeat":"no-repeat","background_size":"auto","background_attachment":"scroll","patternColor":{"default":{"color":"var(--theme-palette-color-2)"}},"overlayColor":{"default":{"color":"CT_CSS_SKIP_RULE"}},"backgroundColor":{"default":{"color":"var(--theme-palette-color-3)"}}},"pageTitlePadding":{"top":"50px","bottom":"50px","left":"auto","right":"auto","linked":true,"desktop":{"top":"0px","bottom":"0px","left":"auto","right":"auto","linked":true},"tablet":{"top":"0px","bottom":"0px","left":"auto","right":"auto","linked":true},"mobile":{"top":"0px","bottom":"0px","left":"auto","right":"auto","linked":true},"__changed":[]},"856d93d72ec32856de690e577780f940":"","page_structure_type":"type-3","a35c37799bf28529277390092d5f5e0c":"","content_style_source":"inherit","content_style":"wide","vertical_spacing_source":"custom","content_area_spacing":"both","background":{"background_type":"color","background_pattern":"type-1","background_image":{"attachment_id":null,"x":0,"y":0},"gradient":"linear-gradient(135deg,rgba(6,147,227,1) 0%,rgb(155,81,224) 100%)","background_repeat":"no-repeat","background_size":"auto","background_attachment":"scroll","patternColor":{"default":{"color":"#e5e7ea"}},"overlayColor":{"default":{"color":"CT_CSS_SKIP_RULE"}},"backgroundColor":{"default":{"color":"CT_CSS_SKIP_RULE"}}},"content_background":{"background_type":"color","background_pattern":"type-1","background_image":{"attachment_id":null,"x":0,"y":0},"gradient":"linear-gradient(135deg,rgba(6,147,227,1) 0%,rgb(155,81,224) 100%)","background_repeat":"no-repeat","background_size":"auto","background_attachment":"scroll","patternColor":{"default":{"color":"#e5e7ea"}},"overlayColor":{"default":{"color":"CT_CSS_SKIP_RULE"}},"backgroundColor":{"default":{"color":"var(--theme-palette-color-8)"}}},"content_boxed_shadow":{"inherit":false,"blur":18,"spread":-6,"v_offset":12,"h_offset":0,"inset":false,"enable":true,"color":{"color":"rgba(34, 56, 101, 0.04)"}},"boxed_content_spacing":{"desktop":{"top":"40px","bottom":"40px","left":"40px","right":"40px","linked":true},"tablet":{"top":"35px","bottom":"35px","left":"35px","right":"35px","linked":true},"mobile":{"top":"20px","bottom":"20px","left":"20px","right":"20px","linked":true}},"content_boxed_radius":{"top":"3px","bottom":"3px","left":"3px","right":"3px","linked":true},"c7134f25472af3bd0390c3c6162202fe":"","disable_featured_image":"no","disable_header":"no","disable_footer":"no","styles_descriptor":{"styles":{"desktop":"[data-prefix=\"single_page\"] .entry-header .page-title {--theme-font-family:Teko, Sans-Serif;--theme-font-weight:700;--theme-text-transform:uppercase;--theme-font-size:50px;--theme-heading-color:var(--theme-palette-color-4);} [data-prefix=\"single_page\"] .entry-header .entry-meta {--theme-font-weight:600;--theme-text-transform:uppercase;--theme-font-size:12px;--theme-line-height:1.3;} [data-prefix=\"single_page\"] .hero-section[data-type=\"type-2\"] {background-color:var(--theme-palette-color-3);background-image:none;--container-padding:0px 0;}","tablet":"[data-prefix=\"single_page\"] .entry-header .page-title {--theme-font-size:30px;}","mobile":"[data-prefix=\"single_page\"] .entry-header .page-title {--theme-font-size:25px;}"},"google_fonts":{"Teko":["n7"],"Prompt":["n6","n4"]},"version":6},"632ce6e6e9c8e8324da0a178a8da1477":"","a5b3442fa0e41d3d020fbf19696e4220":"","8c1192cb62d0d54c3193bab19546740e":"","04c2f84c9bceebb5f4f6903d9064b9e1":"","1bc137b57b1f4605ad1050273d01e2ea":"","88fd5d809ee63310b86b9ae935646a8a":"","c81f397c38fefdf98d3bb895f5d21d25":"","7a0fdd699b6121dcdb15d316f5961e5a":"","b56837e9c9755f8d56016fb62b0396dd":"","7f365db22f0d59d7d5054159dd9380cf":"","aceba23889224530841ddc8f4e16fc19":"","9e030979256d022e95f9fc260621e24e":"","6384d6961bf424f6244be135923d77b7":"","526ea1b6bc0b7ad5faaad3a0a53c74b4":"","73ecf0e5b1d7700988c6c1f99d424c8b":"","0f2fb6882be18e3564f0f157c955f118":"","658532892f226686c574f0ccfaa39ffa":"","530b8b84231dcb5b8ab9aee7e01d6b8c":"","b8ca3cc7012ead10e267dea25c6510c6":"","efeb70502a63131fae937e06e460692b":"","758dae8d43b34db824e58f4aa7b658ab":"","214f651633cf2d9cdde7dffc68723d92":"","def1f3730c60bd41b42a101eaba4616a":"","0cb1481bcc77ca17b0dc63ac5821e9a8":"","1083e59e9a94f3ea252e6f9b2d04250e":"","4a23943ab8c89e14d5fdc76069b75805":"","14cd8626636a497caa0e687138ac0340":"","6ef16ef8a48e859d4a79d71dfc8b3fc2":"","115ce318265cb2484b0dec5b1c7bbc8a":"","f903b38127fd2f526f0ed5ed68ebffc5":"","fc848efc6b619c0b241c47176805962c":"","ca1fb896785e840347732c405e2c60a3":""},"featured_image_urls_v2":{"full":"","thumbnail":"","medium":"","medium_large":"","large":"","1536x1536":"","2048x2048":"","trp-custom-language-flag":"","vp_sm":"","vp_md":"","vp_lg":"","vp_xl":"","vp_sm_popup":"","vp_md_popup":"","vp_xl_popup":""},"post_excerpt_stackable_v2":"<p>SzlifierkiSzlifierka pneumatyczna jest narz\u0119dziem niezb\u0119dnym w ka\u017cdej wulkanizacji. Wysok\u0105 pr\u0119dko\u015b\u0107 obrotow\u0105 20000 obr\/min mo\u017cna wykorzysta\u0107 przy pracy z frezami mechanicznymi do obr\u00f3bki uszkodzenia (wycinania zerwanej osnowy). Ze wzgl\u0119du na praktyczny uchwyt wiertarski szlifierka mo\u017ce wsp\u00f3\u0142pracowa\u0107 z wieloma akcesoriami np. \u015bciernicami szczotkowymi do oczyszczania zardzewia\u0142ych obr\u0119czy czy wiert\u0142ami o maksymalnej \u015brednicy trzpienia 10mm.Zam\u00f3w w E-sklepie \u015aciernice\u015aciernice pojedyncze (pier\u015bcienie szlifierskie) przeznaczone s\u0105 do pracy w trudno dost\u0119pnych miejscach. Im pier\u015bcie\u0144 szlifierski ma mniejsz\u0105 \u015brednic\u0119, tym wi\u0119ksza mo\u017cliwo\u015b\u0107 dotarcia do niedost\u0119pnych miejsc. Do prawid\u0142owego zamocowania pier\u015bcienia szorstkuj\u0105cego w narz\u0119dziu s\u0142u\u017cy trzpie\u0144 \u015bciernicy kr\u00f3tki 14-324S. Jest tak\u017ce mo\u017cliwo\u015b\u0107 zamocowania z\u0142\u0105czonych kraw\u0119dziami dw\u00f3ch pier\u015bcieni szlifierskich&hellip;<\/p>\n","category_list_v2":"","author_info_v2":{"name":"Dariusz Brz\u00f3ska","url":"https:\/\/artus.com.pl\/en\/author\/dariuszbrzoska\/"},"comments_num_v2":"0 comments","uagb_featured_image_src":{"full":false,"thumbnail":false,"medium":false,"medium_large":false,"large":false,"1536x1536":false,"2048x2048":false,"trp-custom-language-flag":false,"vp_sm":false,"vp_md":false,"vp_lg":false,"vp_xl":false,"vp_sm_popup":false,"vp_md_popup":false,"vp_xl_popup":false},"uagb_author_info":{"display_name":"Dariusz Brz\u00f3ska","author_link":"https:\/\/artus.com.pl\/en\/author\/dariuszbrzoska\/"},"uagb_comment_info":0,"uagb_excerpt":"Szlifierki Szlifierka pneumatyczna jest narz\u0119dziem niezb\u0119dnym w ka\u017cdej wulkanizacji. Wysok\u0105 pr\u0119dko\u015b\u0107 obrotow\u0105 20000 obr\/min mo\u017cna wykorzysta\u0107 przy pracy z frezami mechanicznymi do obr\u00f3bki uszkodzenia (wycinania zerwanej osnowy). Ze wzgl\u0119du na praktyczny uchwyt wiertarski szlifierka mo\u017ce wsp\u00f3\u0142pracowa\u0107 z wieloma akcesoriami np. \u015bciernicami szczotkowymi do oczyszczania zardzewia\u0142ych obr\u0119czy czy wiert\u0142ami o maksymalnej \u015brednicy trzpienia 10mm. Zam\u00f3w w&hellip;","_links":{"self":[{"href":"https:\/\/artus.com.pl\/en\/wp-json\/wp\/v2\/pages\/605","targetHints":{"allow":["GET"]}}],"collection":[{"href":"https:\/\/artus.com.pl\/en\/wp-json\/wp\/v2\/pages"}],"about":[{"href":"https:\/\/artus.com.pl\/en\/wp-json\/wp\/v2\/types\/page"}],"author":[{"embeddable":true,"href":"https:\/\/artus.com.pl\/en\/wp-json\/wp\/v2\/users\/2"}],"replies":[{"embeddable":true,"href":"https:\/\/artus.com.pl\/en\/wp-json\/wp\/v2\/comments?post=605"}],"version-history":[{"count":5,"href":"https:\/\/artus.com.pl\/en\/wp-json\/wp\/v2\/pages\/605\/revisions"}],"predecessor-version":[{"id":2435,"href":"https:\/\/artus.com.pl\/en\/wp-json\/wp\/v2\/pages\/605\/revisions\/2435"}],"up":[{"embeddable":true,"href":"https:\/\/artus.com.pl\/en\/wp-json\/wp\/v2\/pages\/877"}],"wp:attachment":[{"href":"https:\/\/artus.com.pl\/en\/wp-json\/wp\/v2\/media?parent=605"}],"curies":[{"name":"wp","href":"https:\/\/api.w.org\/{rel}","templated":true}]}}