{"id":428,"date":"2021-09-13T20:43:09","date_gmt":"2021-09-13T18:43:09","guid":{"rendered":"http:\/\/test.artus.com.pl\/?page_id=428"},"modified":"2025-08-14T10:11:56","modified_gmt":"2025-08-14T08:11:56","slug":"srodki-do-wywazania-kol","status":"publish","type":"page","link":"https:\/\/artus.com.pl\/en\/produkty\/srodki-do-wywazania-kol\/","title":{"rendered":"Wheel balancing products"},"content":{"rendered":"<div class=\"alignwide wp-block-ugb-feature ugb-feature ugb-4c8dfe3 ugb-feature--v2 ugb-feature--design-basic ugb-feature--invert ugb-main-block\"><style>.ugb-4c8dfe3 .ugb-button .ugb-button--inner{color:var(--theme-palette-color-1,#f4c916) !important}.ugb-4c8dfe3 .ugb-button{border-color:var(--theme-palette-color-1,#f4c916) !important}.ugb-4c8dfe3 .ugb-button:hover{border-color:var(--theme-palette-color-1,#f4c916) !important;background-color:var(--theme-palette-color-1,#f4c916) !important;opacity:1}.ugb-4c8dfe3 .ugb-button:hover .ugb-button--inner{color:var(--theme-palette-color-4,#ffffff) !important}.ugb-4c8dfe3 .ugb-button:before{content:\"\";background-image:linear-gradient(90deg,var(--theme-palette-color-1,#f4c916),var(--theme-palette-color-1,#f4c916))}.ugb-4c8dfe3 .ugb-inner-block{text-align:left}@media screen and (min-width:768px){.ugb-4c8dfe3 .ugb-img{width:1024px;height:auto !important}}<\/style><div class=\"ugb-inner-block\"><div class=\"ugb-block-content\"><div class=\"ugb-feature__item\"><div class=\"ugb-feature__content\"><h2 class=\"ugb-feature__title\">Wheel balancing granulate<\/h2><p class=\"ugb-feature__description\">Our COUNTERACT wheel balancing granulate excels in dynamic wheel balancing. It extends tire life and significantly enhances ride comfort. One of its major advantages is the easy and quick application process. Once applied, the wheel balancing granulate lasts throughout the tire's service life.<br>Due to the reduced rolling resistance of the tire, fuel consumption during driving is decreased, and tire tread wear is slowed down.<\/p><div class=\"ugb-button-container\"><a class=\"ugb-button ugb-button--size-normal ugb-button--ghost-to-normal-effect ugb-button--design-ghost\" href=\"https:\/\/dlaserwisu.pl\/eng_m_Wheel-Tyre-Change_Balancing_Counteract-Balancing-Beads-231.html\" target=\"_blank\" rel=\"noopener noreferrer\" title=\"\"><span class=\"ugb-button--inner\">Order online<\/span><\/a><\/div><\/div><div class=\"ugb-feature__image-side\"><img decoding=\"async\" class=\"ugb-feature__image ugb-img wp-image-1888 ugb-image--shape-stretch\" src=\"https:\/\/artus.com.pl\/wp-content\/uploads\/2021\/09\/Granulat-do-wywazania-kol-1024x529.webp\" alt=\"\" title=\"\" height=\"529\" srcset=\"https:\/\/artus.com.pl\/wp-content\/uploads\/2021\/09\/Granulat-do-wywazania-kol-1024x529.webp 1024w, https:\/\/artus.com.pl\/wp-content\/uploads\/2021\/09\/Granulat-do-wywazania-kol-300x155.webp 300w, https:\/\/artus.com.pl\/wp-content\/uploads\/2021\/09\/Granulat-do-wywazania-kol-768x397.webp 768w, https:\/\/artus.com.pl\/wp-content\/uploads\/2021\/09\/Granulat-do-wywazania-kol.webp 1200w\" sizes=\"(max-width: 1024px) 100vw, 1024px\" \/><\/div><\/div><\/div><\/div><\/div>","protected":false},"excerpt":{"rendered":"<p>Granulat do wywa\u017cania k\u00f3\u0142 Granulat do wywa\u017cania COUNTERACT doskonale sprawdza si\u0119 w dynamicznym wywa\u017caniu k\u00f3\u0142. Wyd\u0142u\u017ca \u017cywotno\u015b\u0107 opon oraz zdecydowanie poprawia komfort jazdy. Du\u017c\u0105 zalet\u0105 jest \u0142atwy i szybki proces aplikacji. Zarazem raz zaaplikowany granulat do wywa\u017cania starcza na ca\u0142y okres eksploatowania opony.Dzi\u0119ki mniejszym oporom jakie stawia opona, zmniejsza si\u0119 zu\u017cycie paliwa w trakcie jazdy [&hellip;]<\/p>\n","protected":false},"author":2,"featured_media":0,"parent":877,"menu_order":0,"comment_status":"closed","ping_status":"closed","template":"","meta":{"_seopress_robots_primary_cat":"","_seopress_titles_title":"\u015arodki do wywa\u017cania k\u00f3\u0142 \u2013 oferta Artus sp. z o.o.","_seopress_titles_desc":"Profesjonalne \u015brodki do wywa\u017cania k\u00f3\u0142 dla serwis\u00f3w oponiarskich i warsztat\u00f3w. Skuteczno\u015b\u0107, precyzja i trwa\u0142o\u015b\u0107 w codziennej pracy. Sprawd\u017a ofert\u0119 Artus.","_seopress_robots_index":"","_uag_custom_page_level_css":"","_vp_format_video_url":"","_vp_image_focal_point":[],"footnotes":""},"class_list":["post-428","page","type-page","status-publish","hentry"],"blocksy_meta":{"styles_descriptor":{"styles":{"desktop":"[data-prefix=\"single_page\"] .entry-header .page-title {--theme-font-family:Teko, Sans-Serif;--theme-font-weight:700;--theme-text-transform:uppercase;--theme-font-size:50px;--theme-heading-color:var(--theme-palette-color-4);} [data-prefix=\"single_page\"] .entry-header .entry-meta {--theme-font-weight:600;--theme-text-transform:uppercase;--theme-font-size:12px;--theme-line-height:1.3;} [data-prefix=\"single_page\"] .hero-section[data-type=\"type-2\"] {background-color:var(--theme-palette-color-3);background-image:none;--container-padding:0px 0;}","tablet":"[data-prefix=\"single_page\"] .entry-header .page-title {--theme-font-size:30px;}","mobile":"[data-prefix=\"single_page\"] .entry-header .page-title {--theme-font-size:25px;}"},"google_fonts":{"Teko":["n7"],"Prompt":["n6","n4"]},"version":6},"page_title_panel":"","has_hero_section":"enabled","f5faf7c86753210841864a206dd579c4":"","hero_section":"type-2","hero_elements":[{"id":"custom_title","enabled":true,"heading_tag":"h1","title":"Home","__id":"wFENGK71eOf-2PXkGj0z9"},{"id":"custom_description","enabled":true,"description_visibility":{"desktop":true,"tablet":true,"mobile":false},"__id":"xEu_PaJxKoiyFMwUaPMVC"},{"id":"custom_meta","enabled":false,"meta_elements":[{"id":"author","enabled":true,"label":"By","has_author_avatar":"yes","avatar_size":25},{"id":"post_date","enabled":true,"label":"On","date_format_source":"default","date_format":"M j, Y"},{"id":"updated_date","enabled":false,"label":"On","date_format_source":"default","date_format":"M j, Y"},{"id":"categories","enabled":false,"label":"In","style":"simple"},{"id":"comments","enabled":true}],"page_meta_elements":{"joined":true,"articles_count":true,"comments":true},"__id":"JHf0mpMWfuloU7897SdXM"},{"id":"breadcrumbs","enabled":false,"__id":"O5JwhkSP3Wq6_Q44CMd1B"}],"10385d03cd36abd6b3e8105a8d3f9079":"","hero_alignment1":"CT_CSS_SKIP_RULE","hero_margin":40,"hero_alignment2":"center","hero_vertical_alignment":"center","492ceebfedc0ec151bc41121f7468a0d":"","hero_structure":"narrow","dd1b3504d08477644b20fbace19fd32a":"","page_title_bg_type":"featured_image","custom_hero_background":{"attachment_id":null},"parallax":{"desktop":false,"tablet":false,"mobile":false},"ae9b81aa6accb62cf2abcf9e8eed25c3":"","hero_height":"250px","pageTitleFont":{"family":"Teko","variation":"n7","size":{"desktop":"50px","tablet":"30px","mobile":"25px","__changed":[]},"line-height":"CT_CSS_SKIP_RULE","letter-spacing":"CT_CSS_SKIP_RULE","text-transform":"uppercase","text-decoration":"CT_CSS_SKIP_RULE"},"pageTitleFontColor":{"default":{"color":"var(--theme-palette-color-4)"}},"pageMetaFont":{"family":"Default","variation":"n6","size":"12px","line-height":"1.3","letter-spacing":"CT_CSS_SKIP_RULE","text-transform":"uppercase","text-decoration":"CT_CSS_SKIP_RULE"},"pageMetaFontColor":{"default":{"color":"CT_CSS_SKIP_RULEDEFAULT"},"hover":{"color":"CT_CSS_SKIP_RULEDEFAULT"}},"page_meta_button_type_font_colors":{"default":{"color":"CT_CSS_SKIP_RULEDEFAULT"},"hover":{"color":"CT_CSS_SKIP_RULEDEFAULT"}},"page_meta_button_type_background_colors":{"default":{"color":"CT_CSS_SKIP_RULEDEFAULT"},"hover":{"color":"CT_CSS_SKIP_RULEDEFAULT"}},"pageExcerptFont":{"family":"Default","variation":"Default","size":"CT_CSS_SKIP_RULE","line-height":"CT_CSS_SKIP_RULE","letter-spacing":"CT_CSS_SKIP_RULE","text-transform":"CT_CSS_SKIP_RULE","text-decoration":"CT_CSS_SKIP_RULE"},"pageExcerptColor":{"default":{"color":"CT_CSS_SKIP_RULEDEFAULT"}},"breadcrumbsFont":{"family":"Default","variation":"Default","size":"CT_CSS_SKIP_RULE","line-height":"CT_CSS_SKIP_RULE","letter-spacing":"CT_CSS_SKIP_RULE","text-transform":"CT_CSS_SKIP_RULE","text-decoration":"CT_CSS_SKIP_RULE"},"breadcrumbsFontColor":{"default":{"color":"CT_CSS_SKIP_RULEDEFAULT"},"initial":{"color":"CT_CSS_SKIP_RULEDEFAULT"},"hover":{"color":"CT_CSS_SKIP_RULEDEFAULT"}},"pageTitleOverlay":{"default":{"color":"CT_CSS_SKIP_RULE"}},"pageTitleBackground":{"background_type":"color","background_pattern":"type-7","background_image":{"attachment_id":null,"x":0,"y":0},"gradient":"linear-gradient(135deg,rgba(6,147,227,1) 0%,rgb(155,81,224) 100%)","background_repeat":"no-repeat","background_size":"auto","background_attachment":"scroll","patternColor":{"default":{"color":"var(--theme-palette-color-2)"}},"overlayColor":{"default":{"color":"CT_CSS_SKIP_RULE"}},"backgroundColor":{"default":{"color":"var(--theme-palette-color-3)"}}},"pageTitlePadding":{"top":"50px","bottom":"50px","left":"auto","right":"auto","linked":true,"desktop":{"top":"0px","bottom":"0px","left":"auto","right":"auto","linked":true},"tablet":{"top":"0px","bottom":"0px","left":"auto","right":"auto","linked":true},"mobile":{"top":"0px","bottom":"0px","left":"auto","right":"auto","linked":true},"__changed":[]},"ed8b03ed0237c64b17dc2368ecbe6ee4":"","page_structure_type":"type-3","7077c1ab685314a4299c67a4afafd00e":"","content_style_source":"inherit","content_style":"wide","vertical_spacing_source":"custom","content_area_spacing":"both","background":{"background_type":"color","background_pattern":"type-1","background_image":{"attachment_id":null,"x":0,"y":0},"gradient":"linear-gradient(135deg,rgba(6,147,227,1) 0%,rgb(155,81,224) 100%)","background_repeat":"no-repeat","background_size":"auto","background_attachment":"scroll","patternColor":{"default":{"color":"#e5e7ea"}},"overlayColor":{"default":{"color":"CT_CSS_SKIP_RULE"}},"backgroundColor":{"default":{"color":"CT_CSS_SKIP_RULE"}}},"content_background":{"background_type":"color","background_pattern":"type-1","background_image":{"attachment_id":null,"x":0,"y":0},"gradient":"linear-gradient(135deg,rgba(6,147,227,1) 0%,rgb(155,81,224) 100%)","background_repeat":"no-repeat","background_size":"auto","background_attachment":"scroll","patternColor":{"default":{"color":"#e5e7ea"}},"overlayColor":{"default":{"color":"CT_CSS_SKIP_RULE"}},"backgroundColor":{"default":{"color":"var(--theme-palette-color-8)"}}},"content_boxed_shadow":{"inherit":false,"blur":18,"spread":-6,"v_offset":12,"h_offset":0,"inset":false,"enable":true,"color":{"color":"rgba(34, 56, 101, 0.04)"}},"boxed_content_spacing":{"desktop":{"top":"40px","bottom":"40px","left":"40px","right":"40px","linked":true},"tablet":{"top":"35px","bottom":"35px","left":"35px","right":"35px","linked":true},"mobile":{"top":"20px","bottom":"20px","left":"20px","right":"20px","linked":true}},"content_boxed_radius":{"top":"3px","bottom":"3px","left":"3px","right":"3px","linked":true},"137a1faec6dbdb78e72561249aac1eed":"","disable_featured_image":"no","disable_header":"no","disable_footer":"no","6efd07f03f5eec4b579bdedfeb794fc2":"","520f0236be5a8ea1bc37df13cad7a113":"","73b21f6c76544d068e1a17019cc8a917":"","5a0f65f071365f1ffc072f950bcefc84":"","1d477426e2d558e09f85a55793ebba9b":"","0c99a8b7e17404f8ec4e127c638a0932":"","3e78b1ff9ce5c0555cd05ac49c74ce57":"","4da56678d8db46619363242a82e75073":"","9d4d1b0862f5bf90747c4a0ee230caa0":"","34e8551d41b43ce4012ddcc0543102e6":"","57bf0babc98645b8811f2802fe3f0211":"","913a7fa747d2c94bfe6c481f96532138":"","cd77d47dfb724662964467c5795d8d78":"","796f69e4628f0e17944de72e1fdfcf36":"","8da74be21dafd9d57ca7cfbfca3d595e":"","f5de33feb1ade7692ebcf94e5d847714":"","337aa4e0eb1431710514ccc6a2c534fd":"","48a65c586b7f9021c025b3536591f659":"","43f1d8efb65611815e74d90ef946cec6":"","a22300f838c4c4ae405550285ab9f38d":"","12f01d2a3806bb32c4d6f1ea2b71572a":"","ccd3f96eeae53d07f32f388bae340281":"","e039e1b137be226b41a1ed1574d22a04":"","3bc46e569849e0dad5d175224fd18c5f":"","2ab6e9f3987e70444d2c9204a55fc787":"","8628879624e16ac68acda7915953da9a":"","58dc727751dc41b588723af221cc1897":"","4f7645b4d370f64248f1daad171d5162":"","8107d8429d149755ada00436554ff0e7":"","d3894e8cb988f8800aac00d063fdcef8":"","d735f4d66447db024bb651ef9b26f7c7":"","f9e374b3951095fdd4d1654be8ce548c":"","24e748a510a4eeac153fa101584760dc":"","f2d7a4d113634791a66de057abe52c1a":"","278207c3591fe6801285a2addb6f717f":"","dc07afeea65ec45995e6be11639ca312":"","c14f605768a53081f0504d82ead970bd":"","e8a149c6817a798b69c43c78cdd3c371":"","deeea115f275d2985357deda2e7097c5":"","0d646cdaa16403aed012bc756d807b5e":""},"featured_image_urls_v2":{"full":"","thumbnail":"","medium":"","medium_large":"","large":"","1536x1536":"","2048x2048":"","trp-custom-language-flag":"","vp_sm":"","vp_md":"","vp_lg":"","vp_xl":"","vp_sm_popup":"","vp_md_popup":"","vp_xl_popup":""},"post_excerpt_stackable_v2":"<p>Granulat do wywa\u017cania k\u00f3\u0142Granulat do wywa\u017cania COUNTERACT doskonale sprawdza si\u0119 w dynamicznym wywa\u017caniu k\u00f3\u0142. Wyd\u0142u\u017ca \u017cywotno\u015b\u0107 opon oraz zdecydowanie poprawia komfort jazdy. Du\u017c\u0105 zalet\u0105 jest \u0142atwy i szybki proces aplikacji. Zarazem raz zaaplikowany granulat do wywa\u017cania starcza na ca\u0142y okres eksploatowania opony.Dzi\u0119ki mniejszym oporom jakie stawia opona, zmniejsza si\u0119 zu\u017cycie paliwa w trakcie jazdy oraz spowalniamy proces \u015bcierania si\u0119 bie\u017cnika.Zam\u00f3w w E-sklepie<\/p>\n","category_list_v2":"","author_info_v2":{"name":"Dariusz Brz\u00f3ska","url":"https:\/\/artus.com.pl\/en\/author\/dariuszbrzoska\/"},"comments_num_v2":"0 comments","uagb_featured_image_src":{"full":false,"thumbnail":false,"medium":false,"medium_large":false,"large":false,"1536x1536":false,"2048x2048":false,"trp-custom-language-flag":false,"vp_sm":false,"vp_md":false,"vp_lg":false,"vp_xl":false,"vp_sm_popup":false,"vp_md_popup":false,"vp_xl_popup":false},"uagb_author_info":{"display_name":"Dariusz Brz\u00f3ska","author_link":"https:\/\/artus.com.pl\/en\/author\/dariuszbrzoska\/"},"uagb_comment_info":0,"uagb_excerpt":"Granulat do wywa\u017cania k\u00f3\u0142 Granulat do wywa\u017cania COUNTERACT doskonale sprawdza si\u0119 w dynamicznym wywa\u017caniu k\u00f3\u0142. Wyd\u0142u\u017ca \u017cywotno\u015b\u0107 opon oraz zdecydowanie poprawia komfort jazdy. Du\u017c\u0105 zalet\u0105 jest \u0142atwy i szybki proces aplikacji. Zarazem raz zaaplikowany granulat do wywa\u017cania starcza na ca\u0142y okres eksploatowania opony.Dzi\u0119ki mniejszym oporom jakie stawia opona, zmniejsza si\u0119 zu\u017cycie paliwa w trakcie jazdy&hellip;","_links":{"self":[{"href":"https:\/\/artus.com.pl\/en\/wp-json\/wp\/v2\/pages\/428","targetHints":{"allow":["GET"]}}],"collection":[{"href":"https:\/\/artus.com.pl\/en\/wp-json\/wp\/v2\/pages"}],"about":[{"href":"https:\/\/artus.com.pl\/en\/wp-json\/wp\/v2\/types\/page"}],"author":[{"embeddable":true,"href":"https:\/\/artus.com.pl\/en\/wp-json\/wp\/v2\/users\/2"}],"replies":[{"embeddable":true,"href":"https:\/\/artus.com.pl\/en\/wp-json\/wp\/v2\/comments?post=428"}],"version-history":[{"count":5,"href":"https:\/\/artus.com.pl\/en\/wp-json\/wp\/v2\/pages\/428\/revisions"}],"predecessor-version":[{"id":2437,"href":"https:\/\/artus.com.pl\/en\/wp-json\/wp\/v2\/pages\/428\/revisions\/2437"}],"up":[{"embeddable":true,"href":"https:\/\/artus.com.pl\/en\/wp-json\/wp\/v2\/pages\/877"}],"wp:attachment":[{"href":"https:\/\/artus.com.pl\/en\/wp-json\/wp\/v2\/media?parent=428"}],"curies":[{"name":"wp","href":"https:\/\/api.w.org\/{rel}","templated":true}]}}