{"id":424,"date":"2021-09-13T20:42:20","date_gmt":"2021-09-13T18:42:20","guid":{"rendered":"http:\/\/test.artus.com.pl\/?page_id=424"},"modified":"2025-08-14T10:13:02","modified_gmt":"2025-08-14T08:13:02","slug":"zawory","status":"publish","type":"page","link":"https:\/\/artus.com.pl\/en\/produkty\/zawory\/","title":{"rendered":"Valves"},"content":{"rendered":"<div class=\"wp-block-stackable-columns alignwide stk-block-columns stk-block stk-32812c9\" data-block-id=\"32812c9\"><style>@media screen and (max-width:689px){.stk-32812c9{--stk-col-order-1:2 !important;--stk-col-order-2:1 !important}}<\/style><div class=\"stk-row stk-inner-blocks stk-block-content stk-content-align stk-32812c9-column alignwide\">\n<div class=\"wp-block-stackable-column stk-block-column stk-column stk-block stk-589a007\" data-v=\"4\" data-block-id=\"589a007\"><div class=\"stk-column-wrapper stk-block-column__content stk-container stk-589a007-container stk--no-background stk--no-padding\"><div class=\"stk-block-content stk-inner-blocks stk-589a007-inner-blocks\">\n<div class=\"alignwide wp-block-ugb-text ugb-text ugb-61c4545 ugb-text--design-plain ugb-text--columns-1 ugb-main-block\"><style>.ugb-61c4545 .ugb-text__text p{text-align:left}.ugb-61c4545 .ugb-inner-block{text-align:left}<\/style><div class=\"ugb-inner-block\"><div class=\"ugb-block-content\"><div class=\"ugb-text__text-wrapper\"><div class=\"ugb-text__text\"><p class=\"ugb-text__text-1\">A wide range of specialized valves for tubeless and tube-type wheels for:<\/p><\/div><\/div><\/div><\/div><\/div>\n\n\n\n<div class=\"alignwide wp-block-ugb-icon-list ugb-icon-list ugb-8384a4e ugb-icon-list--v2 ugb-main-block\"><style>.ugb-8384a4e li::before{background-image:url('data:image\/svg+xml;base64,PHN2ZyB4bWxucz0iaHR0cDovL3d3dy53My5vcmcvMjAwMC9zdmciIHZpZXdCb3g9IjAgMCAxOTAgMTkwIj48cG9seWdvbiBwb2ludHM9IjE3My44LDI4LjQgNjAuNCwxNDEuOCAxNS43LDk3LjIgNS4xLDEwNy44IDYwLjQsMTYzIDE4NC40LDM5IDE3My44LDI4LjQiLz48L3N2Zz4=')}.ugb-8384a4e.ugb-icon-list ul{columns:1}.ugb-8384a4e .ugb-inner-block{text-align:left}<\/style><div class=\"ugb-inner-block\"><div class=\"ugb-block-content\"><ul><li><a href=\"https:\/\/dlaserwisu.pl\/eng_m_Valves_Tubeless-Valves_Tubeless-Snap-In-Valves-221.html\" data-type=\"link\" data-id=\"https:\/\/dlaserwisu.pl\/pol_m_Zawory-i-Przedluzki_Bezdetkowe_Osobowe-i-dostawcze-221.html\">Passenger cars<\/a><\/li><li><a href=\"https:\/\/dlaserwisu.pl\/eng_m_Valves_Motorcycle-Valves-171.html\" data-type=\"link\" data-id=\"https:\/\/dlaserwisu.pl\/pol_m_Zawory-i-Przedluzki_Motocyklowe-171.html\">Motorcycles<\/a><\/li><li><a href=\"https:\/\/dlaserwisu.pl\/eng_m_Valves_Tubeless-Valves_Tubeless-Truck-Valves-222.html\" data-type=\"link\" data-id=\"https:\/\/dlaserwisu.pl\/pol_m_Zawory-i-Przedluzki_Bezdetkowe_Ciezarowe-222.html\">Trucks<\/a><\/li><li><a href=\"https:\/\/dlaserwisu.pl\/eng_m_Valves_Tube-Valves_GP-6-TR-218A-Series-Agricultural-OTR-218.html\" data-type=\"link\" data-id=\"https:\/\/dlaserwisu.pl\/pol_m_Zawory-i-Przedluzki_Do-detek_Rolnicze-i-budowlane-typu-GP6-218.html\">Tractors and agricultural machinery<\/a><\/li><li><a href=\"https:\/\/dlaserwisu.pl\/pol_m_Zawory-i-Przedluzki_Wielkogabarytowe-167.html\" data-type=\"link\" data-id=\"https:\/\/dlaserwisu.pl\/pol_m_Zawory-i-Przedluzki_Wielkogabarytowe-167.html\">Oversized wheels OTR<\/a><\/li><li><a href=\"https:\/\/dlaserwisu.pl\/eng_m_TPMS-268.html\" data-type=\"link\" data-id=\"https:\/\/dlaserwisu.pl\/pol_m_TPMS-268.html\">TPMS (Tire Pressure Monitoring System)<\/a><\/li><\/ul><\/div><\/div><\/div>\n\n\n\n<div class=\"alignwide wp-block-ugb-text ugb-text ugb-a3d175c ugb-text--design-plain ugb-text--columns-1 ugb-main-block\"><style>.ugb-a3d175c .ugb-text__text p{text-align:left}.ugb-a3d175c .ugb-inner-block{text-align:left}<\/style><div class=\"ugb-inner-block\"><div class=\"ugb-block-content\"><div class=\"ugb-text__text-wrapper\"><div class=\"ugb-text__text\"><p class=\"ugb-text__text-1\">Also available:<\/p><\/div><\/div><\/div><\/div><\/div>\n\n\n\n<div class=\"alignwide wp-block-ugb-icon-list ugb-icon-list ugb-60d28d8 ugb-icon-list--v2 ugb-main-block\"><style>.ugb-60d28d8 li::before{background-image:url('data:image\/svg+xml;base64,PHN2ZyB4bWxucz0iaHR0cDovL3d3dy53My5vcmcvMjAwMC9zdmciIHZpZXdCb3g9IjAgMCAxOTAgMTkwIj48cG9seWdvbiBwb2ludHM9IjE3My44LDI4LjQgNjAuNCwxNDEuOCAxNS43LDk3LjIgNS4xLDEwNy44IDYwLjQsMTYzIDE4NC40LDM5IDE3My44LDI4LjQiLz48L3N2Zz4=')}.ugb-60d28d8.ugb-icon-list ul{columns:1}.ugb-60d28d8 .ugb-inner-block{text-align:left}<\/style><div class=\"ugb-inner-block\"><div class=\"ugb-block-content\"><ul><li>Cores, valve caps, and valve extensions<\/li><li>Valve Tools &amp; Accessories<\/li><\/ul><\/div><\/div><\/div>\n\n\n\n<div class=\"wp-block-stackable-button-group alignwide stk-block-button-group stk-block stk-7b0de36\" data-block-id=\"7b0de36\"><div class=\"stk-row stk-inner-blocks has-text-align-left stk-block-content stk-button-group\">\n<div class=\"wp-block-stackable-button stk-block-button is-style-ghost stk-block stk-5556c62\" data-block-id=\"5556c62\"><style>.stk-5556c62 .stk-button{background:transparent !important}.stk-5556c62 .stk-button:hover:after{background:var(--theme-palette-color-1,#f4c916) !important;opacity:1 !important}:where(.stk-hover-parent:hover,.stk-hover-parent.stk--is-hovered) .stk-5556c62 .stk-button:after{background:transparent !important;opacity:1 !important}.stk-5556c62 .stk-button:before{border-style:solid !important;border-color:var(--theme-palette-color-1,#f4c916) !important}.stk-5556c62 .stk-button__inner-text{color:var(--theme-palette-color-1,#f4c916) !important}.stk-5556c62 .stk-button:hover .stk-button__inner-text{color:var(--theme-palette-color-4,#ffffff) !important}<\/style><a class=\"stk-link stk-button\" href=\"https:\/\/dlaserwisu.pl\/eng_m_Valves-153.html\" target=\"_blank\" rel=\"noreferrer noopener\"><span class=\"has-text-color stk-button__inner-text\">Order online<\/span><\/a><\/div>\n<\/div><\/div>\n<\/div><\/div><\/div>\n\n\n\n<div class=\"wp-block-stackable-column stk-block-column stk-column stk-block stk-712c259\" data-v=\"4\" data-block-id=\"712c259\"><style>.stk-712c259{align-self:center !important}<\/style><div class=\"stk-column-wrapper stk-block-column__content stk-container stk-712c259-container stk--no-background stk--no-padding\"><div class=\"stk-block-content stk-inner-blocks stk-712c259-inner-blocks\">\n<figure class=\"wp-block-image size-large\"><img loading=\"lazy\" decoding=\"async\" width=\"1024\" height=\"1024\" src=\"https:\/\/artus.com.pl\/wp-content\/uploads\/2023\/10\/Kategoria-Zawory-2023-1024x1024.webp\" alt=\"\" class=\"wp-image-2307\" srcset=\"https:\/\/artus.com.pl\/wp-content\/uploads\/2023\/10\/Kategoria-Zawory-2023-1024x1024.webp 1024w, https:\/\/artus.com.pl\/wp-content\/uploads\/2023\/10\/Kategoria-Zawory-2023-300x300.webp 300w, https:\/\/artus.com.pl\/wp-content\/uploads\/2023\/10\/Kategoria-Zawory-2023-150x150.webp 150w, https:\/\/artus.com.pl\/wp-content\/uploads\/2023\/10\/Kategoria-Zawory-2023-768x768.webp 768w, https:\/\/artus.com.pl\/wp-content\/uploads\/2023\/10\/Kategoria-Zawory-2023-500x500.webp 500w, https:\/\/artus.com.pl\/wp-content\/uploads\/2023\/10\/Kategoria-Zawory-2023-800x800.webp 800w, https:\/\/artus.com.pl\/wp-content\/uploads\/2023\/10\/Kategoria-Zawory-2023.webp 1200w\" sizes=\"auto, (max-width: 1024px) 100vw, 1024px\" \/><\/figure>\n<\/div><\/div><\/div>\n<\/div><\/div>","protected":false},"excerpt":{"rendered":"<p>Szeroka gama specjalistycznych zawor\u00f3w do k\u00f3\u0142 bezd\u0119tkowych i d\u0119tkowych do: samochod\u00f3w osobowych motocykli samochod\u00f3w ci\u0119\u017carowych ci\u0105gnik\u00f3w i maszyn rolniczych k\u00f3\u0142 wielkogabarytowych TPMS A tak\u017ce: wk\u0142ady, kapturki i przed\u0142u\u017cki zawor\u00f3w narz\u0119dzia do zawor\u00f3w Zam\u00f3w w E-sklepie<\/p>","protected":false},"author":2,"featured_media":0,"parent":877,"menu_order":0,"comment_status":"closed","ping_status":"closed","template":"","meta":{"_seopress_robots_primary_cat":"","_seopress_titles_title":"Zawory do k\u00f3\u0142 \u2013 oferta Artus sp. z o.o.","_seopress_titles_desc":"Zawory do k\u00f3\u0142 samochodowych, motocyklowych i ci\u0119\u017carowych. Trwa\u0142e, szczelne i \u0142atwe w monta\u017cu. Sprawd\u017a ofert\u0119 Artus dla serwis\u00f3w oponiarskich.","_seopress_robots_index":"","_uag_custom_page_level_css":"","_vp_format_video_url":"","_vp_image_focal_point":[],"footnotes":""},"class_list":["post-424","page","type-page","status-publish","hentry"],"blocksy_meta":{"styles_descriptor":{"styles":{"desktop":"[data-prefix=\"single_page\"] .entry-header .page-title {--theme-font-family:Teko, Sans-Serif;--theme-font-weight:700;--theme-text-transform:uppercase;--theme-font-size:50px;--theme-heading-color:var(--theme-palette-color-4);} [data-prefix=\"single_page\"] .entry-header .entry-meta {--theme-font-weight:600;--theme-text-transform:uppercase;--theme-font-size:12px;--theme-line-height:1.3;} [data-prefix=\"single_page\"] .hero-section[data-type=\"type-2\"] {background-color:var(--theme-palette-color-3);background-image:none;--container-padding:0px 0;}","tablet":"[data-prefix=\"single_page\"] .entry-header .page-title {--theme-font-size:30px;}","mobile":"[data-prefix=\"single_page\"] .entry-header .page-title {--theme-font-size:25px;}"},"google_fonts":{"Teko":["n7"],"Prompt":["n6","n4"]},"version":6},"page_title_panel":"","has_hero_section":"enabled","e384e7d65bb155b2f454a023a6096b97":"","hero_section":"type-2","hero_elements":[{"id":"custom_title","enabled":true,"heading_tag":"h1","title":"Home"},{"id":"custom_description","enabled":true,"description_visibility":{"desktop":true,"tablet":true,"mobile":false}},{"id":"custom_meta","enabled":false,"meta_elements":[{"id":"author","enabled":true,"label":"By","has_author_avatar":"yes","avatar_size":25},{"id":"post_date","enabled":true,"label":"On","date_format_source":"default","date_format":"M j, Y"},{"id":"updated_date","enabled":false,"label":"On","date_format_source":"default","date_format":"M j, Y"},{"id":"categories","enabled":false,"label":"In","style":"simple"},{"id":"comments","enabled":true}],"page_meta_elements":{"joined":true,"articles_count":true,"comments":true}},{"id":"breadcrumbs","enabled":false}],"dde6212cfc3d268fec0fb637838d293a":"","hero_alignment1":"CT_CSS_SKIP_RULE","hero_margin":40,"hero_alignment2":"center","hero_vertical_alignment":"center","383b1b9c1cedb02d23f085fff232622a":"","hero_structure":"narrow","1d09bb831c695011306973f2328e2cdc":"","page_title_bg_type":"color","custom_hero_background":{"attachment_id":null},"parallax":{"desktop":false,"tablet":false,"mobile":false},"522f6d79c01a8a0c2f62efa2e661a02c":"","hero_height":"250px","pageTitleFont":{"family":"Teko","variation":"n7","size":{"desktop":"50px","tablet":"30px","mobile":"25px","__changed":[]},"line-height":"CT_CSS_SKIP_RULE","letter-spacing":"CT_CSS_SKIP_RULE","text-transform":"uppercase","text-decoration":"CT_CSS_SKIP_RULE"},"pageTitleFontColor":{"default":{"color":"var(--theme-palette-color-4)"}},"pageMetaFont":{"family":"Default","variation":"n6","size":"12px","line-height":"1.3","letter-spacing":"CT_CSS_SKIP_RULE","text-transform":"uppercase","text-decoration":"CT_CSS_SKIP_RULE"},"pageMetaFontColor":{"default":{"color":"CT_CSS_SKIP_RULEDEFAULT"},"hover":{"color":"CT_CSS_SKIP_RULEDEFAULT"}},"page_meta_button_type_font_colors":{"default":{"color":"CT_CSS_SKIP_RULEDEFAULT"},"hover":{"color":"CT_CSS_SKIP_RULEDEFAULT"}},"page_meta_button_type_background_colors":{"default":{"color":"CT_CSS_SKIP_RULEDEFAULT"},"hover":{"color":"CT_CSS_SKIP_RULEDEFAULT"}},"pageExcerptFont":{"family":"Default","variation":"Default","size":"CT_CSS_SKIP_RULE","line-height":"CT_CSS_SKIP_RULE","letter-spacing":"CT_CSS_SKIP_RULE","text-transform":"CT_CSS_SKIP_RULE","text-decoration":"CT_CSS_SKIP_RULE"},"pageExcerptColor":{"default":{"color":"CT_CSS_SKIP_RULEDEFAULT"}},"breadcrumbsFont":{"family":"Default","variation":"Default","size":"CT_CSS_SKIP_RULE","line-height":"CT_CSS_SKIP_RULE","letter-spacing":"CT_CSS_SKIP_RULE","text-transform":"CT_CSS_SKIP_RULE","text-decoration":"CT_CSS_SKIP_RULE"},"breadcrumbsFontColor":{"default":{"color":"CT_CSS_SKIP_RULEDEFAULT"},"initial":{"color":"CT_CSS_SKIP_RULEDEFAULT"},"hover":{"color":"CT_CSS_SKIP_RULEDEFAULT"}},"pageTitleOverlay":{"default":{"color":"CT_CSS_SKIP_RULE"}},"pageTitleBackground":{"background_type":"color","background_pattern":"type-7","background_image":{"attachment_id":null,"x":0,"y":0},"gradient":"linear-gradient(135deg,rgba(6,147,227,1) 0%,rgb(155,81,224) 100%)","background_repeat":"no-repeat","background_size":"auto","background_attachment":"scroll","patternColor":{"default":{"color":"var(--theme-palette-color-2)"}},"overlayColor":{"default":{"color":"CT_CSS_SKIP_RULE"}},"backgroundColor":{"default":{"color":"var(--theme-palette-color-3)"}}},"pageTitlePadding":{"top":"50px","bottom":"50px","left":"auto","right":"auto","linked":true,"desktop":{"top":"0px","bottom":"0px","left":"auto","right":"auto","linked":true},"tablet":{"top":"0px","bottom":"0px","left":"auto","right":"auto","linked":true},"mobile":{"top":"0px","bottom":"0px","left":"auto","right":"auto","linked":true},"__changed":[]},"0c5ed79ebaec1657ea80b01f00fe01b7":"","page_structure_type":"type-3","5af7cf211763b8d9a34bf2f15bcf1274":"","content_style_source":"inherit","content_style":"wide","vertical_spacing_source":"custom","content_area_spacing":"both","background":{"background_type":"color","background_pattern":"type-1","background_image":{"attachment_id":null,"x":0,"y":0},"gradient":"linear-gradient(135deg,rgba(6,147,227,1) 0%,rgb(155,81,224) 100%)","background_repeat":"no-repeat","background_size":"auto","background_attachment":"scroll","patternColor":{"default":{"color":"#e5e7ea"}},"overlayColor":{"default":{"color":"CT_CSS_SKIP_RULE"}},"backgroundColor":{"default":{"color":"CT_CSS_SKIP_RULE"}}},"content_background":{"background_type":"color","background_pattern":"type-1","background_image":{"attachment_id":null,"x":0,"y":0},"gradient":"linear-gradient(135deg,rgba(6,147,227,1) 0%,rgb(155,81,224) 100%)","background_repeat":"no-repeat","background_size":"auto","background_attachment":"scroll","patternColor":{"default":{"color":"#e5e7ea"}},"overlayColor":{"default":{"color":"CT_CSS_SKIP_RULE"}},"backgroundColor":{"default":{"color":"var(--theme-palette-color-8)"}}},"content_boxed_shadow":{"inherit":false,"blur":18,"spread":-6,"v_offset":12,"h_offset":0,"inset":false,"enable":true,"color":{"color":"rgba(34, 56, 101, 0.04)"}},"boxed_content_spacing":{"desktop":{"top":"40px","bottom":"40px","left":"40px","right":"40px","linked":true},"tablet":{"top":"35px","bottom":"35px","left":"35px","right":"35px","linked":true},"mobile":{"top":"20px","bottom":"20px","left":"20px","right":"20px","linked":true}},"content_boxed_radius":{"top":"3px","bottom":"3px","left":"3px","right":"3px","linked":true},"91a8885b3cbf4f9b286296bfea0b8ae1":"","disable_featured_image":"no","disable_header":"no","disable_footer":"no","e75567f6cca61f6150447daf750dbb6a":"","32393391bab421d977a2afd0ac5685aa":"","01831696c145faf7fd3014048a472402":"","235142c583ef22266d449e4f582fb86b":"","1e3d690d38caee813c6f730579d5dc95":"","67106711bb17d778329d8edebc62a9b9":"","e0cf88eaa8ec8b590ca1b925b683d0d9":"","9096b0d119ed4effb3b020783d75104e":"","30e2b3ac57fe39a6506eab667b9b4432":"","297d174061c52ca283d14bc32d7631df":"","df03fc8987c98ddb4bc2a1bcab37e113":"","0c0f4d1d51a5c7a8dc62b7afd67622de":"","986eea6ccc38d034c322bae6c6f6b13c":"","bbf0456ea3d23a1377eef742d9c23089":"","52d404dc2f552744299281ecfffe5e3e":"","7c4503837d7c8c147c10ab8f0494e0fc":"","572c46a5b5a5169e2a2076d5d614fe81":"","937cbaeed53c3792774d26e6582a3426":"","88ab77f27fb7c1c397b355b8e9264a3a":"","95c8857b3208c413e514b20a686e51b4":"","9263ff40c4770a068cb47701135da4e2":"","12278fff4f3f26476dc361d1803c1c03":"","4e6ad6a27c108fb4945cf295eb946013":"","6b1b88e7ab6f2f1ec4416266a87baeca":"","5acec21ceecbbe00f90953ba0afa860d":"","a451bbabb038375373d2e8d1846c061a":"","34602ee41acbf359bca5044194bbda95":"","80b8245a0d92ba0b5cad74beab6f87ed":"","a7a4278fad42fbee82632d8afca57276":"","b39cbef6782c457846f1b746771b281a":"","804d7a2da4d72361dcf4f9f31b0e4f7f":"","429361224c2a77f47ff1f652850d56a4":"","2392ea4274c8db08c12fbe17c0dacdb1":"","9929ba501397b17b68b014cb435e9b1f":"","ad27a7970395bdd058d69248d292c05e":"","ea3b40d5d7e9b826c977108e2237b33c":"","bbc0acd41a8b132bf3495550e38d914d":"","3e203d2db217733149afa4724d16e985":"","2a90740a0877a1f112a6b5b22963e961":"","aef41ecd851c70f99fabdcc160732c66":"","f8527290bb7e59a3733ff364f3ffa46d":"","5b4638ddacd222c0ae946958e2adb4aa":"","842e528ad31c82574e535d301bcff584":"","55802dc673e686a0e59c108d35fa3458":"","06d81db2e34a089d55f8b85bbf7658e3":"","99c98b71ef4e35190f2ee6a455b69033":"","6828f91447f5baec1d64c41cbc677c92":"","ec88dacad5b2d2a76df45e5b2eee5d72":"","d86bc56090973a39ea36646a2c761781":"","9271f3523c89e32e8604e1156c008298":"","b964e3fe7d0e85e6f7681ee15739124b":"","c83f6cd1e4877420fd18463bbea429f3":"","57f2477525b8b47d2d946d2704613bbe":"","fae3f15f6299c99648fecb8457399c99":"","4232704231254f925e32324fa52e176f":"","c9d2b0b8bbda123638d1c58a3e6ee474":"","c96436e8a7a2660a6db58f9262784f24":"","17136f3627ce181a914d966ad65902b8":"","c55367a4fd149521ff24c8c8efdc8c94":"","44d9a85c8e22f65ca07a46744aef2e50":"","bb4b0c400fb88463512b98335892e702":"","298605b1f01fe0b343ff8372c298819c":"","1878e5f1bdddde51d7051706af709f13":"","a1b8b8dada3bdf486589591da46e5778":""},"featured_image_urls_v2":{"full":"","thumbnail":"","medium":"","medium_large":"","large":"","1536x1536":"","2048x2048":"","trp-custom-language-flag":"","vp_sm":"","vp_md":"","vp_lg":"","vp_xl":"","vp_sm_popup":"","vp_md_popup":"","vp_xl_popup":""},"post_excerpt_stackable_v2":"<p>Szeroka gama specjalistycznych zawor\u00f3w do k\u00f3\u0142 bezd\u0119tkowych i d\u0119tkowych do: samochod\u00f3w osobowychmotocyklisamochod\u00f3w ci\u0119\u017carowychci\u0105gnik\u00f3w i maszyn rolniczychk\u00f3\u0142 wielkogabarytowychTPMS A tak\u017ce: wk\u0142ady, kapturki i przed\u0142u\u017cki zawor\u00f3wnarz\u0119dzia do zawor\u00f3w Zam\u00f3w w E-sklepie<\/p>\n","category_list_v2":"","author_info_v2":{"name":"Dariusz Brz\u00f3ska","url":"https:\/\/artus.com.pl\/en\/author\/dariuszbrzoska\/"},"comments_num_v2":"0 comments","uagb_featured_image_src":{"full":false,"thumbnail":false,"medium":false,"medium_large":false,"large":false,"1536x1536":false,"2048x2048":false,"trp-custom-language-flag":false,"vp_sm":false,"vp_md":false,"vp_lg":false,"vp_xl":false,"vp_sm_popup":false,"vp_md_popup":false,"vp_xl_popup":false},"uagb_author_info":{"display_name":"Dariusz Brz\u00f3ska","author_link":"https:\/\/artus.com.pl\/en\/author\/dariuszbrzoska\/"},"uagb_comment_info":0,"uagb_excerpt":"Szeroka gama specjalistycznych zawor\u00f3w do k\u00f3\u0142 bezd\u0119tkowych i d\u0119tkowych do: samochod\u00f3w osobowych motocykli samochod\u00f3w ci\u0119\u017carowych ci\u0105gnik\u00f3w i maszyn rolniczych k\u00f3\u0142 wielkogabarytowych TPMS A tak\u017ce: wk\u0142ady, kapturki i przed\u0142u\u017cki zawor\u00f3w narz\u0119dzia do zawor\u00f3w Zam\u00f3w w E-sklepie","_links":{"self":[{"href":"https:\/\/artus.com.pl\/en\/wp-json\/wp\/v2\/pages\/424","targetHints":{"allow":["GET"]}}],"collection":[{"href":"https:\/\/artus.com.pl\/en\/wp-json\/wp\/v2\/pages"}],"about":[{"href":"https:\/\/artus.com.pl\/en\/wp-json\/wp\/v2\/types\/page"}],"author":[{"embeddable":true,"href":"https:\/\/artus.com.pl\/en\/wp-json\/wp\/v2\/users\/2"}],"replies":[{"embeddable":true,"href":"https:\/\/artus.com.pl\/en\/wp-json\/wp\/v2\/comments?post=424"}],"version-history":[{"count":5,"href":"https:\/\/artus.com.pl\/en\/wp-json\/wp\/v2\/pages\/424\/revisions"}],"predecessor-version":[{"id":2439,"href":"https:\/\/artus.com.pl\/en\/wp-json\/wp\/v2\/pages\/424\/revisions\/2439"}],"up":[{"embeddable":true,"href":"https:\/\/artus.com.pl\/en\/wp-json\/wp\/v2\/pages\/877"}],"wp:attachment":[{"href":"https:\/\/artus.com.pl\/en\/wp-json\/wp\/v2\/media?parent=424"}],"curies":[{"name":"wp","href":"https:\/\/api.w.org\/{rel}","templated":true}]}}