{"id":422,"date":"2021-09-13T20:42:04","date_gmt":"2021-09-13T18:42:04","guid":{"rendered":"http:\/\/test.artus.com.pl\/?page_id=422"},"modified":"2025-08-14T10:10:12","modified_gmt":"2025-08-14T08:10:12","slug":"produkty-chemiczne","status":"publish","type":"page","link":"https:\/\/artus.com.pl\/en\/produkty\/produkty-chemiczne\/","title":{"rendered":"Chemical products"},"content":{"rendered":"<div class=\"alignwide wp-block-ugb-feature ugb-feature ugb-b3fdbc1 ugb-feature--v2 ugb-feature--design-basic ugb-feature--invert ugb-main-block\"><style>.ugb-b3fdbc1 .ugb-button .ugb-button--inner{color:var(--theme-palette-color-1,#f4c916) !important}.ugb-b3fdbc1 .ugb-button{border-color:var(--theme-palette-color-1,#f4c916) !important}.ugb-b3fdbc1 .ugb-button:hover{border-color:var(--theme-palette-color-1,#f4c916) !important;background-color:var(--theme-palette-color-1,#f4c916) !important;opacity:1}.ugb-b3fdbc1 .ugb-button:hover .ugb-button--inner{color:var(--theme-palette-color-4,#ffffff) !important}.ugb-b3fdbc1 .ugb-button:before{content:\"\";background-image:linear-gradient(90deg,var(--theme-palette-color-1,#f4c916),var(--theme-palette-color-1,#f4c916))}.ugb-b3fdbc1 .ugb-inner-block{text-align:left}<\/style><div class=\"ugb-inner-block\"><div class=\"ugb-block-content\"><div class=\"ugb-feature__item\"><div class=\"ugb-feature__content\"><h2 class=\"ugb-feature__title\">Vulcanizing Adhesives<\/h2><p class=\"ugb-feature__description\">In the tire repair process, the right vulcanizing fluids are extremely important. Both quick-drying adhesives for cold repairs and adhesives designed for hot vulcanization are key components of a professional and durable tire repair. When used in conjunction with the appropriate patches or plugs, they help restore the full properties of the repaired tire or tube.<\/p><div class=\"ugb-button-container\"><a class=\"ugb-button ugb-button--size-normal ugb-button--ghost-to-normal-effect ugb-button--design-ghost\" href=\"https:\/\/dlaserwisu.pl\/eng_m_Tyre-Repair_Chemical-Products_Vulcanizing-Cement-175.html\" target=\"_blank\" rel=\"noopener noreferrer\" title=\"\"><span class=\"ugb-button--inner\">Order online<\/span><\/a><\/div><\/div><div class=\"ugb-feature__image-side\"><img loading=\"lazy\" decoding=\"async\" width=\"191\" height=\"300\" class=\"ugb-feature__image ugb-img wp-image-1516 ugb-image--shape-stretch\" src=\"https:\/\/artus.com.pl\/wp-content\/uploads\/2021\/09\/Kleje-do-detek-opon-i-surowki-191x300.webp\" alt=\"\" title=\"\" srcset=\"https:\/\/artus.com.pl\/wp-content\/uploads\/2021\/09\/Kleje-do-detek-opon-i-surowki-191x300.webp 191w, https:\/\/artus.com.pl\/wp-content\/uploads\/2021\/09\/Kleje-do-detek-opon-i-surowki-651x1024.webp 651w, https:\/\/artus.com.pl\/wp-content\/uploads\/2021\/09\/Kleje-do-detek-opon-i-surowki-768x1209.webp 768w, https:\/\/artus.com.pl\/wp-content\/uploads\/2021\/09\/Kleje-do-detek-opon-i-surowki-976x1536.webp 976w, https:\/\/artus.com.pl\/wp-content\/uploads\/2021\/09\/Kleje-do-detek-opon-i-surowki.webp 1200w\" sizes=\"auto, (max-width: 191px) 100vw, 191px\" \/><\/div><\/div><\/div><\/div><\/div>\n\n\n\n<div class=\"alignwide wp-block-ugb-feature ugb-feature ugb-706900f ugb-feature--v2 ugb-feature--design-basic ugb-main-block\"><style>.ugb-706900f .ugb-button .ugb-button--inner{color:var(--theme-palette-color-1,#f4c916) !important}.ugb-706900f .ugb-button{border-color:var(--theme-palette-color-1,#f4c916) !important}.ugb-706900f .ugb-button:hover{border-color:var(--theme-palette-color-1,#f4c916) !important;background-color:var(--theme-palette-color-1,#f4c916) !important;opacity:1}.ugb-706900f .ugb-button:hover .ugb-button--inner{color:var(--theme-palette-color-4,#ffffff) !important}.ugb-706900f .ugb-button:before{content:\"\";background-image:linear-gradient(90deg,var(--theme-palette-color-1,#f4c916),var(--theme-palette-color-1,#f4c916))}.ugb-706900f .ugb-inner-block{text-align:left}<\/style><div class=\"ugb-inner-block\"><div class=\"ugb-block-content\"><div class=\"ugb-feature__item\"><div class=\"ugb-feature__content\"><h2 class=\"ugb-feature__title\">Rubber Roughening Fluids<\/h2><p class=\"ugb-feature__description\">Essential agents that allow for the quick and effective removal of the butyl layer of the tire. The fluid superbly degreases and cleans the repaired surface, enhancing the entire repair process and ensuring a better repair outcome. Using rubber roughening agents results in a faster, more efficient, and less labor-intensive repair.<\/p><div class=\"ugb-button-container\"><a class=\"ugb-button ugb-button--size-normal ugb-button--ghost-to-normal-effect ugb-button--design-ghost\" href=\"https:\/\/dlaserwisu.pl\/eng_m_Tyre-Repair_Chemical-Products_Buffing-Liquid-176.html\" target=\"_blank\" rel=\"noopener noreferrer\" title=\"\"><span class=\"ugb-button--inner\">Order online<\/span><\/a><\/div><\/div><div class=\"ugb-feature__image-side\"><img loading=\"lazy\" decoding=\"async\" width=\"185\" height=\"300\" class=\"ugb-feature__image ugb-img wp-image-1519 ugb-image--shape-stretch\" src=\"https:\/\/artus.com.pl\/wp-content\/uploads\/2021\/09\/Plyny-do-szorstkowania-gumy-185x300.webp\" alt=\"\" title=\"\" srcset=\"https:\/\/artus.com.pl\/wp-content\/uploads\/2021\/09\/Plyny-do-szorstkowania-gumy-185x300.webp 185w, https:\/\/artus.com.pl\/wp-content\/uploads\/2021\/09\/Plyny-do-szorstkowania-gumy-630x1024.webp 630w, https:\/\/artus.com.pl\/wp-content\/uploads\/2021\/09\/Plyny-do-szorstkowania-gumy-768x1247.webp 768w, https:\/\/artus.com.pl\/wp-content\/uploads\/2021\/09\/Plyny-do-szorstkowania-gumy-946x1536.webp 946w, https:\/\/artus.com.pl\/wp-content\/uploads\/2021\/09\/Plyny-do-szorstkowania-gumy.webp 1200w\" sizes=\"auto, (max-width: 185px) 100vw, 185px\" \/><\/div><\/div><\/div><\/div><\/div>\n\n\n\n<div class=\"alignwide wp-block-ugb-feature ugb-feature ugb-df4a997 ugb-feature--v2 ugb-feature--design-basic ugb-feature--invert ugb-main-block\"><style>.ugb-df4a997 .ugb-button .ugb-button--inner{color:var(--theme-palette-color-1,#f4c916) !important}.ugb-df4a997 .ugb-button{border-color:var(--theme-palette-color-1,#f4c916) !important}.ugb-df4a997 .ugb-button:hover{border-color:var(--theme-palette-color-1,#f4c916) !important;background-color:var(--theme-palette-color-1,#f4c916) !important;opacity:1}.ugb-df4a997 .ugb-button:hover .ugb-button--inner{color:var(--theme-palette-color-4,#ffffff) !important}.ugb-df4a997 .ugb-button:before{content:\"\";background-image:linear-gradient(90deg,var(--theme-palette-color-1,#f4c916),var(--theme-palette-color-1,#f4c916))}.ugb-df4a997 .ugb-inner-block{text-align:left}<\/style><div class=\"ugb-inner-block\"><div class=\"ugb-block-content\"><div class=\"ugb-feature__item\"><div class=\"ugb-feature__content\"><h2 class=\"ugb-feature__title\">Sealants<\/h2><p class=\"ugb-feature__description\">Sealants are available in two types:<br>- \"BEAD SEALER\" rim sealant based on rubber, which ensures sealing at the tire bead-to-rim interface. Additionally, it can be used to seal the contact between the rubber valve and the rim.<br>- \"SEALINER\" patch sealant, designed to rebuild the butyl rubber (hermetic layer) removed during the repair of a tubeless tire.<br><br>All sealants come in packages with brushes, making their application easy and convenient.<\/p><div class=\"ugb-button-container\"><a class=\"ugb-button ugb-button--size-normal ugb-button--ghost-to-normal-effect ugb-button--design-ghost\" href=\"https:\/\/dlaserwisu.pl\/product-eng-28-Bead-Sealer-0-95-l.html?query_id=13\" target=\"_blank\" rel=\"noopener noreferrer\" title=\"\"><span class=\"ugb-button--inner\">Order online<\/span><\/a><\/div><\/div><div class=\"ugb-feature__image-side\"><img loading=\"lazy\" decoding=\"async\" width=\"218\" height=\"300\" class=\"ugb-feature__image ugb-img wp-image-1523 ugb-image--shape-stretch\" src=\"https:\/\/artus.com.pl\/wp-content\/uploads\/2021\/09\/Uszczelniacze-do-felg-i-do-lat-218x300.webp\" alt=\"\" title=\"\" srcset=\"https:\/\/artus.com.pl\/wp-content\/uploads\/2021\/09\/Uszczelniacze-do-felg-i-do-lat-218x300.webp 218w, https:\/\/artus.com.pl\/wp-content\/uploads\/2021\/09\/Uszczelniacze-do-felg-i-do-lat-746x1024.webp 746w, https:\/\/artus.com.pl\/wp-content\/uploads\/2021\/09\/Uszczelniacze-do-felg-i-do-lat-768x1055.webp 768w, https:\/\/artus.com.pl\/wp-content\/uploads\/2021\/09\/Uszczelniacze-do-felg-i-do-lat-1118x1536.webp 1118w, https:\/\/artus.com.pl\/wp-content\/uploads\/2021\/09\/Uszczelniacze-do-felg-i-do-lat.webp 1200w\" sizes=\"auto, (max-width: 218px) 100vw, 218px\" \/><\/div><\/div><\/div><\/div><\/div>\n\n\n\n<div class=\"alignwide wp-block-ugb-feature ugb-feature ugb-03c352b ugb-feature--v2 ugb-feature--design-basic ugb-main-block\"><style>.ugb-03c352b .ugb-button .ugb-button--inner{color:var(--theme-palette-color-1,#f4c916) !important}.ugb-03c352b .ugb-button{border-color:var(--theme-palette-color-1,#f4c916) !important}.ugb-03c352b .ugb-button:hover{border-color:var(--theme-palette-color-1,#f4c916) !important;background-color:var(--theme-palette-color-1,#f4c916) !important;opacity:1}.ugb-03c352b .ugb-button:hover .ugb-button--inner{color:var(--theme-palette-color-4,#ffffff) !important}.ugb-03c352b .ugb-button:before{content:\"\";background-image:linear-gradient(90deg,var(--theme-palette-color-1,#f4c916),var(--theme-palette-color-1,#f4c916))}.ugb-03c352b .ugb-inner-block{text-align:left}<\/style><div class=\"ugb-inner-block\"><div class=\"ugb-block-content\"><div class=\"ugb-feature__item\"><div class=\"ugb-feature__content\"><h2 class=\"ugb-feature__title\">Tire Talc<\/h2><p class=\"ugb-feature__description\">Used during the installation of tubes in tires.<br>They prevent the rubber from sticking and bonding together. They allow for the even positioning of the tube inside the tire during inflation.<\/p><div class=\"ugb-button-container\"><a class=\"ugb-button ugb-button--size-normal ugb-button--ghost-to-normal-effect ugb-button--design-ghost\" href=\"https:\/\/dlaserwisu.pl\/eng_m_Wheel-Tyre-Change_Tyre-Mounting-Care_Talc-235.html\" target=\"_blank\" rel=\"noopener noreferrer\" title=\"\"><span class=\"ugb-button--inner\">Order online<\/span><\/a><\/div><\/div><div class=\"ugb-feature__image-side\"><img loading=\"lazy\" decoding=\"async\" width=\"154\" height=\"300\" class=\"ugb-feature__image ugb-img wp-image-1526 ugb-image--shape-stretch\" src=\"https:\/\/artus.com.pl\/wp-content\/uploads\/2021\/09\/Talk-do-opon-154x300.webp\" alt=\"\" title=\"\" srcset=\"https:\/\/artus.com.pl\/wp-content\/uploads\/2021\/09\/Talk-do-opon-154x300.webp 154w, https:\/\/artus.com.pl\/wp-content\/uploads\/2021\/09\/Talk-do-opon-525x1024.webp 525w, https:\/\/artus.com.pl\/wp-content\/uploads\/2021\/09\/Talk-do-opon-768x1499.webp 768w, https:\/\/artus.com.pl\/wp-content\/uploads\/2021\/09\/Talk-do-opon-787x1536.webp 787w, https:\/\/artus.com.pl\/wp-content\/uploads\/2021\/09\/Talk-do-opon-1049x2048.webp 1049w, https:\/\/artus.com.pl\/wp-content\/uploads\/2021\/09\/Talk-do-opon.webp 1200w\" sizes=\"auto, (max-width: 154px) 100vw, 154px\" \/><\/div><\/div><\/div><\/div><\/div>\n\n\n\n<div class=\"alignwide wp-block-ugb-feature ugb-feature ugb-69cb07a ugb-feature--v2 ugb-feature--design-basic ugb-feature--invert ugb-main-block\"><style>.ugb-69cb07a .ugb-button .ugb-button--inner{color:var(--theme-palette-color-1,#f4c916) !important}.ugb-69cb07a .ugb-button{border-color:var(--theme-palette-color-1,#f4c916) !important}.ugb-69cb07a .ugb-button:hover{border-color:var(--theme-palette-color-1,#f4c916) !important;background-color:var(--theme-palette-color-1,#f4c916) !important;opacity:1}.ugb-69cb07a .ugb-button:hover .ugb-button--inner{color:var(--theme-palette-color-4,#ffffff) !important}.ugb-69cb07a .ugb-button:before{content:\"\";background-image:linear-gradient(90deg,var(--theme-palette-color-1,#f4c916),var(--theme-palette-color-1,#f4c916))}.ugb-69cb07a .ugb-inner-block{text-align:left}<\/style><div class=\"ugb-inner-block\"><div class=\"ugb-block-content\"><div class=\"ugb-feature__item\"><div class=\"ugb-feature__content\"><h2 class=\"ugb-feature__title\">Tire Leak Detection Fluids<\/h2><p class=\"ugb-feature__description\">Used to locate damage in inner tubes or tires. Additionally, they are indispensable for checking the sealing of valves. Available in the form of a highly efficient concentrate that can be diluted in proportions of up to 1:8.<\/p><div class=\"ugb-button-container\"><a class=\"ugb-button ugb-button--size-normal ugb-button--ghost-to-normal-effect ugb-button--design-ghost\" href=\"https:\/\/dlaserwisu.pl\/eng_m_Wheel-Tyre-Change_Tyre-Mounting-Care_Leak-Seeker-237.html\" target=\"_blank\" rel=\"noopener noreferrer\" title=\"\"><span class=\"ugb-button--inner\">Order online<\/span><\/a><\/div><\/div><div class=\"ugb-feature__image-side\"><img loading=\"lazy\" decoding=\"async\" width=\"96\" height=\"300\" class=\"ugb-feature__image ugb-img wp-image-1529 ugb-image--shape-stretch\" src=\"https:\/\/artus.com.pl\/wp-content\/uploads\/2021\/09\/Plyny-do-lokalizacji-przebic-96x300.webp\" alt=\"\" title=\"\" srcset=\"https:\/\/artus.com.pl\/wp-content\/uploads\/2021\/09\/Plyny-do-lokalizacji-przebic-96x300.webp 96w, https:\/\/artus.com.pl\/wp-content\/uploads\/2021\/09\/Plyny-do-lokalizacji-przebic-327x1024.webp 327w, https:\/\/artus.com.pl\/wp-content\/uploads\/2021\/09\/Plyny-do-lokalizacji-przebic-768x2405.webp 768w, https:\/\/artus.com.pl\/wp-content\/uploads\/2021\/09\/Plyny-do-lokalizacji-przebic-490x1536.webp 490w, https:\/\/artus.com.pl\/wp-content\/uploads\/2021\/09\/Plyny-do-lokalizacji-przebic-654x2048.webp 654w, https:\/\/artus.com.pl\/wp-content\/uploads\/2021\/09\/Plyny-do-lokalizacji-przebic-scaled.webp 817w\" sizes=\"auto, (max-width: 96px) 100vw, 96px\" \/><\/div><\/div><\/div><\/div><\/div>\n\n\n\n<p><\/p>","protected":false},"excerpt":{"rendered":"<p>Kleje wulkanizacyjne W procesie naprawy opony niezwykle wa\u017cne s\u0105 odpowiednie p\u0142yny wulkanizacyjne. Zar\u00f3wno kleje szybkoschn\u0105ce do napraw na zimno jak i kleje przeznaczone do wulkanizacji na gor\u0105co s\u0105 jednym z kluczowych element\u00f3w profesjonalnej i trwa\u0142ej naprawy ogumienia. W po\u0142\u0105czeniu z odpowiednimi \u0142atkami lub ko\u0142kami pomagaj\u0105 przywr\u00f3ci\u0107 pe\u0142ne w\u0142a\u015bciwo\u015bci reperowanej opony lub d\u0119tki. Zam\u00f3w w E-sklepie [&hellip;]<\/p>\n","protected":false},"author":2,"featured_media":0,"parent":877,"menu_order":0,"comment_status":"closed","ping_status":"closed","template":"","meta":{"_seopress_robots_primary_cat":"","_seopress_titles_title":"Produkty chemiczne do wulkanizacji \u2013 oferta Artus Sp. z o.o.","_seopress_titles_desc":"Produkty chemiczne do wulkanizacji i serwis\u00f3w oponiarskich. Wysoka jako\u015b\u0107, skuteczno\u015b\u0107 i trwa\u0142o\u015b\u0107 w codziennej pracy warsztat\u00f3w. Sprawd\u017a ofert\u0119 Artus.","_seopress_robots_index":"","_uag_custom_page_level_css":"","_vp_format_video_url":"","_vp_image_focal_point":[],"footnotes":""},"class_list":["post-422","page","type-page","status-publish","hentry"],"blocksy_meta":{"styles_descriptor":{"styles":{"desktop":"[data-prefix=\"single_page\"] .entry-header .page-title {--theme-font-family:Teko, Sans-Serif;--theme-font-weight:700;--theme-text-transform:uppercase;--theme-font-size:50px;--theme-heading-color:var(--theme-palette-color-4);} [data-prefix=\"single_page\"] .entry-header .entry-meta {--theme-font-weight:600;--theme-text-transform:uppercase;--theme-font-size:12px;--theme-line-height:1.3;} [data-prefix=\"single_page\"] .hero-section[data-type=\"type-2\"] {background-color:var(--theme-palette-color-3);background-image:none;--container-padding:0px 0;}","tablet":"[data-prefix=\"single_page\"] .entry-header .page-title {--theme-font-size:30px;}","mobile":"[data-prefix=\"single_page\"] .entry-header .page-title {--theme-font-size:25px;}"},"google_fonts":{"Teko":["n7"],"Prompt":["n6","n4"]},"version":6},"page_title_panel":"","has_hero_section":"enabled","da1cd6459b35da261ce20ca86c4d7d3f":"","hero_section":"type-2","hero_elements":[{"id":"custom_title","enabled":true,"heading_tag":"h1","title":"Home"},{"id":"custom_description","enabled":true,"description_visibility":{"desktop":true,"tablet":true,"mobile":false}},{"id":"custom_meta","enabled":false,"meta_elements":[{"id":"author","enabled":true,"label":"By","has_author_avatar":"yes","avatar_size":25},{"id":"post_date","enabled":true,"label":"On","date_format_source":"default","date_format":"M j, Y"},{"id":"updated_date","enabled":false,"label":"On","date_format_source":"default","date_format":"M j, Y"},{"id":"categories","enabled":false,"label":"In","style":"simple"},{"id":"comments","enabled":true}],"page_meta_elements":{"joined":true,"articles_count":true,"comments":true}},{"id":"breadcrumbs","enabled":false}],"ff840d849bf2d834929c338abe7be73d":"","hero_alignment1":"CT_CSS_SKIP_RULE","hero_margin":40,"hero_alignment2":"center","hero_vertical_alignment":"center","bdf6a565688a32e749c9beb316802603":"","hero_structure":"narrow","b659b9d8ecd84daa735f252424e5becd":"","page_title_bg_type":"featured_image","custom_hero_background":{"attachment_id":null},"parallax":{"desktop":false,"tablet":false,"mobile":false},"983a3e559fc16365b8748b4d51924d2c":"","hero_height":"250px","pageTitleFont":{"family":"Teko","variation":"n7","size":{"desktop":"50px","tablet":"30px","mobile":"25px","__changed":[]},"line-height":"CT_CSS_SKIP_RULE","letter-spacing":"CT_CSS_SKIP_RULE","text-transform":"uppercase","text-decoration":"CT_CSS_SKIP_RULE"},"pageTitleFontColor":{"default":{"color":"var(--theme-palette-color-4)"}},"pageMetaFont":{"family":"Default","variation":"n6","size":"12px","line-height":"1.3","letter-spacing":"CT_CSS_SKIP_RULE","text-transform":"uppercase","text-decoration":"CT_CSS_SKIP_RULE"},"pageMetaFontColor":{"default":{"color":"CT_CSS_SKIP_RULEDEFAULT"},"hover":{"color":"CT_CSS_SKIP_RULEDEFAULT"}},"page_meta_button_type_font_colors":{"default":{"color":"CT_CSS_SKIP_RULEDEFAULT"},"hover":{"color":"CT_CSS_SKIP_RULEDEFAULT"}},"page_meta_button_type_background_colors":{"default":{"color":"CT_CSS_SKIP_RULEDEFAULT"},"hover":{"color":"CT_CSS_SKIP_RULEDEFAULT"}},"pageExcerptFont":{"family":"Default","variation":"Default","size":"CT_CSS_SKIP_RULE","line-height":"CT_CSS_SKIP_RULE","letter-spacing":"CT_CSS_SKIP_RULE","text-transform":"CT_CSS_SKIP_RULE","text-decoration":"CT_CSS_SKIP_RULE"},"pageExcerptColor":{"default":{"color":"CT_CSS_SKIP_RULEDEFAULT"}},"breadcrumbsFont":{"family":"Default","variation":"Default","size":"CT_CSS_SKIP_RULE","line-height":"CT_CSS_SKIP_RULE","letter-spacing":"CT_CSS_SKIP_RULE","text-transform":"CT_CSS_SKIP_RULE","text-decoration":"CT_CSS_SKIP_RULE"},"breadcrumbsFontColor":{"default":{"color":"CT_CSS_SKIP_RULEDEFAULT"},"initial":{"color":"CT_CSS_SKIP_RULEDEFAULT"},"hover":{"color":"CT_CSS_SKIP_RULEDEFAULT"}},"pageTitleOverlay":{"default":{"color":"CT_CSS_SKIP_RULE"}},"pageTitleBackground":{"background_type":"color","background_pattern":"type-7","background_image":{"attachment_id":null,"x":0,"y":0},"gradient":"linear-gradient(135deg,rgba(6,147,227,1) 0%,rgb(155,81,224) 100%)","background_repeat":"no-repeat","background_size":"auto","background_attachment":"scroll","patternColor":{"default":{"color":"var(--theme-palette-color-2)"}},"overlayColor":{"default":{"color":"CT_CSS_SKIP_RULE"}},"backgroundColor":{"default":{"color":"var(--theme-palette-color-3)"}}},"pageTitlePadding":{"top":"50px","bottom":"50px","left":"auto","right":"auto","linked":true,"desktop":{"top":"0px","bottom":"0px","left":"auto","right":"auto","linked":true},"tablet":{"top":"0px","bottom":"0px","left":"auto","right":"auto","linked":true},"mobile":{"top":"0px","bottom":"0px","left":"auto","right":"auto","linked":true},"__changed":[]},"e33a47fe5c9c0d21623393d7080839cf":"","page_structure_type":"type-3","d3200c8ff862c7ee34988ae960459cff":"","content_style_source":"inherit","content_style":"wide","vertical_spacing_source":"custom","content_area_spacing":"both","background":{"background_type":"color","background_pattern":"type-1","background_image":{"attachment_id":null,"x":0,"y":0},"gradient":"linear-gradient(135deg,rgba(6,147,227,1) 0%,rgb(155,81,224) 100%)","background_repeat":"no-repeat","background_size":"auto","background_attachment":"scroll","patternColor":{"default":{"color":"#e5e7ea"}},"overlayColor":{"default":{"color":"CT_CSS_SKIP_RULE"}},"backgroundColor":{"default":{"color":"CT_CSS_SKIP_RULE"}}},"content_background":{"background_type":"color","background_pattern":"type-1","background_image":{"attachment_id":null,"x":0,"y":0},"gradient":"linear-gradient(135deg,rgba(6,147,227,1) 0%,rgb(155,81,224) 100%)","background_repeat":"no-repeat","background_size":"auto","background_attachment":"scroll","patternColor":{"default":{"color":"#e5e7ea"}},"overlayColor":{"default":{"color":"CT_CSS_SKIP_RULE"}},"backgroundColor":{"default":{"color":"var(--theme-palette-color-8)"}}},"content_boxed_shadow":{"inherit":false,"blur":18,"spread":-6,"v_offset":12,"h_offset":0,"inset":false,"enable":true,"color":{"color":"rgba(34, 56, 101, 0.04)"}},"boxed_content_spacing":{"desktop":{"top":"40px","bottom":"40px","left":"40px","right":"40px","linked":true},"tablet":{"top":"35px","bottom":"35px","left":"35px","right":"35px","linked":true},"mobile":{"top":"20px","bottom":"20px","left":"20px","right":"20px","linked":true}},"content_boxed_radius":{"top":"3px","bottom":"3px","left":"3px","right":"3px","linked":true},"7038abd562378fe65a0a81a2f0f97e06":"","disable_featured_image":"no","disable_header":"no","disable_footer":"no","0d1c1e0ed75ef87d500a0e681bb55e6a":"","3405cd84a606e997dc84516d3a18ebb2":"","9993e36302d9bee8823ad4ee00f33c7c":"","d112c6db912d4c0a004319e4d9d4d02c":"","bb81131e3848c74f0e50dbb9c01e1a97":"","0d009625c1f6c7fccc3dd756f031c3b5":"","bdae80c206af535db1df02845d1bbee2":"","881287b7515ae4f7d9185342b41fcb38":"","6bf586048aa718f8e77beb00fa11807f":"","cd0d138b37e5e0473d70b6a5727e6d2b":"","0fdfab35775a1c8fbba270f6c5118e0e":"","0b221cc62167df9a8935b5d51289f05a":"","98ecb0ef9d0c206cf23555811b30657d":"","a7a66f15539033e8691d8ec00d610e40":"","fa1a016b8c43eabf8bfc94349a1f585f":"","fa64bb67d70c99cb264cc4c8e2864c24":"","44e83905247bb0f4af85384729c1a867":"","f041db497ff0376a1ef73039c4f4e6a6":"","46d40a2a52bc81f83becda12e1f18d64":"","8ccae6125a8fa302ce4a918ed2cdfc19":"","33e423bc07b0f57b5f66fda804f33e02":"","70f46b0a49ff6c2191c763b34a2ac49e":"","276b1cd509babb093d96db8bac5c755d":"","3b9748e7dceed47a81588bdc93a5e6fa":"","ce90ee23218dfad63b4373a63714034a":"","560476698d5874a9c103fe743d1531de":"","261ffcc2d5765b761901b3f51750c887":"","2a64e28da19f015b662c3563ebf47800":"","ae20ecc0287f51fc1d01c6e9b3eb044a":"","36d88623ab8ac6995c3e754a6eaee4f6":"","43e78ef927179c4af3a5b3119b18f597":"","73fcdd753958a0c9b7080e4933e56f2f":""},"featured_image_urls_v2":{"full":"","thumbnail":"","medium":"","medium_large":"","large":"","1536x1536":"","2048x2048":"","trp-custom-language-flag":"","vp_sm":"","vp_md":"","vp_lg":"","vp_xl":"","vp_sm_popup":"","vp_md_popup":"","vp_xl_popup":""},"post_excerpt_stackable_v2":"<p>Kleje wulkanizacyjneW procesie naprawy opony niezwykle wa\u017cne s\u0105 odpowiednie p\u0142yny wulkanizacyjne. Zar\u00f3wno kleje szybkoschn\u0105ce do napraw na zimno jak i kleje przeznaczone do wulkanizacji na gor\u0105co s\u0105 jednym z kluczowych element\u00f3w profesjonalnej i trwa\u0142ej naprawy ogumienia. W po\u0142\u0105czeniu z odpowiednimi \u0142atkami lub ko\u0142kami pomagaj\u0105 przywr\u00f3ci\u0107 pe\u0142ne w\u0142a\u015bciwo\u015bci reperowanej opony lub d\u0119tki.Zam\u00f3w w E-sklepie P\u0142yny do szorstkowania gumyNiezb\u0119dne \u015brodki pozwalaj\u0105ce na szybkie i skutecznie usuni\u0119cie butylowej warstwy opony. P\u0142yn doskonale odt\u0142uszcza i oczyszcza reperowan\u0105 powierzchni\u0119. Zar\u00f3wno usprawnia ca\u0142y proces napraw oraz zapewnia lepszy efekt naprawy. Stosowanie \u015brodk\u00f3w do szorstkowania gumy przek\u0142ada si\u0119 na szybsz\u0105, bardziej sprawn\u0105 oraz mniej pracoch\u0142onn\u0105 napraw\u0119.Zam\u00f3w w&hellip;<\/p>\n","category_list_v2":"","author_info_v2":{"name":"Dariusz Brz\u00f3ska","url":"https:\/\/artus.com.pl\/en\/author\/dariuszbrzoska\/"},"comments_num_v2":"0 comments","uagb_featured_image_src":{"full":false,"thumbnail":false,"medium":false,"medium_large":false,"large":false,"1536x1536":false,"2048x2048":false,"trp-custom-language-flag":false,"vp_sm":false,"vp_md":false,"vp_lg":false,"vp_xl":false,"vp_sm_popup":false,"vp_md_popup":false,"vp_xl_popup":false},"uagb_author_info":{"display_name":"Dariusz Brz\u00f3ska","author_link":"https:\/\/artus.com.pl\/en\/author\/dariuszbrzoska\/"},"uagb_comment_info":0,"uagb_excerpt":"Kleje wulkanizacyjne W procesie naprawy opony niezwykle wa\u017cne s\u0105 odpowiednie p\u0142yny wulkanizacyjne. Zar\u00f3wno kleje szybkoschn\u0105ce do napraw na zimno jak i kleje przeznaczone do wulkanizacji na gor\u0105co s\u0105 jednym z kluczowych element\u00f3w profesjonalnej i trwa\u0142ej naprawy ogumienia. W po\u0142\u0105czeniu z odpowiednimi \u0142atkami lub ko\u0142kami pomagaj\u0105 przywr\u00f3ci\u0107 pe\u0142ne w\u0142a\u015bciwo\u015bci reperowanej opony lub d\u0119tki. Zam\u00f3w w E-sklepie&hellip;","_links":{"self":[{"href":"https:\/\/artus.com.pl\/en\/wp-json\/wp\/v2\/pages\/422","targetHints":{"allow":["GET"]}}],"collection":[{"href":"https:\/\/artus.com.pl\/en\/wp-json\/wp\/v2\/pages"}],"about":[{"href":"https:\/\/artus.com.pl\/en\/wp-json\/wp\/v2\/types\/page"}],"author":[{"embeddable":true,"href":"https:\/\/artus.com.pl\/en\/wp-json\/wp\/v2\/users\/2"}],"replies":[{"embeddable":true,"href":"https:\/\/artus.com.pl\/en\/wp-json\/wp\/v2\/comments?post=422"}],"version-history":[{"count":5,"href":"https:\/\/artus.com.pl\/en\/wp-json\/wp\/v2\/pages\/422\/revisions"}],"predecessor-version":[{"id":2440,"href":"https:\/\/artus.com.pl\/en\/wp-json\/wp\/v2\/pages\/422\/revisions\/2440"}],"up":[{"embeddable":true,"href":"https:\/\/artus.com.pl\/en\/wp-json\/wp\/v2\/pages\/877"}],"wp:attachment":[{"href":"https:\/\/artus.com.pl\/en\/wp-json\/wp\/v2\/media?parent=422"}],"curies":[{"name":"wp","href":"https:\/\/api.w.org\/{rel}","templated":true}]}}