{"id":418,"date":"2021-09-13T20:41:20","date_gmt":"2021-09-13T18:41:20","guid":{"rendered":"http:\/\/test.artus.com.pl\/?page_id=418"},"modified":"2025-08-14T09:51:08","modified_gmt":"2025-08-14T07:51:08","slug":"farby-do-opon","status":"publish","type":"page","link":"https:\/\/artus.com.pl\/en\/produkty\/farby-do-opon\/","title":{"rendered":"Tire paints"},"content":{"rendered":"<div class=\"wp-block-uagb-container uagb-block-f87f5c7e alignwide uagb-is-root-container\">\n<div class=\"wp-block-uagb-container uagb-block-06377552\">\n<div class=\"wp-block-uagb-image uagb-block-10e9adca wp-block-uagb-image--layout-default wp-block-uagb-image--effect-static wp-block-uagb-image--align-none\"><figure class=\"wp-block-uagb-image__figure\"><img decoding=\"async\" srcset=\"https:\/\/artus.com.pl\/wp-content\/uploads\/2025\/03\/Farba-do-opon-EcoBlack-132x300.webp ,https:\/\/artus.com.pl\/wp-content\/uploads\/2025\/03\/Farba-do-opon-EcoBlack.webp 780w, https:\/\/artus.com.pl\/wp-content\/uploads\/2025\/03\/Farba-do-opon-EcoBlack.webp 360w\" sizes=\"auto, (max-width: 480px) 150px\" src=\"https:\/\/artus.com.pl\/wp-content\/uploads\/2025\/03\/Farba-do-opon-EcoBlack-132x300.webp\" alt=\"\" class=\"uag-image-2473\" width=\"132\" height=\"300\" title=\"Farba-do-opon-EcoBlack\" loading=\"lazy\" role=\"img\"\/><\/figure><\/div>\n<\/div>\n\n\n\n<div class=\"wp-block-uagb-container uagb-block-a66b7370\">\n<h2 class=\"wp-block-heading\">EcoBlack Tire Paint<\/h2>\n\n\n\n<p>EcoBlack Tire Paint - 1:1 concentrate:<br>Highly concentrated for greater cost-effectiveness.<br>Gives used or retreaded tires a new-like appearance.<br>Preserves the rubber and slows down its aging process.<br>Covers chalk marks, dirt, and micro-cracks.<br>Water-based for enhanced safety and ease of use.<br>Applicable by spray or manual methods.<\/p>\n\n\n\n<p>A special paint with improved appearance, better coverage, and greater adhesion to the surface. Gives retreaded and used tires a new, matte black look. Completely conceals chalk marks and dirt. Dries quickly, with no unpleasant odor. Non-removable after drying. The economical concentrate can be diluted with water, reducing application, transportation, and storage costs. It can also be used to coat plastic parts of the car body (such as bumpers, mirror covers, handles, or body moldings) for preservation and rejuvenation.<\/p>\n\n\n\n<p>An environmentally friendly water-based product, sensitive to negative temperatures. Protect from freezing!<\/p>\n\n\n\n<p>Intended for professional use only.<\/p>\n\n\n\n<div class=\"wp-block-uagb-buttons uagb-buttons__outer-wrap uagb-btn__default-btn uagb-btn-tablet__default-btn uagb-btn-mobile__default-btn uagb-block-6f8967d9\"><div class=\"uagb-buttons__wrap uagb-buttons-layout-wrap\">\n<div class=\"wp-block-uagb-buttons-child uagb-buttons__outer-wrap uagb-block-4b0877d7 wp-block-button\"><div class=\"uagb-button__wrapper\"><a class=\"uagb-buttons-repeater wp-block-button__link\" aria-label=\"\" href=\"https:\/\/dlaserwisu.pl\/eng_m_Wheel-Tyre-Change_Tyre-Mounting-Care_Tyre-Paint-238.html\" rel=\"follow noopener\" target=\"_blank\" role=\"button\"><div class=\"uagb-button__link\">Order online<\/div><\/a><\/div><\/div>\n<\/div><\/div>\n<\/div>\n<\/div>","protected":false},"excerpt":{"rendered":"<p>Farba EcoBlack Farba do opon Eco Black \u2013 koncentrat 1:1\u2013 skoncentrowana dla wi\u0119kszej ekonomiczno\u015bci,\u2013 sprawia, \u017ce u\u017cywane lub bie\u017cnikowane opony wygl\u0105daj\u0105 jak nowe,\u2013 konserwuje gum\u0119 i spowalnia jej proces starzenia,\u2013 pokrywa \u015blady po kredzie, zabrudzenia i mikrop\u0119kni\u0119cia,\u2013 stworzona na bazie wodnej dla wi\u0119kszego bezpiecze\u0144stwa i \u0142atwo\u015bci u\u017cycia,\u2013 mo\u017ce by\u0107 nanoszona metod\u0105 natryskow\u0105 lub r\u0119cznie. Specjalna [&hellip;]<\/p>\n","protected":false},"author":2,"featured_media":0,"parent":877,"menu_order":0,"comment_status":"closed","ping_status":"closed","template":"","meta":{"_seopress_robots_primary_cat":"","_seopress_titles_title":"Farba do opon Eco Black Artus sp. z o.o.","_seopress_titles_desc":"Farba do opon Eco Black \u2013 intensywny, g\u0142\u0119boki kolor i ochrona gumy. Trwa\u0142y efekt, \u0142atwa aplikacja, idealna dla warsztat\u00f3w i detailingu.","_seopress_robots_index":"","_uag_custom_page_level_css":"","_vp_format_video_url":"","_vp_image_focal_point":[],"footnotes":""},"class_list":["post-418","page","type-page","status-publish","hentry"],"blocksy_meta":{"styles_descriptor":{"styles":{"desktop":"[data-prefix=\"single_page\"] .entry-header .page-title {--theme-font-family:Teko, Sans-Serif;--theme-font-weight:700;--theme-text-transform:uppercase;--theme-font-size:50px;--theme-heading-color:var(--theme-palette-color-4);} [data-prefix=\"single_page\"] .entry-header .entry-meta {--theme-font-weight:600;--theme-text-transform:uppercase;--theme-font-size:12px;--theme-line-height:1.3;} [data-prefix=\"single_page\"] .hero-section[data-type=\"type-2\"] {background-color:var(--theme-palette-color-3);background-image:none;--container-padding:0px 0;}","tablet":"[data-prefix=\"single_page\"] .entry-header .page-title {--theme-font-size:30px;}","mobile":"[data-prefix=\"single_page\"] .entry-header .page-title {--theme-font-size:25px;}"},"google_fonts":{"Teko":["n7"],"Prompt":["n6","n4"]},"version":6},"page_title_panel":"","has_hero_section":"enabled","e7e58c074228de75109b68cd7a21eb18":"","hero_section":"type-2","hero_elements":[{"id":"custom_title","enabled":true,"heading_tag":"h1","title":"Home","__id":"-fF1PwuVOQWD-jtWrH_Aj"},{"id":"custom_description","enabled":true,"description_visibility":{"desktop":true,"tablet":true,"mobile":false},"__id":"Y1O8hf-CcJzTx9I3kTUZP"},{"id":"custom_meta","enabled":false,"meta_elements":[{"id":"author","enabled":true,"label":"By","has_author_avatar":"yes","avatar_size":25},{"id":"post_date","enabled":true,"label":"On","date_format_source":"default","date_format":"M j, Y"},{"id":"updated_date","enabled":false,"label":"On","date_format_source":"default","date_format":"M j, Y"},{"id":"categories","enabled":false,"label":"In","style":"simple"},{"id":"comments","enabled":true}],"page_meta_elements":{"joined":true,"articles_count":true,"comments":true},"__id":"tMePa-qPa2KlCzSC_1Vs7"},{"id":"breadcrumbs","enabled":false,"__id":"MhPfWstyx5NMTziHzR4fP"}],"84fa0e10f4d136fe5a768b1781d5f601":"","hero_alignment1":"CT_CSS_SKIP_RULE","hero_margin":40,"hero_alignment2":"center","hero_vertical_alignment":"center","4cb4bbaf4727d85abf92622bf185c58d":"","hero_structure":"narrow","4fe497829b9d131e7451f9805dd54d95":"","page_title_bg_type":"color","custom_hero_background":{"attachment_id":null},"parallax":{"desktop":false,"tablet":false,"mobile":false},"5a0dd7088197ec9cbff898d8f49bd720":"","hero_height":"250px","pageTitleFont":{"family":"Teko","variation":"n7","size":{"desktop":"50px","tablet":"30px","mobile":"25px","__changed":[]},"line-height":"CT_CSS_SKIP_RULE","letter-spacing":"CT_CSS_SKIP_RULE","text-transform":"uppercase","text-decoration":"CT_CSS_SKIP_RULE"},"pageTitleFontColor":{"default":{"color":"var(--theme-palette-color-4)"}},"pageMetaFont":{"family":"Default","variation":"n6","size":"12px","line-height":"1.3","letter-spacing":"CT_CSS_SKIP_RULE","text-transform":"uppercase","text-decoration":"CT_CSS_SKIP_RULE"},"pageMetaFontColor":{"default":{"color":"CT_CSS_SKIP_RULEDEFAULT"},"hover":{"color":"CT_CSS_SKIP_RULEDEFAULT"}},"page_meta_button_type_font_colors":{"default":{"color":"CT_CSS_SKIP_RULEDEFAULT"},"hover":{"color":"CT_CSS_SKIP_RULEDEFAULT"}},"page_meta_button_type_background_colors":{"default":{"color":"CT_CSS_SKIP_RULEDEFAULT"},"hover":{"color":"CT_CSS_SKIP_RULEDEFAULT"}},"pageExcerptFont":{"family":"Default","variation":"Default","size":"CT_CSS_SKIP_RULE","line-height":"CT_CSS_SKIP_RULE","letter-spacing":"CT_CSS_SKIP_RULE","text-transform":"CT_CSS_SKIP_RULE","text-decoration":"CT_CSS_SKIP_RULE"},"pageExcerptColor":{"default":{"color":"CT_CSS_SKIP_RULEDEFAULT"}},"breadcrumbsFont":{"family":"Default","variation":"Default","size":"CT_CSS_SKIP_RULE","line-height":"CT_CSS_SKIP_RULE","letter-spacing":"CT_CSS_SKIP_RULE","text-transform":"CT_CSS_SKIP_RULE","text-decoration":"CT_CSS_SKIP_RULE"},"breadcrumbsFontColor":{"default":{"color":"CT_CSS_SKIP_RULEDEFAULT"},"initial":{"color":"CT_CSS_SKIP_RULEDEFAULT"},"hover":{"color":"CT_CSS_SKIP_RULEDEFAULT"}},"pageTitleOverlay":{"default":{"color":"CT_CSS_SKIP_RULE"}},"pageTitleBackground":{"background_type":"color","background_pattern":"type-7","background_image":{"attachment_id":null,"x":0,"y":0},"gradient":"linear-gradient(135deg,rgba(6,147,227,1) 0%,rgb(155,81,224) 100%)","background_repeat":"no-repeat","background_size":"auto","background_attachment":"scroll","patternColor":{"default":{"color":"var(--theme-palette-color-2)"}},"overlayColor":{"default":{"color":"CT_CSS_SKIP_RULE"}},"backgroundColor":{"default":{"color":"var(--theme-palette-color-3)"}}},"pageTitlePadding":{"top":"50px","bottom":"50px","left":"auto","right":"auto","linked":true,"desktop":{"top":"0px","bottom":"0px","left":"auto","right":"auto","linked":true},"tablet":{"top":"0px","bottom":"0px","left":"auto","right":"auto","linked":true},"mobile":{"top":"0px","bottom":"0px","left":"auto","right":"auto","linked":true},"__changed":[]},"bed5bd580ec8db7f8f2e19d6021284d5":"","page_structure_type":"type-3","5c75a32b0bb7b00f56b5f8a6267ee27a":"","content_style_source":"inherit","content_style":"wide","vertical_spacing_source":"custom","content_area_spacing":"both","background":{"background_type":"color","background_pattern":"type-1","background_image":{"attachment_id":null,"x":0,"y":0},"gradient":"linear-gradient(135deg,rgba(6,147,227,1) 0%,rgb(155,81,224) 100%)","background_repeat":"no-repeat","background_size":"auto","background_attachment":"scroll","patternColor":{"default":{"color":"#e5e7ea"}},"overlayColor":{"default":{"color":"CT_CSS_SKIP_RULE"}},"backgroundColor":{"default":{"color":"CT_CSS_SKIP_RULE"}}},"content_background":{"background_type":"color","background_pattern":"type-1","background_image":{"attachment_id":null,"x":0,"y":0},"gradient":"linear-gradient(135deg,rgba(6,147,227,1) 0%,rgb(155,81,224) 100%)","background_repeat":"no-repeat","background_size":"auto","background_attachment":"scroll","patternColor":{"default":{"color":"#e5e7ea"}},"overlayColor":{"default":{"color":"CT_CSS_SKIP_RULE"}},"backgroundColor":{"default":{"color":"var(--theme-palette-color-8)"}}},"content_boxed_shadow":{"inherit":false,"blur":18,"spread":-6,"v_offset":12,"h_offset":0,"inset":false,"enable":true,"color":{"color":"rgba(34, 56, 101, 0.04)"}},"boxed_content_spacing":{"desktop":{"top":"40px","bottom":"40px","left":"40px","right":"40px","linked":true},"tablet":{"top":"35px","bottom":"35px","left":"35px","right":"35px","linked":true},"mobile":{"top":"20px","bottom":"20px","left":"20px","right":"20px","linked":true}},"content_boxed_radius":{"top":"3px","bottom":"3px","left":"3px","right":"3px","linked":true},"9c34fb9bd01d38273f9023c7215b19e8":"","disable_featured_image":"no","disable_header":"no","disable_footer":"no","b4e7d28ab357b7c3182c13a777cb1c02":"","e06f50586a7c4b98871ad6f93321adb1":"","fe5477f7a41c48117c98704709aa8aa1":"","026778c691a3e7286a74e4e9e5684451":"","c91da564ce1e07ec5a1fc8c9bf7335de":"","55d34082b20858cbf0005059c5636db2":"","229be312abc2ed86da99b5109cfd0263":"","1e8a65b0c87491a49de426e6fae253ce":"","950b18d5b65b91ead53533c012e7675d":"","77e2b111a4713e8b24d0bf51e0c8ce73":"","40bdf579bcb328c25f412723ce118f94":"","a7fbe8fbb1a2aa007e7514a8c6df7657":"","566332d9fda67e7e8c697a97fcdf35ed":"","9b3f0b846a4a49388e6daf08b7b27d78":"","3a4632c1b8ada3c289e000579e217a0e":"","3c7cf540db64a659403b1b1bdeb95be7":"","3f8f385f3907709e598564031812d174":"","2f1639be2711af5518e7cf1c04e576a0":"","ce8a397e07a8cbe3f0d55c2a147f7fc4":"","18de309641208373b2a794fac2fda636":"","57f89e4b0f2a9d902cd9462519fbdb69":"","b3623baa823ad7ee0cc3cc936489c656":"","397f632abdea7691d1890788f810e9f0":"","ad8a237de8fbea1751d549b8fbd0b02c":"","19031f9a855ec2203c81b3f4305bcc73":"","513efa43d12f2b962ce94e3590d04b66":"","2a5e30d7322eae80ebcf162f28aeea1c":"","e6e6e4a723fb6f45848ebde2f0af4dfd":"","1df11ab015bd354a28b6217ad21a481d":"","9f8d04f8434ecdfa5a13dabf6fd4fb5f":"","675e0be59d278da0b9fbaad17182c395":"","cf83d69b2c87a310864201e6eca56f4c":"","fad4cfb2f657a57c714350bc475ad58d":"","f01095e08111f6ca2dfbb5cf2c288a43":"","489e29f76495c39de9dc52b0f37d7e66":"","0e72e10a5fb106d6907f3d27af23eaa4":"","49e64e35fe9199b954de041ca5947a79":"","f11d2461282b5f794f0899f55aa1ea89":"","eaecf3b527639d9ac84dae7f0f9da51c":"","545b958607097d8c60fb4bdbffac5314":"","bc750c59e8d1e0fe6e069c9b1e8e1248":"","c3040b51b75eca6e3cb89e24cc1ef1f9":"","2a744b902de7dc6c2d24db4ca7d215cd":"","a13d653a035da5d85d6e9a0cc41ae1da":"","4b9dac59ccb36f8ef0fae133ad7e74ee":"","f1b849477c0744600b970e1b7c84a1fb":"","644daf8efef1cfd5fd7fdf7fe8a39e57":"","7bda2a775d8f65cf85bdc2c2d29df6eb":"","2c69048b82aece7f1d84d89c896257a4":"","8ba00e83db575a40ac97a1ae255fe915":"","e98909a8aad3f010f12e3917db1090e8":"","c558b5808597e59061a091ca9494f8a2":"","8a91cf51018aa7854eeaa0665b635f0a":"","4e6d8f0283231ea685efc4ab10676da5":"","34c57543af1dfd200e5542e8aeb75dd2":"","3c4db0e0bbbce5ac71fcf4c3a3f0cd14":"","256e8f315f4f51d335fc1b836da8aa07":"","69bf3e1d3da162205153bda22927b181":"","bd0f2978d33fe48806bbcfee7d8db5ca":"","3e777f5904c337c54e3d081c84c587f3":"","522c446391b04f571216670944ed365c":"","8e5397fb0bfc871b4d537f19edcde17e":"","9397e2ee703c00a2ea20f95739906d44":"","d93a080f9d98446f10a4df1265bee2b7":""},"featured_image_urls_v2":{"full":"","thumbnail":"","medium":"","medium_large":"","large":"","1536x1536":"","2048x2048":"","trp-custom-language-flag":"","vp_sm":"","vp_md":"","vp_lg":"","vp_xl":"","vp_sm_popup":"","vp_md_popup":"","vp_xl_popup":""},"post_excerpt_stackable_v2":"<p>Farba EcoBlack Farba do opon Eco Black \u2013 koncentrat 1:1\u2013 skoncentrowana dla wi\u0119kszej ekonomiczno\u015bci,\u2013 sprawia, \u017ce u\u017cywane lub bie\u017cnikowane opony wygl\u0105daj\u0105 jak nowe,\u2013 konserwuje gum\u0119 i spowalnia jej proces starzenia,\u2013 pokrywa \u015blady po kredzie, zabrudzenia i mikrop\u0119kni\u0119cia,\u2013 stworzona na bazie wodnej dla wi\u0119kszego bezpiecze\u0144stwa i \u0142atwo\u015bci u\u017cycia,\u2013 mo\u017ce by\u0107 nanoszona metod\u0105 natryskow\u0105 lub r\u0119cznie. Specjalna farba o ulepszonym wygl\u0105dzie, poprawionym kryciu i wi\u0119kszej przyczepno\u015bci do pod\u0142o\u017ca. Nadaje bie\u017cnikowanym i u\u017cywanym oponom nowy, czarny, matowy wygl\u0105d. Zupe\u0142nie pokrywa \u015blady kredy i zabrudzenia. Schnie szybko, bez przykrego zapachu. Niezmywalna po wyschni\u0119ciu. Ekonomiczny koncentrat mo\u017ce by\u0107 rozcie\u0144czony z wod\u0105, co zmniejsza koszty stosowania,&hellip;<\/p>\n","category_list_v2":"","author_info_v2":{"name":"Dariusz Brz\u00f3ska","url":"https:\/\/artus.com.pl\/en\/author\/dariuszbrzoska\/"},"comments_num_v2":"0 comments","uagb_featured_image_src":{"full":false,"thumbnail":false,"medium":false,"medium_large":false,"large":false,"1536x1536":false,"2048x2048":false,"trp-custom-language-flag":false,"vp_sm":false,"vp_md":false,"vp_lg":false,"vp_xl":false,"vp_sm_popup":false,"vp_md_popup":false,"vp_xl_popup":false},"uagb_author_info":{"display_name":"Dariusz Brz\u00f3ska","author_link":"https:\/\/artus.com.pl\/en\/author\/dariuszbrzoska\/"},"uagb_comment_info":0,"uagb_excerpt":"Farba EcoBlack Farba do opon Eco Black \u2013 koncentrat 1:1\u2013 skoncentrowana dla wi\u0119kszej ekonomiczno\u015bci,\u2013 sprawia, \u017ce u\u017cywane lub bie\u017cnikowane opony wygl\u0105daj\u0105 jak nowe,\u2013 konserwuje gum\u0119 i spowalnia jej proces starzenia,\u2013 pokrywa \u015blady po kredzie, zabrudzenia i mikrop\u0119kni\u0119cia,\u2013 stworzona na bazie wodnej dla wi\u0119kszego bezpiecze\u0144stwa i \u0142atwo\u015bci u\u017cycia,\u2013 mo\u017ce by\u0107 nanoszona metod\u0105 natryskow\u0105 lub r\u0119cznie. Specjalna&hellip;","_links":{"self":[{"href":"https:\/\/artus.com.pl\/en\/wp-json\/wp\/v2\/pages\/418","targetHints":{"allow":["GET"]}}],"collection":[{"href":"https:\/\/artus.com.pl\/en\/wp-json\/wp\/v2\/pages"}],"about":[{"href":"https:\/\/artus.com.pl\/en\/wp-json\/wp\/v2\/types\/page"}],"author":[{"embeddable":true,"href":"https:\/\/artus.com.pl\/en\/wp-json\/wp\/v2\/users\/2"}],"replies":[{"embeddable":true,"href":"https:\/\/artus.com.pl\/en\/wp-json\/wp\/v2\/comments?post=418"}],"version-history":[{"count":5,"href":"https:\/\/artus.com.pl\/en\/wp-json\/wp\/v2\/pages\/418\/revisions"}],"predecessor-version":[{"id":2653,"href":"https:\/\/artus.com.pl\/en\/wp-json\/wp\/v2\/pages\/418\/revisions\/2653"}],"up":[{"embeddable":true,"href":"https:\/\/artus.com.pl\/en\/wp-json\/wp\/v2\/pages\/877"}],"wp:attachment":[{"href":"https:\/\/artus.com.pl\/en\/wp-json\/wp\/v2\/media?parent=418"}],"curies":[{"name":"wp","href":"https:\/\/api.w.org\/{rel}","templated":true}]}}