{"id":416,"date":"2021-09-13T20:40:56","date_gmt":"2021-09-13T18:40:56","guid":{"rendered":"http:\/\/test.artus.com.pl\/?page_id=416"},"modified":"2025-08-14T10:08:53","modified_gmt":"2025-08-14T08:08:53","slug":"pasty-i-plyny-do-montazu-opon","status":"publish","type":"page","link":"https:\/\/artus.com.pl\/en\/produkty\/pasty-i-plyny-do-montazu-opon\/","title":{"rendered":"Tire mounting pastes and liquids"},"content":{"rendered":"<div class=\"alignwide wp-block-ugb-feature ugb-feature ugb-4bced59 ugb-feature--v2 ugb-feature--design-basic ugb-feature--invert ugb-main-block\"><style>.ugb-4bced59 .ugb-button .ugb-button--inner{color:var(--theme-palette-color-1,#f4c916) !important}.ugb-4bced59 .ugb-button{border-color:var(--theme-palette-color-1,#f4c916) !important}.ugb-4bced59 .ugb-button:hover{background-color:var(--theme-palette-color-1,#f4c916) !important;opacity:1}.ugb-4bced59 .ugb-button:hover .ugb-button--inner{color:var(--theme-palette-color-4,#ffffff) !important}.ugb-4bced59 .ugb-button:before{content:\"\";background-image:linear-gradient(90deg,var(--theme-palette-color-1,#f4c916),var(--theme-palette-color-1,#f4c916))}.ugb-4bced59 .ugb-inner-block{text-align:left}<\/style><div class=\"ugb-inner-block\"><div class=\"ugb-block-content\"><div class=\"ugb-feature__item\"><div class=\"ugb-feature__content\"><h2 class=\"ugb-feature__title\">EcoWax Plus Paste<\/h2><p class=\"ugb-feature__description\">Tire mounting paste produced by Artus:<br>Makes tire mounting and demounting easier and safer.<br>Protects the tire bead from damage.<br>Ensures precise tire placement on the rim required for accurate balancing.<br>Provides a better seal between the tire and rim.<br>Contains anti-corrosion additives.<br>Non-flammable, non-toxic, and safe for your skin.<br>Clean and easy to use, effective, and economical.<br>Keep from freezing! <\/p><div class=\"ugb-button-container\"><a class=\"ugb-button ugb-button--size-normal ugb-button--ghost-to-normal-effect ugb-button--design-ghost\" href=\"https:\/\/dlaserwisu.pl\/eng_m_Wheel-Tyre-Change_Tyre-Mounting-Care_Tyre-Mounting-Paste-Lubricants_Paste-Eco-Wax-plus-265.html\" target=\"_blank\" rel=\"noopener noreferrer\" title=\"\"><span class=\"ugb-button--inner\">Order online<\/span><\/a><\/div><\/div><div class=\"ugb-feature__image-side\"><img loading=\"lazy\" decoding=\"async\" width=\"300\" height=\"272\" class=\"ugb-feature__image ugb-img wp-image-1301 ugb-image--shape-stretch\" src=\"https:\/\/artus.com.pl\/wp-content\/uploads\/2021\/09\/Pasta-EcoWax-plus-300x272.webp\" alt=\"\" title=\"\" srcset=\"https:\/\/artus.com.pl\/wp-content\/uploads\/2021\/09\/Pasta-EcoWax-plus-300x272.webp 300w, https:\/\/artus.com.pl\/wp-content\/uploads\/2021\/09\/Pasta-EcoWax-plus-1024x927.webp 1024w, https:\/\/artus.com.pl\/wp-content\/uploads\/2021\/09\/Pasta-EcoWax-plus-768x695.webp 768w, https:\/\/artus.com.pl\/wp-content\/uploads\/2021\/09\/Pasta-EcoWax-plus.webp 1200w\" sizes=\"auto, (max-width: 300px) 100vw, 300px\" \/><\/div><\/div><\/div><\/div><\/div>\n\n\n\n<div class=\"alignwide wp-block-ugb-feature ugb-feature ugb-9602d6c ugb-feature--v2 ugb-feature--design-basic ugb-main-block\"><style>.ugb-9602d6c .ugb-button .ugb-button--inner{color:var(--theme-palette-color-1,#f4c916) !important}.ugb-9602d6c .ugb-button{border-color:var(--theme-palette-color-1,#f4c916) !important}.ugb-9602d6c .ugb-button:hover{border-color:var(--theme-palette-color-1,#f4c916) !important;background-color:var(--theme-palette-color-1,#f4c916) !important;opacity:1}.ugb-9602d6c .ugb-button:hover .ugb-button--inner{color:var(--theme-palette-color-4,#ffffff) !important}.ugb-9602d6c .ugb-button:before{content:\"\";background-image:linear-gradient(90deg,var(--theme-palette-color-1,#f4c916),var(--theme-palette-color-1,#f4c916))}.ugb-9602d6c .ugb-inner-block{text-align:left}<\/style><div class=\"ugb-inner-block\"><div class=\"ugb-block-content\"><div class=\"ugb-feature__item\"><div class=\"ugb-feature__content\"><h2 class=\"ugb-feature__title\">EcoWax Extra Paste<\/h2><p class=\"ugb-feature__description\">Cold-resistant tire mounting paste produced by Artus:<br>Resistant to low temperatures (down to -15\u00b0C\/5\u00b0F).<br>Makes tire mounting and demounting easier and safer.<br>Protects the tire bead from damage.<br>Ensures precise tire placement on the rim required for accurate balancing.<br>Provides a better seal between the tire and rim.<br>Provides a better seal between the tire and rim.<br>Non-flammable, non-toxic, and safe for your skin. <\/p><div class=\"ugb-button-container\"><a class=\"ugb-button ugb-button--size-normal ugb-button--ghost-to-normal-effect ugb-button--design-ghost\" href=\"https:\/\/dlaserwisu.pl\/eng_m_Wheel-Tyre-Change_Tyre-Mounting-Care_Tyre-Mounting-Paste-Lubricants_Paste-Eco-Wax-plus-265.html\" target=\"_blank\" rel=\"noopener noreferrer\" title=\"\"><span class=\"ugb-button--inner\">Order online<\/span><\/a><\/div><\/div><div class=\"ugb-feature__image-side\"><img loading=\"lazy\" decoding=\"async\" width=\"300\" height=\"270\" class=\"ugb-feature__image ugb-img wp-image-1300 ugb-image--shape-stretch\" src=\"https:\/\/artus.com.pl\/wp-content\/uploads\/2021\/09\/Pasta-EcoWax-extra-300x270.webp\" alt=\"\" title=\"\" srcset=\"https:\/\/artus.com.pl\/wp-content\/uploads\/2021\/09\/Pasta-EcoWax-extra-300x270.webp 300w, https:\/\/artus.com.pl\/wp-content\/uploads\/2021\/09\/Pasta-EcoWax-extra-1024x921.webp 1024w, https:\/\/artus.com.pl\/wp-content\/uploads\/2021\/09\/Pasta-EcoWax-extra-768x691.webp 768w, https:\/\/artus.com.pl\/wp-content\/uploads\/2021\/09\/Pasta-EcoWax-extra.webp 1200w\" sizes=\"auto, (max-width: 300px) 100vw, 300px\" \/><\/div><\/div><\/div><\/div><\/div>\n\n\n\n<div class=\"alignwide wp-block-ugb-feature ugb-feature ugb-5a1a69b ugb-feature--v2 ugb-feature--design-basic ugb-feature--invert ugb-main-block\"><style>.ugb-5a1a69b .ugb-button .ugb-button--inner{color:var(--theme-palette-color-1,#f4c916) !important}.ugb-5a1a69b .ugb-button{border-color:var(--theme-palette-color-1,#f4c916) !important}.ugb-5a1a69b .ugb-button:hover{border-color:var(--theme-palette-color-1,#f4c916) !important;background-color:var(--theme-palette-color-1,#f4c916) !important;opacity:1}.ugb-5a1a69b .ugb-button:hover .ugb-button--inner{color:var(--theme-palette-color-4,#ffffff) !important}.ugb-5a1a69b .ugb-button:before{content:\"\";background-image:linear-gradient(90deg,var(--theme-palette-color-1,#f4c916),var(--theme-palette-color-1,#f4c916))}.ugb-5a1a69b .ugb-inner-block{text-align:left}<\/style><div class=\"ugb-inner-block\"><div class=\"ugb-block-content\"><div class=\"ugb-feature__item\"><div class=\"ugb-feature__content\"><h2 class=\"ugb-feature__title\">Xtra Seal Premium Paste<\/h2><p class=\"ugb-feature__description\">Mounting and dismounting tire paste in the form of brown gel:<br>Makes tire mounting and demounting easier and safer.<br>Protects the tire bead from damage.<br>Ensures precise tire placement on the rim required for accurate balancing.<br>Provides a better seal between the tire and rim. <\/p><div class=\"ugb-button-container\"><a class=\"ugb-button ugb-button--size-normal ugb-button--ghost-to-normal-effect ugb-button--design-ghost\" href=\"https:\/\/dlaserwisu.pl\/product-eng-35-X-tra-Seal-Mounting-Compound-8-lbs-3-64-kg.html\" target=\"_blank\" rel=\"noopener noreferrer\" title=\"\"><span class=\"ugb-button--inner\">Order online<\/span><\/a><\/div><\/div><div class=\"ugb-feature__image-side\"><img loading=\"lazy\" decoding=\"async\" width=\"300\" height=\"290\" class=\"ugb-feature__image ugb-img wp-image-1302 ugb-image--shape-stretch\" src=\"https:\/\/artus.com.pl\/wp-content\/uploads\/2021\/09\/Pasta-Xtra-Seal-Premium-300x290.webp\" alt=\"\" title=\"\" srcset=\"https:\/\/artus.com.pl\/wp-content\/uploads\/2021\/09\/Pasta-Xtra-Seal-Premium-300x290.webp 300w, https:\/\/artus.com.pl\/wp-content\/uploads\/2021\/09\/Pasta-Xtra-Seal-Premium-1024x991.webp 1024w, https:\/\/artus.com.pl\/wp-content\/uploads\/2021\/09\/Pasta-Xtra-Seal-Premium-768x743.webp 768w, https:\/\/artus.com.pl\/wp-content\/uploads\/2021\/09\/Pasta-Xtra-Seal-Premium.webp 1200w\" sizes=\"auto, (max-width: 300px) 100vw, 300px\" \/><\/div><\/div><\/div><\/div><\/div>\n\n\n\n<div class=\"alignwide wp-block-ugb-feature ugb-feature ugb-e987cf9 ugb-feature--v2 ugb-feature--design-basic ugb-main-block\"><style>.ugb-e987cf9 .ugb-button .ugb-button--inner{color:var(--theme-palette-color-1,#f4c916) !important}.ugb-e987cf9 .ugb-button{border-color:var(--theme-palette-color-1,#f4c916) !important}.ugb-e987cf9 .ugb-button:hover{border-color:var(--theme-palette-color-1,#f4c916) !important;background-color:var(--theme-palette-color-1,#f4c916) !important;opacity:1}.ugb-e987cf9 .ugb-button:hover .ugb-button--inner{color:var(--theme-palette-color-4,#ffffff) !important}.ugb-e987cf9 .ugb-button:before{content:\"\";background-image:linear-gradient(90deg,var(--theme-palette-color-1,#f4c916),var(--theme-palette-color-1,#f4c916))}.ugb-e987cf9 .ugb-inner-block{text-align:left}<\/style><div class=\"ugb-inner-block\"><div class=\"ugb-block-content\"><div class=\"ugb-feature__item\"><div class=\"ugb-feature__content\"><h2 class=\"ugb-feature__title\">Xtra Seal Tire Mounting Liquid<\/h2><p class=\"ugb-feature__description\">American tire mounting liquid for quick mounting on rims:<br>Concentrate to be diluted with water in a 1:4 ratio.<br>Makes tire mounting and demounting easier and safer.<br>Protects the tire bead from damage and facilitates precise tire placement on the rim required for accurate balancing.<br>It is best to use an applicator for applying the liquid.<br>Original product - guaranteed quality.<br>Keep from freezing!<\/p><div class=\"ugb-button-container\"><a class=\"ugb-button ugb-button--size-normal ugb-button--ghost-to-normal-effect ugb-button--design-ghost\" href=\"https:\/\/dlaserwisu.pl\/product-eng-37-X-tra-Seal-Mounting-Lubricant-Mix-4-1-with-Water-3-8-l.html\" target=\"_blank\" rel=\"noopener noreferrer\" title=\"\"><span class=\"ugb-button--inner\">Order online<\/span><\/a><\/div><\/div><div class=\"ugb-feature__image-side\"><img loading=\"lazy\" decoding=\"async\" width=\"150\" height=\"300\" class=\"ugb-feature__image ugb-img wp-image-1303 ugb-image--shape-stretch\" src=\"https:\/\/artus.com.pl\/wp-content\/uploads\/2021\/09\/Plyn-Xtra-Seal-150x300.webp\" alt=\"\" title=\"\" srcset=\"https:\/\/artus.com.pl\/wp-content\/uploads\/2021\/09\/Plyn-Xtra-Seal-150x300.webp 150w, https:\/\/artus.com.pl\/wp-content\/uploads\/2021\/09\/Plyn-Xtra-Seal-513x1024.webp 513w, https:\/\/artus.com.pl\/wp-content\/uploads\/2021\/09\/Plyn-Xtra-Seal-768x1533.webp 768w, https:\/\/artus.com.pl\/wp-content\/uploads\/2021\/09\/Plyn-Xtra-Seal-770x1536.webp 770w, https:\/\/artus.com.pl\/wp-content\/uploads\/2021\/09\/Plyn-Xtra-Seal-1026x2048.webp 1026w, https:\/\/artus.com.pl\/wp-content\/uploads\/2021\/09\/Plyn-Xtra-Seal.webp 1200w\" sizes=\"auto, (max-width: 150px) 100vw, 150px\" \/><\/div><\/div><\/div><\/div><\/div>","protected":false},"excerpt":{"rendered":"<p>Pasta EcoWax plus Pasta do monta\u017cu opon produkcji firmy Artus:\u2013 zapewnia szybszy, \u0142atwiejszy i bezpieczniejszy monta\u017c,\u2013 chroni stopk\u0119 opony przed uszkodzeniem,\u2013 zapewnia dok\u0142adne u\u0142o\u017cenie opony na feldze, warunek precyzyjnego wywa\u017cenia,\u2013 zapewnia lepsze uszczelnienie pomi\u0119dzy opon\u0105 a felg\u0105,\u2013 zawiera dodatki antykorozyjne,\u2013 jest niepalna, nietoksyczna i nieszkodliwa dla r\u0105k,\u2013 jest czysta i \u0142atwa w u\u017cyciu, skuteczna i [&hellip;]<\/p>\n","protected":false},"author":2,"featured_media":0,"parent":877,"menu_order":0,"comment_status":"closed","ping_status":"closed","template":"","meta":{"_seopress_robots_primary_cat":"","_seopress_titles_title":"Pasty i p\u0142yny do monta\u017cu opon \u2013 oferta Artus","_seopress_titles_desc":"Profesjonalne pasty i p\u0142yny do monta\u017cu opon. U\u0142atwiaj\u0105 prac\u0119, chroni\u0105 felgi i zapewniaj\u0105 trwa\u0142e efekty w serwisach oponiarskich i warsztatach.","_seopress_robots_index":"","_uag_custom_page_level_css":"","_vp_format_video_url":"","_vp_image_focal_point":[],"footnotes":""},"class_list":["post-416","page","type-page","status-publish","hentry"],"blocksy_meta":{"styles_descriptor":{"styles":{"desktop":"[data-prefix=\"single_page\"] .entry-header .page-title {--theme-font-family:Teko, Sans-Serif;--theme-font-weight:700;--theme-text-transform:uppercase;--theme-font-size:50px;--theme-heading-color:var(--theme-palette-color-4);} [data-prefix=\"single_page\"] .entry-header .entry-meta {--theme-font-weight:600;--theme-text-transform:uppercase;--theme-font-size:12px;--theme-line-height:1.3;} [data-prefix=\"single_page\"] .hero-section[data-type=\"type-2\"] {background-color:var(--theme-palette-color-3);background-image:none;--container-padding:0px 0;} [data-prefix=\"single_page\"] {background-color:#ffffff;background-image:none;}","tablet":"[data-prefix=\"single_page\"] .entry-header .page-title {--theme-font-size:30px;}","mobile":"[data-prefix=\"single_page\"] .entry-header .page-title {--theme-font-size:25px;}"},"google_fonts":{"Teko":["n7"],"Prompt":["n6","n4"]},"version":6},"page_title_panel":"","has_hero_section":"enabled","69b294b1b68784ec19821467083a800d":"","hero_section":"type-2","hero_elements":[{"id":"custom_title","enabled":true,"heading_tag":"h1","title":"Home","__id":"Jpsfv_rqup5vRt4aTqLNs"},{"id":"custom_description","enabled":true,"description_visibility":{"desktop":true,"tablet":true,"mobile":false},"__id":"h_UPNt2igi_QZJ8moiZVT"},{"id":"custom_meta","enabled":false,"meta_elements":[{"id":"author","enabled":true,"label":"By","has_author_avatar":"yes","avatar_size":25},{"id":"post_date","enabled":true,"label":"On","date_format_source":"default","date_format":"M j, Y"},{"id":"updated_date","enabled":false,"label":"On","date_format_source":"default","date_format":"M j, Y"},{"id":"categories","enabled":false,"label":"In","style":"simple"},{"id":"comments","enabled":true}],"page_meta_elements":{"joined":true,"articles_count":true,"comments":true},"__id":"VExi8YJhqJB-mPKr-1Du6"},{"id":"breadcrumbs","enabled":false,"__id":"ggi520Miw8Ti5EwddBA4f"}],"05dd3d14babcc119ab52cd54ec49b3ef":"","hero_alignment1":"CT_CSS_SKIP_RULE","hero_margin":40,"hero_alignment2":"center","hero_vertical_alignment":"center","84a9c16d7d6d9650d74d3b83f2d019d4":"","hero_structure":"narrow","97b6e8ef6d6d66b4ef7e7cf88d060ba5":"","page_title_bg_type":"color","custom_hero_background":{"attachment_id":null},"parallax":{"desktop":false,"tablet":false,"mobile":false},"e38c68259eff34800eb91439272b5e41":"","hero_height":"250px","pageTitleFont":{"family":"Teko","variation":"n7","size":{"desktop":"50px","tablet":"30px","mobile":"25px","__changed":[]},"line-height":"CT_CSS_SKIP_RULE","letter-spacing":"CT_CSS_SKIP_RULE","text-transform":"uppercase","text-decoration":"CT_CSS_SKIP_RULE"},"pageTitleFontColor":{"default":{"color":"var(--theme-palette-color-4)"}},"pageMetaFont":{"family":"Default","variation":"n6","size":"12px","line-height":"1.3","letter-spacing":"CT_CSS_SKIP_RULE","text-transform":"uppercase","text-decoration":"CT_CSS_SKIP_RULE"},"pageMetaFontColor":{"default":{"color":"CT_CSS_SKIP_RULEDEFAULT"},"hover":{"color":"CT_CSS_SKIP_RULEDEFAULT"}},"page_meta_button_type_font_colors":{"default":{"color":"CT_CSS_SKIP_RULEDEFAULT"},"hover":{"color":"CT_CSS_SKIP_RULEDEFAULT"}},"page_meta_button_type_background_colors":{"default":{"color":"CT_CSS_SKIP_RULEDEFAULT"},"hover":{"color":"CT_CSS_SKIP_RULEDEFAULT"}},"pageExcerptFont":{"family":"Default","variation":"Default","size":"CT_CSS_SKIP_RULE","line-height":"CT_CSS_SKIP_RULE","letter-spacing":"CT_CSS_SKIP_RULE","text-transform":"CT_CSS_SKIP_RULE","text-decoration":"CT_CSS_SKIP_RULE"},"pageExcerptColor":{"default":{"color":"CT_CSS_SKIP_RULEDEFAULT"}},"breadcrumbsFont":{"family":"Default","variation":"Default","size":"CT_CSS_SKIP_RULE","line-height":"CT_CSS_SKIP_RULE","letter-spacing":"CT_CSS_SKIP_RULE","text-transform":"CT_CSS_SKIP_RULE","text-decoration":"CT_CSS_SKIP_RULE"},"breadcrumbsFontColor":{"default":{"color":"CT_CSS_SKIP_RULEDEFAULT"},"initial":{"color":"CT_CSS_SKIP_RULEDEFAULT"},"hover":{"color":"CT_CSS_SKIP_RULEDEFAULT"}},"pageTitleOverlay":{"default":{"color":"CT_CSS_SKIP_RULE"}},"pageTitleBackground":{"background_type":"color","background_pattern":"type-7","background_image":{"attachment_id":null,"x":0,"y":0},"gradient":"linear-gradient(135deg,rgba(6,147,227,1) 0%,rgb(155,81,224) 100%)","background_repeat":"no-repeat","background_size":"auto","background_attachment":"scroll","patternColor":{"default":{"color":"var(--theme-palette-color-2)"}},"overlayColor":{"default":{"color":"CT_CSS_SKIP_RULE"}},"backgroundColor":{"default":{"color":"var(--theme-palette-color-3)"}}},"pageTitlePadding":{"top":"50px","bottom":"50px","left":"auto","right":"auto","linked":true,"desktop":{"top":"0px","bottom":"0px","left":"auto","right":"auto","linked":true},"tablet":{"top":"0px","bottom":"0px","left":"auto","right":"auto","linked":true},"mobile":{"top":"0px","bottom":"0px","left":"auto","right":"auto","linked":true},"__changed":[]},"ec0ea4eea8276fc122fdf370bae76318":"","page_structure_type":"type-3","b4ef59cd38854a56b18b43f2b6dccec6":"","content_style_source":"inherit","content_style":"wide","vertical_spacing_source":"custom","content_area_spacing":"both","background":{"background_type":"color","background_pattern":"type-1","background_image":{"attachment_id":null,"x":0,"y":0},"gradient":"linear-gradient(135deg,rgba(6,147,227,1) 0%,rgb(155,81,224) 100%)","background_repeat":"no-repeat","background_size":"auto","background_attachment":"scroll","patternColor":{"default":{"color":"#e5e7ea"}},"overlayColor":{"default":{"color":"CT_CSS_SKIP_RULE"}},"backgroundColor":{"default":{"color":"CT_CSS_SKIP_RULE"}},"desktop":{"background_type":"color","background_pattern":"type-1","background_image":{"attachment_id":null,"x":0,"y":0},"gradient":"linear-gradient(135deg,rgba(6,147,227,1) 0%,rgb(155,81,224) 100%)","background_repeat":"no-repeat","background_size":"auto","background_attachment":"scroll","patternColor":{"default":{"color":"#e5e7ea"}},"overlayColor":{"default":{"color":"CT_CSS_SKIP_RULE"}},"backgroundColor":{"default":{"color":"#ffffff"}}},"tablet":{"background_type":"color","background_pattern":"type-1","background_image":{"attachment_id":null,"x":0,"y":0},"gradient":"linear-gradient(135deg,rgba(6,147,227,1) 0%,rgb(155,81,224) 100%)","background_repeat":"no-repeat","background_size":"auto","background_attachment":"scroll","patternColor":{"default":{"color":"#e5e7ea"}},"overlayColor":{"default":{"color":"CT_CSS_SKIP_RULE"}},"backgroundColor":{"default":{"color":"#ffffff"}}},"mobile":{"background_type":"color","background_pattern":"type-1","background_image":{"attachment_id":null,"x":0,"y":0},"gradient":"linear-gradient(135deg,rgba(6,147,227,1) 0%,rgb(155,81,224) 100%)","background_repeat":"no-repeat","background_size":"auto","background_attachment":"scroll","patternColor":{"default":{"color":"#e5e7ea"}},"overlayColor":{"default":{"color":"CT_CSS_SKIP_RULE"}},"backgroundColor":{"default":{"color":"#ffffff"}}},"__changed":[]},"content_background":{"background_type":"color","background_pattern":"type-1","background_image":{"attachment_id":null,"x":0,"y":0},"gradient":"linear-gradient(135deg,rgba(6,147,227,1) 0%,rgb(155,81,224) 100%)","background_repeat":"no-repeat","background_size":"auto","background_attachment":"scroll","patternColor":{"default":{"color":"#e5e7ea"}},"overlayColor":{"default":{"color":"CT_CSS_SKIP_RULE"}},"backgroundColor":{"default":{"color":"var(--theme-palette-color-8)"}}},"content_boxed_shadow":{"inherit":false,"blur":18,"spread":-6,"v_offset":12,"h_offset":0,"inset":false,"enable":true,"color":{"color":"rgba(34, 56, 101, 0.04)"}},"boxed_content_spacing":{"desktop":{"top":"40px","bottom":"40px","left":"40px","right":"40px","linked":true},"tablet":{"top":"35px","bottom":"35px","left":"35px","right":"35px","linked":true},"mobile":{"top":"20px","bottom":"20px","left":"20px","right":"20px","linked":true}},"content_boxed_radius":{"top":"3px","bottom":"3px","left":"3px","right":"3px","linked":true},"ec25c065ed40d98cf5541313f2a57a11":"","disable_featured_image":"no","disable_header":"no","disable_footer":"no","d9fb498f188bf3d7e15a699636b18bd2":"","924d856a4546b459b2819a0c03ce677f":"","721c6075f710c6f0520fd6240c377aa2":"","e5a5e8616498aa2e32c4d04772182867":"","1558b86af45aa077e705b1308a0f6b27":"","4adf9929217a20ac58a871f5b33770c6":"","041e1075742dc850954d5334684a6b91":"","35466f5a21861115ba952ad078c5912a":"","fd3f71f9d14eb48a2d2d6c27b1ca09c8":"","eb880bd7e1ff1d5068cbd456a2d5ee5d":"","443b477545d423007127d8e50165e43e":"","4bfad0550a947086609ca4ebe460231b":"","d0bc50f1efaa93db2bc96c5e08526204":"","bbe858e4e5e979811d14407fd2c968de":"","6a342e4a97e8a81d997430093b0b6c01":"","02e082eb580a4188e43e70bb415d17bf":"","1cb2044f646d7726a53632529dec3f3c":"","2b1619295f3b1cc3d01c684dccc9c667":"","679eb6feccd498ce08929ec6f73ccb56":"","a4bda448b4dae8096dea6198ea7cda5b":"","6e07511168fbdcf1e9f28d9f21acab3a":"","c4131e1527bb2c956b58b7ef99a37b8e":"","af41ddc1859c47a5fdf21460d06dfb0b":"","3b6aa23f9f337c62247ddb5e70f954d7":"","d09e7adbab9421847bfca9865d25f6ae":"","a92e866699810bae438b9e1248c06aaa":"","de9f61c390f928dd0ad194b64a6d7a75":"","4a06f06bc7162ba759e4834a58e0c62d":"","4dd9ce31197686dfa13ca74e9a5f5c08":"","87ddd278e03ddad34da5efcf2bb1ae1d":"","1d92f39f0637ab4f5f0bdfe6b67cb523":"","148599073f25d591c22706668ee66d06":"","fba3f455665204a4a8fe6ea9fce898a4":"","98d7f581b87a00156ed4b9cc74bfb488":"","3ea518742baecc0123ab5b6a12d97e96":"","185e0dd2d76055662492ea53a8bf946e":"","568b681acf19488d2e10f5533cdfdfcf":"","47bfb89ce071f15967d26610d6fe3e44":"","d4c6fd3abc6ec3fd43b40f13aad901b2":"","1bf08f0c5d0185a72d7c15cad1ba30eb":"","0799faa95e22fade17831909902d8cd8":"","9869b9f5eaebeb8c2c1cc31aedfb6791":"","952012e9e6ef65772b2c75cdd1998344":"","2f39ddab6815dd5f26876a262a125c57":"","872f3a6c962daea016c44befa9761e9e":"","c89d0b2c3eb67505eefd5e35948a3736":"","83c315dc5fddad93f35b8fc019eee088":"","20e67591d82cd1532c761c124d233ecf":""},"featured_image_urls_v2":{"full":"","thumbnail":"","medium":"","medium_large":"","large":"","1536x1536":"","2048x2048":"","trp-custom-language-flag":"","vp_sm":"","vp_md":"","vp_lg":"","vp_xl":"","vp_sm_popup":"","vp_md_popup":"","vp_xl_popup":""},"post_excerpt_stackable_v2":"<p>Pasta EcoWax plusPasta do monta\u017cu opon produkcji firmy Artus:\u2013 zapewnia szybszy, \u0142atwiejszy i bezpieczniejszy monta\u017c,\u2013 chroni stopk\u0119 opony przed uszkodzeniem,\u2013 zapewnia dok\u0142adne u\u0142o\u017cenie opony na feldze, warunek precyzyjnego wywa\u017cenia,\u2013 zapewnia lepsze uszczelnienie pomi\u0119dzy opon\u0105 a felg\u0105,\u2013 zawiera dodatki antykorozyjne,\u2013 jest niepalna, nietoksyczna i nieszkodliwa dla r\u0105k,\u2013 jest czysta i \u0142atwa w u\u017cyciu, skuteczna i ekonomiczna.Chroni\u0107 przed mrozem! Zam\u00f3w w E-sklepie Pasta EcoWax extraMrozoodporna pasta do monta\u017cu opon produkcji firmy Artus:\u2013 jest odporna na niskie temperatury (do -15\u00b0C),\u2013 zapewnia szybszy, \u0142atwiejszy i bezpieczniejszy monta\u017c,\u2013 chroni stopk\u0119 opony przed uszkodzeniem,\u2013 zapewnia dok\u0142adne u\u0142o\u017cenie opony na feldze, warunek precyzyjnego wywa\u017cenia,\u2013 zapewnia lepsze uszczelnienie&hellip;<\/p>\n","category_list_v2":"","author_info_v2":{"name":"Dariusz Brz\u00f3ska","url":"https:\/\/artus.com.pl\/en\/author\/dariuszbrzoska\/"},"comments_num_v2":"0 comments","uagb_featured_image_src":{"full":false,"thumbnail":false,"medium":false,"medium_large":false,"large":false,"1536x1536":false,"2048x2048":false,"trp-custom-language-flag":false,"vp_sm":false,"vp_md":false,"vp_lg":false,"vp_xl":false,"vp_sm_popup":false,"vp_md_popup":false,"vp_xl_popup":false},"uagb_author_info":{"display_name":"Dariusz Brz\u00f3ska","author_link":"https:\/\/artus.com.pl\/en\/author\/dariuszbrzoska\/"},"uagb_comment_info":0,"uagb_excerpt":"Pasta EcoWax plus Pasta do monta\u017cu opon produkcji firmy Artus:\u2013 zapewnia szybszy, \u0142atwiejszy i bezpieczniejszy monta\u017c,\u2013 chroni stopk\u0119 opony przed uszkodzeniem,\u2013 zapewnia dok\u0142adne u\u0142o\u017cenie opony na feldze, warunek precyzyjnego wywa\u017cenia,\u2013 zapewnia lepsze uszczelnienie pomi\u0119dzy opon\u0105 a felg\u0105,\u2013 zawiera dodatki antykorozyjne,\u2013 jest niepalna, nietoksyczna i nieszkodliwa dla r\u0105k,\u2013 jest czysta i \u0142atwa w u\u017cyciu, skuteczna i&hellip;","_links":{"self":[{"href":"https:\/\/artus.com.pl\/en\/wp-json\/wp\/v2\/pages\/416","targetHints":{"allow":["GET"]}}],"collection":[{"href":"https:\/\/artus.com.pl\/en\/wp-json\/wp\/v2\/pages"}],"about":[{"href":"https:\/\/artus.com.pl\/en\/wp-json\/wp\/v2\/types\/page"}],"author":[{"embeddable":true,"href":"https:\/\/artus.com.pl\/en\/wp-json\/wp\/v2\/users\/2"}],"replies":[{"embeddable":true,"href":"https:\/\/artus.com.pl\/en\/wp-json\/wp\/v2\/comments?post=416"}],"version-history":[{"count":5,"href":"https:\/\/artus.com.pl\/en\/wp-json\/wp\/v2\/pages\/416\/revisions"}],"predecessor-version":[{"id":2443,"href":"https:\/\/artus.com.pl\/en\/wp-json\/wp\/v2\/pages\/416\/revisions\/2443"}],"up":[{"embeddable":true,"href":"https:\/\/artus.com.pl\/en\/wp-json\/wp\/v2\/pages\/877"}],"wp:attachment":[{"href":"https:\/\/artus.com.pl\/en\/wp-json\/wp\/v2\/media?parent=416"}],"curies":[{"name":"wp","href":"https:\/\/api.w.org\/{rel}","templated":true}]}}