{"id":2252,"date":"2023-09-07T20:06:30","date_gmt":"2023-09-07T18:06:30","guid":{"rendered":"https:\/\/artus.com.pl\/?page_id=2252"},"modified":"2025-08-14T10:00:54","modified_gmt":"2025-08-14T08:00:54","slug":"grzejki-i-inne","status":"publish","type":"page","link":"https:\/\/artus.com.pl\/en\/produkty\/grzejki-i-inne\/","title":{"rendered":"Heaters And Others"},"content":{"rendered":"<div class=\"alignwide wp-block-ugb-feature ugb-feature ugb-b3fdbc1 ugb-feature--v2 ugb-feature--design-basic ugb-feature--invert ugb-main-block\" id=\"grzejki\"><style>.ugb-b3fdbc1 .ugb-button .ugb-button--inner{color:var(--theme-palette-color-1,#f4c916) !important}.ugb-b3fdbc1 .ugb-button{border-color:var(--theme-palette-color-1,#f4c916) !important}.ugb-b3fdbc1 .ugb-button:hover{border-color:var(--theme-palette-color-1,#f4c916) !important;background-color:var(--theme-palette-color-1,#f4c916) !important;opacity:1}.ugb-b3fdbc1 .ugb-button:hover .ugb-button--inner{color:var(--theme-palette-color-4,#ffffff) !important}.ugb-b3fdbc1 .ugb-button:before{content:\"\";background-image:linear-gradient(90deg,var(--theme-palette-color-1,#f4c916),var(--theme-palette-color-1,#f4c916))}.ugb-b3fdbc1 .ugb-inner-block{text-align:left}@media screen and (min-width:768px){.ugb-b3fdbc1 .ugb-img{width:300px;height:auto !important}}<\/style><div class=\"ugb-inner-block\"><div class=\"ugb-block-content\"><div class=\"ugb-feature__item\"><div class=\"ugb-feature__content\"><h2 class=\"ugb-feature__title\">Heaters<\/h2><p class=\"ugb-feature__description\">Disposable body warmers are the perfect addition to the equipment of all outdoor enthusiasts. With a full range of options, including hand, foot, and body warmers, you can pursue your passions without worrying about low temperatures.<br>Their suitable design, ease of use, and non-toxic nature make these warmers ideal for chilly days while camping, by the sea or lake, in the great outdoors, or in a hunting blind.<\/p><div class=\"ugb-button-container\"><a class=\"ugb-button ugb-button--size-normal ugb-button--ghost-to-normal-effect ugb-button--design-ghost\" href=\"https:\/\/dlaserwisu.pl\/eng_m_Warmers-290.html\" target=\"_blank\" rel=\"noopener noreferrer\" title=\"\"><span class=\"ugb-button--inner\">Order online<\/span><\/a><\/div><\/div><div class=\"ugb-feature__image-side\"><img decoding=\"async\" class=\"ugb-feature__image ugb-img wp-image-2382 ugb-image--shape-stretch\" src=\"https:\/\/artus.com.pl\/wp-content\/uploads\/2023\/11\/Ogrzewacze-zestaw-300x200.webp\" alt=\"\" title=\"\" height=\"200\" srcset=\"https:\/\/artus.com.pl\/wp-content\/uploads\/2023\/11\/Ogrzewacze-zestaw-300x200.webp 300w, https:\/\/artus.com.pl\/wp-content\/uploads\/2023\/11\/Ogrzewacze-zestaw-18x12.webp 18w, https:\/\/artus.com.pl\/wp-content\/uploads\/2023\/11\/Ogrzewacze-zestaw.webp 500w\" sizes=\"(max-width: 300px) 100vw, 300px\" \/><\/div><\/div><\/div><\/div><\/div>\n\n\n\n<div class=\"alignwide wp-block-ugb-feature ugb-feature ugb-706900f ugb-feature--v2 ugb-feature--design-basic ugb-main-block\"><style>.ugb-706900f .ugb-button .ugb-button--inner{color:var(--theme-palette-color-1,#f4c916) !important}.ugb-706900f .ugb-button{border-color:var(--theme-palette-color-1,#f4c916) !important}.ugb-706900f .ugb-button:hover{border-color:var(--theme-palette-color-1,#f4c916) !important;background-color:var(--theme-palette-color-1,#f4c916) !important;opacity:1}.ugb-706900f .ugb-button:hover .ugb-button--inner{color:var(--theme-palette-color-4,#ffffff) !important}.ugb-706900f .ugb-button:before{content:\"\";background-image:linear-gradient(90deg,var(--theme-palette-color-1,#f4c916),var(--theme-palette-color-1,#f4c916))}.ugb-706900f .ugb-inner-block{text-align:left}@media screen and (min-width:768px){.ugb-706900f .ugb-img{width:300px;height:auto !important}}<\/style><div class=\"ugb-inner-block\"><div class=\"ugb-block-content\"><div class=\"ugb-feature__item\"><div class=\"ugb-feature__content\"><h2 class=\"ugb-feature__title\">Gloves<\/h2><p class=\"ugb-feature__description\">A wide range of professional protective gloves is capable of fully meeting the expectations of every customer. The available gloves are durable, resistant, and come in various textures, allowing you to choose a model that suits your individual needs. Their main advantage is their high resistance to chemical agents such as solvents, oils, varnishes, cooling fluids, and more.<br>These gloves will find their application not only in vulcanization plants but also in the medical industry, research laboratories, beauty salons, and tattoo parlors.<\/p><div class=\"ugb-button-container\"><a class=\"ugb-button ugb-button--size-normal ugb-button--ghost-to-normal-effect ugb-button--design-ghost\" href=\"https:\/\/dlaserwisu.pl\/eng_m_OHS-Articles_Gloves-251.html\" target=\"_blank\" rel=\"noopener noreferrer\" title=\"\"><span class=\"ugb-button--inner\">Order online<\/span><\/a><\/div><\/div><div class=\"ugb-feature__image-side\"><img decoding=\"async\" class=\"ugb-feature__image ugb-img wp-image-2319 ugb-image--shape-stretch\" src=\"https:\/\/artus.com.pl\/wp-content\/uploads\/2023\/10\/Rekawice-nitrylowe-300x199.webp\" alt=\"\" title=\"\" height=\"199\" srcset=\"https:\/\/artus.com.pl\/wp-content\/uploads\/2023\/10\/Rekawice-nitrylowe-300x199.webp 300w, https:\/\/artus.com.pl\/wp-content\/uploads\/2023\/10\/Rekawice-nitrylowe-768x508.webp 768w, https:\/\/artus.com.pl\/wp-content\/uploads\/2023\/10\/Rekawice-nitrylowe-500x331.webp 500w, https:\/\/artus.com.pl\/wp-content\/uploads\/2023\/10\/Rekawice-nitrylowe-800x530.webp 800w, https:\/\/artus.com.pl\/wp-content\/uploads\/2023\/10\/Rekawice-nitrylowe.webp 1000w\" sizes=\"(max-width: 300px) 100vw, 300px\" \/><\/div><\/div><\/div><\/div><\/div>\n\n\n\n<div class=\"alignwide wp-block-ugb-feature ugb-feature ugb-df4a997 ugb-feature--v2 ugb-feature--design-basic ugb-feature--invert ugb-main-block\"><style>.ugb-df4a997 .ugb-button .ugb-button--inner{color:var(--theme-palette-color-1,#f4c916) !important}.ugb-df4a997 .ugb-button{border-color:var(--theme-palette-color-1,#f4c916) !important}.ugb-df4a997 .ugb-button:hover{border-color:var(--theme-palette-color-1,#f4c916) !important;background-color:var(--theme-palette-color-1,#f4c916) !important;opacity:1}.ugb-df4a997 .ugb-button:hover .ugb-button--inner{color:var(--theme-palette-color-4,#ffffff) !important}.ugb-df4a997 .ugb-button:before{content:\"\";background-image:linear-gradient(90deg,var(--theme-palette-color-1,#f4c916),var(--theme-palette-color-1,#f4c916))}.ugb-df4a997 .ugb-inner-block{text-align:left}@media screen and (min-width:768px){.ugb-df4a997 .ugb-img{width:300px;height:auto !important}}<\/style><div class=\"ugb-inner-block\"><div class=\"ugb-block-content\"><div class=\"ugb-feature__item\"><div class=\"ugb-feature__content\"><h2 class=\"ugb-feature__title\">BHP Hand Cream<\/h2><p class=\"ugb-feature__description\">Working in a vulcanization plant often involves troublesome hand dirt. Washing hands thoroughly can be challenging and often leads to skin damage and irritation. Therefore, it's worth considering our hand washing creams, which, in addition to cleansing properties, nourish the skin, leaving it soft and rejuvenated. They are available in various capacities, allowing you to choose the cream that suits your needs best.<\/p><div class=\"ugb-button-container\"><a class=\"ugb-button ugb-button--size-normal ugb-button--ghost-to-normal-effect ugb-button--design-ghost\" href=\"https:\/\/dlaserwisu.pl\/eng_m_OHS-Articles_Hand-wash-paste-249.html\" target=\"_blank\" rel=\"noopener noreferrer\" title=\"\"><span class=\"ugb-button--inner\">Order online<\/span><\/a><\/div><\/div><div class=\"ugb-feature__image-side\"><img decoding=\"async\" class=\"ugb-feature__image ugb-img wp-image-2320 ugb-image--shape-stretch\" src=\"https:\/\/artus.com.pl\/wp-content\/uploads\/2023\/10\/Pasta-BHP-300x278.webp\" alt=\"\" title=\"\" height=\"278\" srcset=\"https:\/\/artus.com.pl\/wp-content\/uploads\/2023\/10\/Pasta-BHP-300x278.webp 300w, https:\/\/artus.com.pl\/wp-content\/uploads\/2023\/10\/Pasta-BHP.webp 500w\" sizes=\"(max-width: 300px) 100vw, 300px\" \/><\/div><\/div><\/div><\/div><\/div>\n\n\n\n<div class=\"alignwide wp-block-ugb-feature ugb-feature ugb-03c352b ugb-feature--v2 ugb-feature--design-basic ugb-main-block\"><style>.ugb-03c352b .ugb-button .ugb-button--inner{color:var(--theme-palette-color-1,#f4c916) !important}.ugb-03c352b .ugb-button{border-color:var(--theme-palette-color-1,#f4c916) !important}.ugb-03c352b .ugb-button:hover{border-color:var(--theme-palette-color-1,#f4c916) !important;background-color:var(--theme-palette-color-1,#f4c916) !important;opacity:1}.ugb-03c352b .ugb-button:hover .ugb-button--inner{color:var(--theme-palette-color-4,#ffffff) !important}.ugb-03c352b .ugb-button:before{content:\"\";background-image:linear-gradient(90deg,var(--theme-palette-color-1,#f4c916),var(--theme-palette-color-1,#f4c916))}.ugb-03c352b .ugb-inner-block{text-align:left}@media screen and (min-width:768px){.ugb-03c352b .ugb-img{width:240px;height:auto !important}}<\/style><div class=\"ugb-inner-block\"><div class=\"ugb-block-content\"><div class=\"ugb-feature__item\"><div class=\"ugb-feature__content\"><h2 class=\"ugb-feature__title\">Repair Kits<\/h2><p class=\"ugb-feature__description\">Repair kits for rubber products such as mattresses, pontoons, or PVC products allow you to easily and quickly eliminate leaks. They provide a tight and fast connection between the patch and the repaired surface. Each of the kits is characterized by its small size, allowing you to carry it with you at all times in case of a puncture.<\/p><div class=\"ugb-button-container\"><a class=\"ugb-button ugb-button--size-normal ugb-button--ghost-to-normal-effect ugb-button--design-ghost\" href=\"https:\/\/dlaserwisu.pl\/eng_m_Other_Matress-repair-set-282.html\" target=\"_blank\" rel=\"noopener noreferrer\" title=\"\"><span class=\"ugb-button--inner\">Order online<\/span><\/a><\/div><\/div><div class=\"ugb-feature__image-side\"><img decoding=\"async\" class=\"ugb-feature__image ugb-img wp-image-2317 ugb-image--shape-stretch\" src=\"https:\/\/artus.com.pl\/wp-content\/uploads\/2023\/10\/Latki-PCV-240x300.webp\" alt=\"\" title=\"\" height=\"300\" srcset=\"https:\/\/artus.com.pl\/wp-content\/uploads\/2023\/10\/Latki-PCV-240x300.webp 240w, https:\/\/artus.com.pl\/wp-content\/uploads\/2023\/10\/Latki-PCV-768x959.webp 768w, https:\/\/artus.com.pl\/wp-content\/uploads\/2023\/10\/Latki-PCV-500x624.webp 500w, https:\/\/artus.com.pl\/wp-content\/uploads\/2023\/10\/Latki-PCV.webp 801w\" sizes=\"(max-width: 240px) 100vw, 240px\" \/><\/div><\/div><\/div><\/div><\/div>\n\n\n\n<div class=\"alignwide wp-block-ugb-feature ugb-feature ugb-69cb07a ugb-feature--v2 ugb-feature--design-basic ugb-feature--invert ugb-main-block\" id=\"odswiezacze\"><style>.ugb-69cb07a .ugb-button .ugb-button--inner{color:var(--theme-palette-color-1,#f4c916) !important}.ugb-69cb07a .ugb-button{border-color:var(--theme-palette-color-1,#f4c916) !important}.ugb-69cb07a .ugb-button:hover{border-color:var(--theme-palette-color-1,#f4c916) !important;background-color:var(--theme-palette-color-1,#f4c916) !important;opacity:1}.ugb-69cb07a .ugb-button:hover .ugb-button--inner{color:var(--theme-palette-color-4,#ffffff) !important}.ugb-69cb07a .ugb-button:before{content:\"\";background-image:linear-gradient(90deg,var(--theme-palette-color-1,#f4c916),var(--theme-palette-color-1,#f4c916))}.ugb-69cb07a .ugb-inner-block{text-align:left}@media screen and (min-width:768px){.ugb-69cb07a .ugb-img{width:300px;height:auto !important}}<\/style><div class=\"ugb-inner-block\"><div class=\"ugb-block-content\"><div class=\"ugb-feature__item\"><div class=\"ugb-feature__content\"><h2 class=\"ugb-feature__title\">Car Air Fresheners<\/h2><p class=\"ugb-feature__description\">Little Joe car air fresheners effectively minimize unpleasant odors. The applied technology ensures a long-lasting feeling of freshness, and the scent diffuses gently and evenly, even for up to 45 days. Little Joe features a two-stage attachment system, making it easy to install on any ventilation opening.<br>Thanks to its original design, wide range of colors, and scents, it will become a perfect addition to the interior of your car.<\/p><div class=\"ugb-button-container\"><a class=\"ugb-button ugb-button--size-normal ugb-button--ghost-to-normal-effect ugb-button--design-ghost\" href=\"https:\/\/dlaserwisu.pl\/eng_m_Other_Car-air-freshener-Little-Joe-291.html\" target=\"_blank\" rel=\"noopener noreferrer\" title=\"\"><span class=\"ugb-button--inner\">Order online<\/span><\/a><\/div><\/div><div class=\"ugb-feature__image-side\"><img decoding=\"async\" class=\"ugb-feature__image ugb-img wp-image-2291 ugb-image--shape-stretch\" src=\"https:\/\/artus.com.pl\/wp-content\/uploads\/2023\/09\/Odswiezacze-samochodowe-Little-Joe-300x236.webp\" alt=\"\" title=\"\" height=\"236\" srcset=\"https:\/\/artus.com.pl\/wp-content\/uploads\/2023\/09\/Odswiezacze-samochodowe-Little-Joe-300x236.webp 300w, https:\/\/artus.com.pl\/wp-content\/uploads\/2023\/09\/Odswiezacze-samochodowe-Little-Joe-768x604.webp 768w, https:\/\/artus.com.pl\/wp-content\/uploads\/2023\/09\/Odswiezacze-samochodowe-Little-Joe-500x394.webp 500w, https:\/\/artus.com.pl\/wp-content\/uploads\/2023\/09\/Odswiezacze-samochodowe-Little-Joe-800x630.webp 800w, https:\/\/artus.com.pl\/wp-content\/uploads\/2023\/09\/Odswiezacze-samochodowe-Little-Joe.webp 1000w\" sizes=\"(max-width: 300px) 100vw, 300px\" \/><\/div><\/div><\/div><\/div><\/div>\n\n\n\n<p><\/p>","protected":false},"excerpt":{"rendered":"<p>Grzejki Jednorazowe ogrzewacze do cia\u0142a to idealne uzupe\u0142nienie wyposa\u017cenie dla wszystkich wielbicieli aktywnego sp\u0119dzania czasu. Dzi\u0119ki pe\u0142nej ofercie tj. ogrzewacze do r\u0105k, st\u00f3p i cia\u0142a, mo\u017cna realizowa\u0107 swoje pasje bez obaw o niskie temperatury.Odpowiednie wyprofilowanie, \u0142atwo\u015b\u0107 w obs\u0142udze oraz nietoksyczno\u015b\u0107 ogrzewaczy sprawia, \u017ce sprawdz\u0105 si\u0119 doskonale w ch\u0142odny dzie\u0144 na campingu, morzu lub nad jeziorem, [&hellip;]<\/p>\n","protected":false},"author":2,"featured_media":0,"parent":877,"menu_order":0,"comment_status":"closed","ping_status":"closed","template":"","meta":{"_seopress_robots_primary_cat":"","_seopress_titles_title":"Grzejki i akcesoria wulkanizacyjne \u2013 Artus sp. z o.o.","_seopress_titles_desc":"Grzejki i inne akcesoria wulkanizacyjne od Artus sp. z o.o. \u2013 wysoka jako\u015b\u0107, trwa\u0142o\u015b\u0107 i niezawodno\u015b\u0107 dla profesjonalnych serwis\u00f3w oponiarskich.","_seopress_robots_index":"","_uag_custom_page_level_css":"","_vp_format_video_url":"","_vp_image_focal_point":[],"footnotes":""},"class_list":["post-2252","page","type-page","status-publish","hentry"],"blocksy_meta":{"page_structure_type":"type-3","vertical_spacing_source":"custom","has_hero_section":"enabled","hero_section":"type-2","pageTitleFont":{"family":"Teko","variation":"n7","size":{"desktop":"50px","tablet":"50px","mobile":"50px","__changed":[]},"line-height":"CT_CSS_SKIP_RULE","letter-spacing":"CT_CSS_SKIP_RULE","text-transform":"CT_CSS_SKIP_RULE","text-decoration":"CT_CSS_SKIP_RULE"},"pageTitleFontColor":{"default":{"color":"var(--theme-palette-color-4)"}},"pageTitleBackground":{"background_type":"color","background_pattern":"type-1","background_image":{"attachment_id":null,"x":0,"y":0},"gradient":"linear-gradient(135deg,rgba(6,147,227,1) 0%,rgb(155,81,224) 100%)","background_repeat":"repeat","background_size":"auto","background_attachment":"scroll","patternColor":{"default":{"color":"#e5e7ea"}},"overlayColor":{"default":{"color":"CT_CSS_SKIP_RULE"}},"backgroundColor":{"default":{"color":"var(--theme-palette-color-3)"}}},"styles_descriptor":{"styles":{"desktop":"[data-prefix=\"single_page\"] .entry-header .page-title {--theme-font-family:Teko, Sans-Serif;--theme-font-weight:700;--theme-font-size:50px;--theme-heading-color:var(--theme-palette-color-4);} [data-prefix=\"single_page\"] .entry-header .entry-meta {--theme-font-weight:600;--theme-text-transform:uppercase;--theme-font-size:12px;--theme-line-height:1.3;} [data-prefix=\"single_page\"] .hero-section[data-type=\"type-2\"] {background-color:var(--theme-palette-color-3);background-image:none;--container-padding:50px 0px;}","tablet":"","mobile":""},"google_fonts":{"Teko":["n7"],"Prompt":["n6","n4"]},"version":6},"hero_elements":[{"id":"custom_title","enabled":true,"heading_tag":"h1","title":"Strona g\u0142\u00f3wna","__id":"ub223jbbSXRzQQZXn1UL-"},{"id":"custom_description","enabled":true,"description_visibility":{"desktop":true,"tablet":true,"mobile":false},"__id":"ibmvsusC6kKEorUeR1s7m"},{"id":"custom_meta","enabled":false,"meta_elements":[{"id":"author","enabled":true,"label":"Przez","has_author_avatar":"yes","avatar_size":25},{"id":"post_date","enabled":true,"label":"W\u0142\u0105cz","date_format_source":"default","date_format":"M j, Y"},{"id":"updated_date","enabled":false,"label":"W\u0142\u0105cz","date_format_source":"default","date_format":"M j, Y"},{"id":"categories","enabled":false,"label":"W","style":"simple"},{"id":"comments","enabled":true}],"page_meta_elements":{"joined":true,"articles_count":true,"comments":true},"__id":"p05dSm3gHAA_L7o-JIzkj"},{"id":"breadcrumbs","enabled":false,"__id":"9etU_E9c-NB9rSu66Lik5"}],"hero_height":"250px"},"featured_image_urls_v2":{"full":"","thumbnail":"","medium":"","medium_large":"","large":"","1536x1536":"","2048x2048":"","trp-custom-language-flag":"","vp_sm":"","vp_md":"","vp_lg":"","vp_xl":"","vp_sm_popup":"","vp_md_popup":"","vp_xl_popup":""},"post_excerpt_stackable_v2":"<p>GrzejkiJednorazowe ogrzewacze do cia\u0142a to idealne uzupe\u0142nienie wyposa\u017cenie dla wszystkich wielbicieli aktywnego sp\u0119dzania czasu. Dzi\u0119ki pe\u0142nej ofercie tj. ogrzewacze do r\u0105k, st\u00f3p i cia\u0142a, mo\u017cna realizowa\u0107 swoje pasje bez obaw o niskie temperatury.Odpowiednie wyprofilowanie, \u0142atwo\u015b\u0107 w obs\u0142udze oraz nietoksyczno\u015b\u0107 ogrzewaczy sprawia, \u017ce sprawdz\u0105 si\u0119 doskonale w ch\u0142odny dzie\u0144 na campingu, morzu lub nad jeziorem, w przestworzach czy na my\u015bliwskiej ambonie.Zam\u00f3w w E-sklepie R\u0119kawiczkiSzeroka gama profesjonalnych r\u0119kawiczek ochronnych jest w stanie w pe\u0142ni zaspokoi\u0107 oczekiwania ka\u017cdego klienta. Dost\u0119pne r\u0119kawiczki s\u0105 wytrzyma\u0142e, odporne oraz o r\u00f3\u017cnych fakturach co dodatkowo pozwala na wybranie modelu odpowiadaj\u0105cego indywidualnym potrzebom. Ich g\u0142\u00f3wn\u0105 zalet\u0105 jest wysoka odporno\u015b\u0107&hellip;<\/p>\n","category_list_v2":"","author_info_v2":{"name":"Dariusz Brz\u00f3ska","url":"https:\/\/artus.com.pl\/en\/author\/dariuszbrzoska\/"},"comments_num_v2":"0 comments","uagb_featured_image_src":{"full":false,"thumbnail":false,"medium":false,"medium_large":false,"large":false,"1536x1536":false,"2048x2048":false,"trp-custom-language-flag":false,"vp_sm":false,"vp_md":false,"vp_lg":false,"vp_xl":false,"vp_sm_popup":false,"vp_md_popup":false,"vp_xl_popup":false},"uagb_author_info":{"display_name":"Dariusz Brz\u00f3ska","author_link":"https:\/\/artus.com.pl\/en\/author\/dariuszbrzoska\/"},"uagb_comment_info":0,"uagb_excerpt":"Grzejki Jednorazowe ogrzewacze do cia\u0142a to idealne uzupe\u0142nienie wyposa\u017cenie dla wszystkich wielbicieli aktywnego sp\u0119dzania czasu. Dzi\u0119ki pe\u0142nej ofercie tj. ogrzewacze do r\u0105k, st\u00f3p i cia\u0142a, mo\u017cna realizowa\u0107 swoje pasje bez obaw o niskie temperatury.Odpowiednie wyprofilowanie, \u0142atwo\u015b\u0107 w obs\u0142udze oraz nietoksyczno\u015b\u0107 ogrzewaczy sprawia, \u017ce sprawdz\u0105 si\u0119 doskonale w ch\u0142odny dzie\u0144 na campingu, morzu lub nad jeziorem,&hellip;","_links":{"self":[{"href":"https:\/\/artus.com.pl\/en\/wp-json\/wp\/v2\/pages\/2252","targetHints":{"allow":["GET"]}}],"collection":[{"href":"https:\/\/artus.com.pl\/en\/wp-json\/wp\/v2\/pages"}],"about":[{"href":"https:\/\/artus.com.pl\/en\/wp-json\/wp\/v2\/types\/page"}],"author":[{"embeddable":true,"href":"https:\/\/artus.com.pl\/en\/wp-json\/wp\/v2\/users\/2"}],"replies":[{"embeddable":true,"href":"https:\/\/artus.com.pl\/en\/wp-json\/wp\/v2\/comments?post=2252"}],"version-history":[{"count":5,"href":"https:\/\/artus.com.pl\/en\/wp-json\/wp\/v2\/pages\/2252\/revisions"}],"predecessor-version":[{"id":2423,"href":"https:\/\/artus.com.pl\/en\/wp-json\/wp\/v2\/pages\/2252\/revisions\/2423"}],"up":[{"embeddable":true,"href":"https:\/\/artus.com.pl\/en\/wp-json\/wp\/v2\/pages\/877"}],"wp:attachment":[{"href":"https:\/\/artus.com.pl\/en\/wp-json\/wp\/v2\/media?parent=2252"}],"curies":[{"name":"wp","href":"https:\/\/api.w.org\/{rel}","templated":true}]}}