{"id":2038,"date":"2021-09-30T22:51:00","date_gmt":"2021-09-30T20:51:00","guid":{"rendered":"http:\/\/test.artus.com.pl\/?page_id=2038"},"modified":"2024-07-05T12:02:11","modified_gmt":"2024-07-05T10:02:11","slug":"polityka-plikow-cookies","status":"publish","type":"page","link":"https:\/\/artus.com.pl\/en\/polityka-plikow-cookies\/","title":{"rendered":"Cookie Policy"},"content":{"rendered":"<div class=\"alignwide wp-block-ugb-text ugb-text ugb-4cd018a ugb-text--design-plain ugb-text--columns-1 ugb-main-block\"><style>.ugb-4cd018a .ugb-text__text p{font-size:12px !important;text-align:left}<\/style><div class=\"ugb-inner-block\"><div class=\"ugb-block-content\"><div class=\"ugb-text__text-wrapper\"><div class=\"ugb-text__text\"><p class=\"ugb-text__text-1 translation-block\">The website uses Cookie files to collect information related to the use of the service by the Customer or another natural person.\n<br><br>\nCookies are computer data, especially small text files, saved and stored on devices through which the service user, the Customer, uses the service's website, and they enable:<br>\n- creating statistics of subpage views on the service,<br>\n- personalization of marketing messages,<br>\n- ensuring the security and reliability of the service's operation.<br>\n<br>&lt;br\nSession Cookies that are deleted after closing the web browser window and persistent Cookies, saved on devices through which the user\/Customer uses the internet service for a specified period, are used on the service.\n<br><br>\nThe service's user, Customer, can independently and at any time change the settings regarding Cookies, specifying the conditions for their storage and access by Cookies to the User's Device. The changes to the settings mentioned in the previous sentence can be made using the web browser settings or through service configuration. These settings can be changed, in particular, to block the automatic handling of Cookies in the web browser settings or to inform about the placement of Cookies on the User's Device each time. Detailed information on the possibilities and methods of handling Cookies is available in the software settings (web browser).\n<br><br>\nThe user can delete Cookies at any time using the available functions in the web browser they use.<\/p><\/div><\/div><\/div><\/div><\/div>","protected":false},"excerpt":{"rendered":"<p>Witryna wykorzystuje pliki typu Cookie w&nbsp;celu gromadzenia informacji zwi\u0105zanych z&nbsp;korzystaniem z&nbsp;serwisu przez Klienta lub inn\u0105 osob\u0119 fizyczn\u0105. Pliki typu Cookies to dane informatyczne, w&nbsp;szczeg\u00f3lno\u015bci niewielkie pliki tekstowe, zapisywane i&nbsp;przechowywane na urz\u0105dzeniach za po\u015brednictwem kt\u00f3rych u\u017cytkownik seriwsu, Klient, korzysta ze stron internetowych serwisu i&nbsp;umo\u017cliwiaj\u0105:&#8211; tworzenie statystyk ogl\u0105dalno\u015bci podstron serwisu,&#8211; personalizacji przekaz\u00f3w marketingowych,&#8211; zapewnienie bezpiecze\u0144stwa i&nbsp;niezawodno\u015bci dzia\u0142ania [&hellip;]<\/p>\n","protected":false},"author":2,"featured_media":0,"parent":0,"menu_order":0,"comment_status":"closed","ping_status":"closed","template":"","meta":{"_seopress_robots_primary_cat":"","_seopress_titles_title":"","_seopress_titles_desc":"","_seopress_robots_index":"","_uag_custom_page_level_css":"","_vp_format_video_url":"","_vp_image_focal_point":[],"footnotes":""},"class_list":["post-2038","page","type-page","status-publish","hentry"],"blocksy_meta":{"page_title_panel":"","has_hero_section":"enabled","8ebc820ab38598fd9a349ae2892f4b00":"","hero_section":"type-2","hero_elements":[{"id":"custom_title","enabled":true,"heading_tag":"h1","title":"Home"},{"id":"custom_description","enabled":true,"description_visibility":{"desktop":true,"tablet":true,"mobile":false}},{"id":"custom_meta","enabled":false,"meta_elements":[{"id":"author","enabled":true,"label":"By","has_author_avatar":"yes","avatar_size":25},{"id":"post_date","enabled":true,"label":"On","date_format_source":"default","date_format":"M j, Y"},{"id":"updated_date","enabled":false,"label":"On","date_format_source":"default","date_format":"M j, Y"},{"id":"categories","enabled":false,"label":"In","style":"simple"},{"id":"comments","enabled":true}],"page_meta_elements":{"joined":true,"articles_count":true,"comments":true}},{"id":"breadcrumbs","enabled":false}],"060fe59407d554f1c870c8c8add4d1de":"","hero_alignment1":"CT_CSS_SKIP_RULE","hero_margin":40,"hero_alignment2":"center","hero_vertical_alignment":"center","12332dfb49b459a7b5ab8ea4436b3290":"","hero_structure":"narrow","f7e9ab60db72db62766d09b14e08014f":"","page_title_bg_type":"color","custom_hero_background":{"attachment_id":null},"parallax":{"desktop":false,"tablet":false,"mobile":false},"d6537ed5d56934c876fa3d18341bff0a":"","hero_height":{"0":"2","1":"5","2":"0","3":"p","4":"x","desktop":"100px","tablet":"100px","mobile":"100px","__changed":[]},"pageTitleFont":{"family":"Teko","variation":"n7","size":{"desktop":"50px","tablet":"30px","mobile":"25px","__changed":[]},"line-height":"CT_CSS_SKIP_RULE","letter-spacing":"CT_CSS_SKIP_RULE","text-transform":"uppercase","text-decoration":"CT_CSS_SKIP_RULE"},"pageTitleFontColor":{"default":{"color":"var(--theme-palette-color-4)"}},"pageMetaFont":{"family":"Default","variation":"n6","size":"12px","line-height":"1.3","letter-spacing":"CT_CSS_SKIP_RULE","text-transform":"uppercase","text-decoration":"CT_CSS_SKIP_RULE"},"pageMetaFontColor":{"default":{"color":"CT_CSS_SKIP_RULEDEFAULT"},"hover":{"color":"CT_CSS_SKIP_RULEDEFAULT"}},"page_meta_button_type_font_colors":{"default":{"color":"CT_CSS_SKIP_RULEDEFAULT"},"hover":{"color":"CT_CSS_SKIP_RULEDEFAULT"}},"page_meta_button_type_background_colors":{"default":{"color":"CT_CSS_SKIP_RULEDEFAULT"},"hover":{"color":"CT_CSS_SKIP_RULEDEFAULT"}},"pageExcerptFont":{"family":"Default","variation":"Default","size":"CT_CSS_SKIP_RULE","line-height":"CT_CSS_SKIP_RULE","letter-spacing":"CT_CSS_SKIP_RULE","text-transform":"CT_CSS_SKIP_RULE","text-decoration":"CT_CSS_SKIP_RULE"},"pageExcerptColor":{"default":{"color":"CT_CSS_SKIP_RULEDEFAULT"}},"breadcrumbsFont":{"family":"Default","variation":"Default","size":"CT_CSS_SKIP_RULE","line-height":"CT_CSS_SKIP_RULE","letter-spacing":"CT_CSS_SKIP_RULE","text-transform":"CT_CSS_SKIP_RULE","text-decoration":"CT_CSS_SKIP_RULE"},"breadcrumbsFontColor":{"default":{"color":"CT_CSS_SKIP_RULEDEFAULT"},"initial":{"color":"CT_CSS_SKIP_RULEDEFAULT"},"hover":{"color":"CT_CSS_SKIP_RULEDEFAULT"}},"pageTitleOverlay":{"background_type":"color","background_pattern":"type-1","background_image":{"attachment_id":null,"x":0,"y":0},"gradient":"linear-gradient(135deg,rgba(6,147,227,1) 0%,rgb(155,81,224) 100%)","background_repeat":"repeat","background_size":"auto","background_attachment":"scroll","patternColor":{"default":{"color":"#e5e7ea"}},"overlayColor":{"default":{"color":"CT_CSS_SKIP_RULE"}},"backgroundColor":{"default":{"color":"CT_CSS_SKIP_RULE"}}},"pageTitleBackground":{"background_type":"color","background_pattern":"type-1","background_image":{"attachment_id":null,"x":0,"y":0},"gradient":"linear-gradient(135deg,rgba(6,147,227,1) 0%,rgb(155,81,224) 100%)","background_repeat":"repeat","background_size":"auto","background_attachment":"scroll","patternColor":{"default":{"color":"#e5e7ea"}},"overlayColor":{"default":{"color":"CT_CSS_SKIP_RULE"}},"backgroundColor":{"default":{"color":"var(--theme-palette-color-3)"}}},"pageTitlePadding":{"desktop":{"top":"0px","bottom":"0px","left":"auto","right":"auto","linked":true},"tablet":{"top":"0px","bottom":"0px","left":"auto","right":"auto","linked":true},"mobile":{"top":"0px","bottom":"0px","left":"auto","right":"auto","linked":true},"__changed":[]},"cd601a42592a5fdeac632f9c9a94a1d3":"","page_structure_type":"type-3","a315fac03f275596669abc30c0d69bcb":"","content_style_source":"inherit","content_style":"wide","vertical_spacing_source":"custom","content_area_spacing":"both","background":{"background_type":"color","background_pattern":"type-1","background_image":{"attachment_id":null,"x":0,"y":0},"gradient":"linear-gradient(135deg,rgba(6,147,227,1) 0%,rgb(155,81,224) 100%)","background_repeat":"repeat","background_size":"auto","background_attachment":"scroll","patternColor":{"default":{"color":"#e5e7ea"}},"overlayColor":{"default":{"color":"CT_CSS_SKIP_RULE"}},"backgroundColor":{"default":{"color":"CT_CSS_SKIP_RULE"}}},"content_background":{"background_type":"color","background_pattern":"type-1","background_image":{"attachment_id":null,"x":0,"y":0},"gradient":"linear-gradient(135deg,rgba(6,147,227,1) 0%,rgb(155,81,224) 100%)","background_repeat":"repeat","background_size":"auto","background_attachment":"scroll","patternColor":{"default":{"color":"#e5e7ea"}},"overlayColor":{"default":{"color":"CT_CSS_SKIP_RULE"}},"backgroundColor":{"default":{"color":"var(--theme-palette-color-8)"}}},"content_boxed_shadow":{"inherit":false,"blur":18,"spread":-6,"v_offset":12,"h_offset":0,"inset":false,"enable":true,"color":{"color":"rgba(34, 56, 101, 0.04)"}},"boxed_content_spacing":{"desktop":{"top":"40px","bottom":"40px","left":"40px","right":"40px","linked":true},"tablet":{"top":"35px","bottom":"35px","left":"35px","right":"35px","linked":true},"mobile":{"top":"20px","bottom":"20px","left":"20px","right":"20px","linked":true}},"content_boxed_radius":{"top":"3px","bottom":"3px","left":"3px","right":"3px","linked":true},"e1646ea1167e9aa55d57eef5198b291a":"","disable_featured_image":"no","disable_header":"no","disable_footer":"no","styles_descriptor":{"styles":{"desktop":"[data-prefix=\"single_page\"] .entry-header .page-title {--theme-font-family:Teko, Sans-Serif;--theme-font-weight:700;--theme-text-transform:uppercase;--theme-font-size:50px;--theme-heading-color:var(--theme-palette-color-4);} [data-prefix=\"single_page\"] .entry-header .entry-meta {--theme-font-weight:600;--theme-text-transform:uppercase;--theme-font-size:12px;--theme-line-height:1.3;} [data-prefix=\"single_page\"] .hero-section[data-type=\"type-2\"] {--min-height:100px;background-color:var(--theme-palette-color-3);background-image:none;--container-padding:0px 0;}","tablet":"[data-prefix=\"single_page\"] .entry-header .page-title {--theme-font-size:30px;}","mobile":"[data-prefix=\"single_page\"] .entry-header .page-title {--theme-font-size:25px;}"},"google_fonts":{"Teko":["n7"],"Prompt":["n6","n4"]},"version":6},"f82337538a1c0080959343e16e667af5":"","5ceb53d669201549ff8b594947eba4c9":"","6a55d0ac7db59c28c817655a05fcfaf0":"","b61da9190cb1113ff49a2194e9d00889":"","b0b7ace473c9d8e8924732fbf0c0fef8":"","a1c9fdc86c319dabbfd0695a26d53a61":"","b0dc8205662cdcf905f5676d1bc0bf65":"","7cf941aa32cd3953ff9022caf3060f86":""},"featured_image_urls_v2":{"full":"","thumbnail":"","medium":"","medium_large":"","large":"","1536x1536":"","2048x2048":"","trp-custom-language-flag":"","vp_sm":"","vp_md":"","vp_lg":"","vp_xl":"","vp_sm_popup":"","vp_md_popup":"","vp_xl_popup":""},"post_excerpt_stackable_v2":"<p>Witryna wykorzystuje pliki typu Cookie w&nbsp;celu gromadzenia informacji zwi\u0105zanych z&nbsp;korzystaniem z&nbsp;serwisu przez Klienta lub inn\u0105 osob\u0119 fizyczn\u0105.Pliki typu Cookies to dane informatyczne, w&nbsp;szczeg\u00f3lno\u015bci niewielkie pliki tekstowe, zapisywane i&nbsp;przechowywane na urz\u0105dzeniach za po\u015brednictwem kt\u00f3rych u\u017cytkownik seriwsu, Klient, korzysta ze stron internetowych serwisu i&nbsp;umo\u017cliwiaj\u0105:&#8211; tworzenie statystyk ogl\u0105dalno\u015bci podstron serwisu,&#8211; personalizacji przekaz\u00f3w marketingowych,&#8211; zapewnienie bezpiecze\u0144stwa i&nbsp;niezawodno\u015bci dzia\u0142ania serwisuW serwisie wykorzystywane s\u0105 Cookies sesyjne, ulegaj\u0105ce skasowaniu po zamkni\u0119cia okna przegl\u0105darki internetowej, jak i&nbsp;Cookies trwa\u0142e, zapisywane w&nbsp;urz\u0105dzeniach za po\u015brednictwem kt\u00f3rych u\u017cytkownik\/Klient korzysta z&nbsp;serwisu internetowego na okre\u015blony czas.U\u017cytkownik serwisu, Klient, mo\u017ce samodzielnie i&nbsp;w ka\u017cdym czasie zmieni\u0107 ustawienia dotycz\u0105ce plik\u00f3w Cookies, okre\u015blaj\u0105c warunki ich przechowywania i&nbsp;uzyskiwania dost\u0119pu&hellip;<\/p>\n","category_list_v2":"","author_info_v2":{"name":"Dariusz Brz\u00f3ska","url":"https:\/\/artus.com.pl\/en\/author\/dariuszbrzoska\/"},"comments_num_v2":"0 comments","uagb_featured_image_src":{"full":false,"thumbnail":false,"medium":false,"medium_large":false,"large":false,"1536x1536":false,"2048x2048":false,"trp-custom-language-flag":false,"vp_sm":false,"vp_md":false,"vp_lg":false,"vp_xl":false,"vp_sm_popup":false,"vp_md_popup":false,"vp_xl_popup":false},"uagb_author_info":{"display_name":"Dariusz Brz\u00f3ska","author_link":"https:\/\/artus.com.pl\/en\/author\/dariuszbrzoska\/"},"uagb_comment_info":0,"uagb_excerpt":"Witryna wykorzystuje pliki typu Cookie w&nbsp;celu gromadzenia informacji zwi\u0105zanych z&nbsp;korzystaniem z&nbsp;serwisu przez Klienta lub inn\u0105 osob\u0119 fizyczn\u0105. Pliki typu Cookies to dane informatyczne, w&nbsp;szczeg\u00f3lno\u015bci niewielkie pliki tekstowe, zapisywane i&nbsp;przechowywane na urz\u0105dzeniach za po\u015brednictwem kt\u00f3rych u\u017cytkownik seriwsu, Klient, korzysta ze stron internetowych serwisu i&nbsp;umo\u017cliwiaj\u0105:&#8211; tworzenie statystyk ogl\u0105dalno\u015bci podstron serwisu,&#8211; personalizacji przekaz\u00f3w marketingowych,&#8211; zapewnienie bezpiecze\u0144stwa i&nbsp;niezawodno\u015bci dzia\u0142ania&hellip;","_links":{"self":[{"href":"https:\/\/artus.com.pl\/en\/wp-json\/wp\/v2\/pages\/2038","targetHints":{"allow":["GET"]}}],"collection":[{"href":"https:\/\/artus.com.pl\/en\/wp-json\/wp\/v2\/pages"}],"about":[{"href":"https:\/\/artus.com.pl\/en\/wp-json\/wp\/v2\/types\/page"}],"author":[{"embeddable":true,"href":"https:\/\/artus.com.pl\/en\/wp-json\/wp\/v2\/users\/2"}],"replies":[{"embeddable":true,"href":"https:\/\/artus.com.pl\/en\/wp-json\/wp\/v2\/comments?post=2038"}],"version-history":[{"count":4,"href":"https:\/\/artus.com.pl\/en\/wp-json\/wp\/v2\/pages\/2038\/revisions"}],"predecessor-version":[{"id":2084,"href":"https:\/\/artus.com.pl\/en\/wp-json\/wp\/v2\/pages\/2038\/revisions\/2084"}],"wp:attachment":[{"href":"https:\/\/artus.com.pl\/en\/wp-json\/wp\/v2\/media?parent=2038"}],"curies":[{"name":"wp","href":"https:\/\/api.w.org\/{rel}","templated":true}]}}