{"id":10,"date":"2021-09-09T18:39:39","date_gmt":"2021-09-09T16:39:39","guid":{"rendered":"http:\/\/test.artus.com.pl\/?page_id=10"},"modified":"2025-08-14T09:55:15","modified_gmt":"2025-08-14T07:55:15","slug":"kontakt","status":"publish","type":"page","link":"https:\/\/artus.com.pl\/en\/kontakt\/","title":{"rendered":"Contact"},"content":{"rendered":"<div class=\"wp-block-uagb-container uagb-block-cebca247 alignfull uagb-is-root-container\"><div class=\"uagb-container-inner-blocks-wrap\">\n<div class=\"wp-block-uagb-container uagb-block-79fa7ad1\">\t\t\t<div \n\t\t\tclass=\"wp-block-uagb-google-map uagb-google-map__wrap uagb-block-9dead6aa\"\n\t\t\tstyle=\"\" >\n\t\t\t\t<embed\n\t\t\t\t\tclass=\"uagb-google-map__iframe\"\n\t\t\t\t\ttitle=\"Google Map for \"\n\t\t\t\t\tsrc=\"https:\/\/maps.google.com\/maps?q=Artus%20sp.%20z%20o.o.%20%20M.%20Sk%C5%82odowskiej-Curie%2075&#038;z=17&#038;hl=pl&#038;t=m&#038;output=embed&#038;iwloc=near\"\n\t\t\t\t\twidth=\"640\"\n\t\t\t\t\theight=\"500\"\n\t\t\t\t\tloading=\"lazy\"\n\t\t\t\t><\/embed>\n\t\t\t<\/div>\n\t\t\t<\/div>\n\n\n\n<div class=\"wp-block-uagb-container uagb-block-78324488\">\n<p><strong>Artus sp. z o.o.<\/strong><br>75 Marii Sk\u0142odowskiej-Curie Street<br>87-100 Torun<br>Email:\u00a0<a href=\"mailto:biuro@artus.com.pl\" target=\"_blank\" rel=\"noreferrer noopener\">biuro@artus.com.pl<\/a><br>Monday - Friday | 8:00 AM - 4:00 PM<\/p>\n\n\n\n<p>Reception:<br>Phone:&nbsp;<a rel=\"noreferrer noopener\" href=\"tel:+48566453524\" target=\"_blank\">+48 56 645 35 24<\/a><br>fax. +48 56 648 09 41<\/p>\n\n\n\n<p>Sales Department:<br>Phone:&nbsp;<a href=\"tel:+48566453524\" target=\"_blank\" rel=\"noreferrer noopener\">+48 56 645 35 24<\/a><br>Mobile:&nbsp;<a href=\"tel:+48607775424\" target=\"_blank\" rel=\"noreferrer noopener\">+48 607 775 424<\/a><br>Email:&nbsp;<a rel=\"noreferrer noopener\" href=\"mailto:handel@artus.com.pl\" target=\"_blank\">handel@artus.com.pl<\/a><a href=\"https:\/\/web.archive.org\/web\/20210306230417\/mailto:%20handel@artus.com.pl\"><\/a><\/p>\n\n\n\n<p>Store:<br>Phone:&nbsp;<a href=\"tel:+48566482778\" target=\"_blank\" rel=\"noreferrer noopener\">+48 56 648 27 78<\/a><br>Mobile:&nbsp;<a href=\"tel:+48609850360\" target=\"_blank\" rel=\"noreferrer noopener\">+48 609 850 360<\/a><\/p>\n\n\n\n<p>KRS: 0000554716 | NIP: 8792678146 | REGON: 361331912<\/p>\n<\/div>\n<\/div><\/div>","protected":false},"excerpt":{"rendered":"<p>Artus sp. z o.o.ul. Marii Sk\u0142odowskiej-Curie 7587-100 Toru\u0144e-mail:\u00a0biuro@artus.com.plczynne: poniedzia\u0142ek \u2013 pi\u0105tek | 8:00 \u2013 16:00 Sekretariat:tel.&nbsp;+48 56 645 35 24fax. +48 56 648 09 41 Dzia\u0142 Handlowy:tel.&nbsp;+48 56 645 35 24kom.&nbsp;+48 607 775 424e-mail:&nbsp;handel@artus.com.pl Sklep:tel.&nbsp;+48 56 648 27 78kom.&nbsp;+48 609 850 360 KRS: 0000554716 | NIP: 8792678146 | REGON: 361331912<\/p>","protected":false},"author":2,"featured_media":0,"parent":0,"menu_order":0,"comment_status":"closed","ping_status":"closed","template":"","meta":{"_seopress_robots_primary_cat":"","_seopress_titles_title":"Artus Sp. z o.o. \u2013 Hurtownia materia\u0142\u00f3w wulkanizacyjnych dla serwis\u00f3w","_seopress_titles_desc":"","_seopress_robots_index":"","_uag_custom_page_level_css":"","_vp_format_video_url":"","_vp_image_focal_point":[],"footnotes":""},"class_list":["post-10","page","type-page","status-publish","hentry"],"blocksy_meta":{"styles_descriptor":{"styles":{"desktop":"[data-prefix=\"single_page\"] .entry-header .page-title {--theme-font-family:Teko, Sans-Serif;--theme-font-weight:700;--theme-text-transform:uppercase;--theme-font-size:50px;--theme-heading-color:var(--theme-palette-color-4);} [data-prefix=\"single_page\"] .entry-header .entry-meta {--theme-font-weight:600;--theme-text-transform:uppercase;--theme-font-size:12px;--theme-line-height:1.3;} [data-prefix=\"single_page\"] .entry-header .page-description {--theme-font-family:Prompt, Sans-Serif;--theme-font-weight:400;} [data-prefix=\"single_page\"] .hero-section[data-type=\"type-2\"] {--min-height:100px;background-color:var(--theme-palette-color-3);background-image:none;--container-padding:0px 0;}","tablet":"[data-prefix=\"single_page\"] .entry-header .page-title {--theme-font-size:30px;}","mobile":"[data-prefix=\"single_page\"] .entry-header .page-title {--theme-font-size:25px;}"},"google_fonts":{"Teko":["n7"],"Prompt":["n6","n4"]},"version":6},"page_title_panel":"","has_hero_section":"enabled","8ecedfbb6b83cccec45bc3ec9f7ca1a9":"","hero_section":"type-2","hero_elements":[{"id":"custom_title","enabled":true,"heading_tag":"h1","title":"Home","__id":"PabSdYaQYWxamS_3L0b9Q"},{"id":"custom_description","enabled":true,"description_visibility":{"desktop":true,"tablet":true,"mobile":false},"__id":"Ks2XUsR0C5wUiS8KQ8mHo"},{"id":"custom_meta","enabled":false,"meta_elements":[{"id":"author","enabled":true,"label":"By","has_author_avatar":"yes","avatar_size":25},{"id":"post_date","enabled":true,"label":"On","date_format_source":"default","date_format":"M j, Y"},{"id":"updated_date","enabled":false,"label":"On","date_format_source":"default","date_format":"M j, Y"},{"id":"categories","enabled":false,"label":"In","style":"simple"},{"id":"comments","enabled":true}],"page_meta_elements":{"joined":true,"articles_count":true,"comments":true},"__id":"0t3-kPry2s88j5TNKQrZp"},{"id":"breadcrumbs","enabled":false,"__id":"wQl9ys_XdOBp3kOln2xYh"}],"d3c1e011358074e0ca0e3707ee7e2c5d":"","hero_alignment1":"CT_CSS_SKIP_RULE","hero_margin":40,"hero_alignment2":"center","hero_vertical_alignment":"center","49fa4514440b0777aff06701f55c471d":"","hero_structure":"narrow","e35f09a04332eb8ce49d416d2870b517":"","page_title_bg_type":"color","custom_hero_background":{"attachment_id":null},"parallax":{"desktop":false,"tablet":false,"mobile":false},"2b71b322e0b15abc057dc8462113f8f6":"","hero_height":{"0":"2","1":"5","2":"0","3":"p","4":"x","desktop":"100px","tablet":"100px","mobile":"100px","__changed":[]},"pageTitleFont":{"family":"Teko","variation":"n7","size":{"desktop":"50px","tablet":"30px","mobile":"25px","__changed":[]},"line-height":"CT_CSS_SKIP_RULE","letter-spacing":"CT_CSS_SKIP_RULE","text-transform":"uppercase","text-decoration":"CT_CSS_SKIP_RULE"},"pageTitleFontColor":{"default":{"color":"var(--theme-palette-color-4)"}},"pageMetaFont":{"family":"Default","variation":"n6","size":"12px","line-height":"1.3","letter-spacing":"CT_CSS_SKIP_RULE","text-transform":"uppercase","text-decoration":"CT_CSS_SKIP_RULE"},"pageMetaFontColor":{"default":{"color":"CT_CSS_SKIP_RULEDEFAULT"},"hover":{"color":"CT_CSS_SKIP_RULEDEFAULT"}},"page_meta_button_type_font_colors":{"default":{"color":"CT_CSS_SKIP_RULEDEFAULT"},"hover":{"color":"CT_CSS_SKIP_RULEDEFAULT"}},"page_meta_button_type_background_colors":{"default":{"color":"CT_CSS_SKIP_RULEDEFAULT"},"hover":{"color":"CT_CSS_SKIP_RULEDEFAULT"}},"pageExcerptFont":{"family":"Prompt","variation":"n4","size":"CT_CSS_SKIP_RULE","line-height":"CT_CSS_SKIP_RULE","letter-spacing":"CT_CSS_SKIP_RULE","text-transform":"CT_CSS_SKIP_RULE","text-decoration":"CT_CSS_SKIP_RULE"},"pageExcerptColor":{"default":{"color":"CT_CSS_SKIP_RULEDEFAULT"}},"breadcrumbsFont":{"family":"Default","variation":"Default","size":"CT_CSS_SKIP_RULE","line-height":"CT_CSS_SKIP_RULE","letter-spacing":"CT_CSS_SKIP_RULE","text-transform":"CT_CSS_SKIP_RULE","text-decoration":"CT_CSS_SKIP_RULE"},"breadcrumbsFontColor":{"default":{"color":"CT_CSS_SKIP_RULEDEFAULT"},"initial":{"color":"CT_CSS_SKIP_RULEDEFAULT"},"hover":{"color":"CT_CSS_SKIP_RULEDEFAULT"}},"pageTitleOverlay":{"default":{"color":"CT_CSS_SKIP_RULE"}},"pageTitleBackground":{"background_type":"color","background_pattern":"type-7","background_image":{"attachment_id":null,"x":0,"y":0},"gradient":"linear-gradient(135deg,rgba(6,147,227,1) 0%,rgb(155,81,224) 100%)","background_repeat":"no-repeat","background_size":"auto","background_attachment":"scroll","patternColor":{"default":{"color":"var(--theme-palette-color-2)"}},"overlayColor":{"default":{"color":"CT_CSS_SKIP_RULE"}},"backgroundColor":{"default":{"color":"var(--theme-palette-color-3)"}}},"pageTitlePadding":{"top":"50px","bottom":"50px","left":"auto","right":"auto","linked":true,"desktop":{"top":"0px","bottom":"0px","left":"auto","right":"auto","linked":true},"tablet":{"top":"0px","bottom":"0px","left":"auto","right":"auto","linked":true},"mobile":{"top":"0px","bottom":"0px","left":"auto","right":"auto","linked":true},"__changed":[]},"13077cb259600c5b26da884262000a13":"","page_structure_type":"type-4","7015297c3ada44467582c71083161ffe":"","content_style_source":"inherit","content_style":"wide","vertical_spacing_source":"custom","content_area_spacing":"both","background":{"background_type":"color","background_pattern":"type-1","background_image":{"attachment_id":null,"x":0,"y":0},"gradient":"linear-gradient(135deg,rgba(6,147,227,1) 0%,rgb(155,81,224) 100%)","background_repeat":"no-repeat","background_size":"auto","background_attachment":"scroll","patternColor":{"default":{"color":"#e5e7ea"}},"overlayColor":{"default":{"color":"CT_CSS_SKIP_RULE"}},"backgroundColor":{"default":{"color":"CT_CSS_SKIP_RULE"}}},"content_background":{"background_type":"color","background_pattern":"type-1","background_image":{"attachment_id":null,"x":0,"y":0},"gradient":"linear-gradient(135deg,rgba(6,147,227,1) 0%,rgb(155,81,224) 100%)","background_repeat":"no-repeat","background_size":"auto","background_attachment":"scroll","patternColor":{"default":{"color":"#e5e7ea"}},"overlayColor":{"default":{"color":"CT_CSS_SKIP_RULE"}},"backgroundColor":{"default":{"color":"var(--theme-palette-color-8)"}}},"content_boxed_shadow":{"inherit":false,"blur":18,"spread":-6,"v_offset":12,"h_offset":0,"inset":false,"enable":true,"color":{"color":"rgba(34, 56, 101, 0.04)"}},"boxed_content_spacing":{"desktop":{"top":"40px","bottom":"40px","left":"40px","right":"40px","linked":true},"tablet":{"top":"35px","bottom":"35px","left":"35px","right":"35px","linked":true},"mobile":{"top":"20px","bottom":"20px","left":"20px","right":"20px","linked":true}},"content_boxed_radius":{"top":"3px","bottom":"3px","left":"3px","right":"3px","linked":true},"030d646a256c566b08a6bea2fccd5729":"","disable_featured_image":"no","disable_header":"no","disable_footer":"no","4ccaf3122b08840ba148c75f7d14d39b":"","954648cf79089a9f8114c7bcdccddde2":"","5a1861af2532776dea2111822e1596dc":"","05a470ca0f2b7cf3183784adbcc61c92":"","6dbf442cb5079023b77da6508558747c":"","2885e1accb3a30dd071d17545414aadd":"","c2759889cdf0f0c9cd8bc67180405878":"","5e0607d648e4ea640e22b104d806d909":"","fbaa6d2a86e947cb7f2e2f04c00991ca":"","c7877083a77a701771e9e7450d10d251":"","d098f79c1dbc46bb6355a9a2f23e1de5":"","24db3cd8e938ecfbda79f4155f65e744":"","d8e4e25fca844d5735ae0ab743e998d7":"","082540dd5b636a70738d84395f19b0f1":"","350d8f85c9d79f660f7990316224837f":"","56ba94e43b8f74f85e122813a8e50213":"","8af3d397287c07a14b0bb13d5aa4206c":"","6f8b00817bda90656b410320f2a83bbe":"","eba74534ef5f92398cb44d0341e6c7c9":"","d3699b03adb9c60b6deded06e6037aa1":"","eb1a54a702501c65f19745fdf7ac068d":"","16d44fdd70f8d1c6a35f7a78667a86d0":"","7e06104628a6ee5aad835394aa4837d0":"","2dd77cd62bb87ecb268c25fbdb66a5ca":"","438039c1f64f57ff322ac3d36eb64ef2":"","61df6954197e99b95ae12e828f0a1487":"","968fee7088180cc876a3069e42f39ff6":"","4710fcb0aa2d925996f5fa1dd551362d":"","4ef5dd8356539d1a07408f1ecd05db5a":"","5517cde4e63e71816f2980833fed93a8":"","245e0150f6255254d0c8863ecc254497":"","aea1c9aecb43407e680b787548ae94d5":"","77603b4b00f423efb8fe1353cbcc13a3":"","32ff033edf8d77782f5fe325f21e6c47":"","edebfa67feb1a271750fe2018486ba89":"","3afad91f6829f87132be0a823427b056":"","9f90fb57e410bab8201f86ec79df33d7":"","9472c16f3337944ecb3f16e98e78090d":"","b1883e01170ac00223b6abc112ef3e15":"","0ada0baca252229a7986d4252e849d9a":"","d40c6903e5a08b6997bf64dcc5cee43c":"","7fb79e4e2c25de5a1ff72c3b40ca5bc3":"","b9665df0e2fc8dc03a12edd222305c36":"","f2434cccad332033d3c24e511d8d00ae":"","2d3befe7e5ee214f4fa80aa66a41a4e5":"","d2035f16f6a913759d8eecbde77efd21":"","8b1d93d84e4d43ec9a914809941ed45f":"","d22d6718cff0ff7b1ae3d0ca4fbd1b62":""},"featured_image_urls_v2":{"full":"","thumbnail":"","medium":"","medium_large":"","large":"","1536x1536":"","2048x2048":"","trp-custom-language-flag":"","vp_sm":"","vp_md":"","vp_lg":"","vp_xl":"","vp_sm_popup":"","vp_md_popup":"","vp_xl_popup":""},"post_excerpt_stackable_v2":"<p>Artus sp. z o.o.ul. Marii Sk\u0142odowskiej-Curie 7587-100 Toru\u0144e-mail:\u00a0biuro@artus.com.plczynne: poniedzia\u0142ek \u2013 pi\u0105tek | 8:00 \u2013 16:00 Sekretariat:tel.&nbsp;+48 56 645 35 24fax. +48 56 648 09 41 Dzia\u0142 Handlowy:tel.&nbsp;+48 56 645 35 24kom.&nbsp;+48 607 775 424e-mail:&nbsp;handel@artus.com.pl Sklep:tel.&nbsp;+48 56 648 27 78kom.&nbsp;+48 609 850 360 KRS: 0000554716 | NIP: 8792678146 | REGON: 361331912<\/p>\n","category_list_v2":"","author_info_v2":{"name":"Dariusz Brz\u00f3ska","url":"https:\/\/artus.com.pl\/en\/author\/dariuszbrzoska\/"},"comments_num_v2":"0 comments","uagb_featured_image_src":{"full":false,"thumbnail":false,"medium":false,"medium_large":false,"large":false,"1536x1536":false,"2048x2048":false,"trp-custom-language-flag":false,"vp_sm":false,"vp_md":false,"vp_lg":false,"vp_xl":false,"vp_sm_popup":false,"vp_md_popup":false,"vp_xl_popup":false},"uagb_author_info":{"display_name":"Dariusz Brz\u00f3ska","author_link":"https:\/\/artus.com.pl\/en\/author\/dariuszbrzoska\/"},"uagb_comment_info":0,"uagb_excerpt":"Artus sp. z o.o.ul. Marii Sk\u0142odowskiej-Curie 7587-100 Toru\u0144e-mail:\u00a0biuro@artus.com.plczynne: poniedzia\u0142ek \u2013 pi\u0105tek | 8:00 \u2013 16:00 Sekretariat:tel.&nbsp;+48 56 645 35 24fax. +48 56 648 09 41 Dzia\u0142 Handlowy:tel.&nbsp;+48 56 645 35 24kom.&nbsp;+48 607 775 424e-mail:&nbsp;handel@artus.com.pl Sklep:tel.&nbsp;+48 56 648 27 78kom.&nbsp;+48 609 850 360 KRS: 0000554716 | NIP: 8792678146 | REGON: 361331912","_links":{"self":[{"href":"https:\/\/artus.com.pl\/en\/wp-json\/wp\/v2\/pages\/10","targetHints":{"allow":["GET"]}}],"collection":[{"href":"https:\/\/artus.com.pl\/en\/wp-json\/wp\/v2\/pages"}],"about":[{"href":"https:\/\/artus.com.pl\/en\/wp-json\/wp\/v2\/types\/page"}],"author":[{"embeddable":true,"href":"https:\/\/artus.com.pl\/en\/wp-json\/wp\/v2\/users\/2"}],"replies":[{"embeddable":true,"href":"https:\/\/artus.com.pl\/en\/wp-json\/wp\/v2\/comments?post=10"}],"version-history":[{"count":5,"href":"https:\/\/artus.com.pl\/en\/wp-json\/wp\/v2\/pages\/10\/revisions"}],"predecessor-version":[{"id":2457,"href":"https:\/\/artus.com.pl\/en\/wp-json\/wp\/v2\/pages\/10\/revisions\/2457"}],"wp:attachment":[{"href":"https:\/\/artus.com.pl\/en\/wp-json\/wp\/v2\/media?parent=10"}],"curies":[{"name":"wp","href":"https:\/\/api.w.org\/{rel}","templated":true}]}}